{"id":120312,"date":"2025-11-02T00:00:00","date_gmt":"2025-11-02T05:00:00","guid":{"rendered":"https:\/\/gpl-love.com\/es\/?post_type=product&#038;p=120312"},"modified":"2026-04-10T11:23:40","modified_gmt":"2026-04-10T16:23:40","slug":"salesking-ultimate-sales-team-agents-y-reps-plugin-para-woocommerce","status":"publish","type":"product","link":"https:\/\/gpl-love.com\/es\/producto\/salesking-ultimate-sales-team-agents-y-reps-plugin-para-woocommerce\/","title":{"rendered":"SalesKing Ultimate Sales Team Agents y Reps Plugin para WooCommerce 1.7.85"},"content":{"rendered":"<h3>SalesKing Ultimate Sales Team Agents y Reps Plugin para WooCommerce Caracteristicas<\/h3>\n<p>El complemento de agentes y representantes de los equipos de ventas de Salesking Ultimate para WooCommerce es una herramienta incre\u00edblemente robusta y potente que ha sido meticulosamente elaborada para satisfacer las necesidades de las empresas que buscan fervientemente mejorar y optimizar su proceso de venta. Al integrarse sin problemas con la plataforma WooCommerce y con una interfaz excepcionalmente f\u00e1cil e intuitiva e intuitiva, este complemento le capacita administrar competuamente su estimado equipo de ventas asignando agentes y representantes de ADEP portafolio. Adem\u00e1s, este complemento extraordinario est\u00e1 repleto de una variedad de caracter\u00edsticas invaluables que incluyen, pero ciertamente no se limitan a la provisi\u00f3n de informes de ventas en tiempo real, un seguimiento meticuloso y el monitoreo de comisiones, as\u00ed como una integraci\u00f3n perfecta con su gesti\u00f3n de la relaci\u00f3n con el cliente ( CRM) Sistema. Con este extraordinario arsenal de funciones a su disposici\u00f3n, ser\u00e1 capaz de monitorear y mantener atacando de manera eficiente y efectiva las pesta\u00f1as sobre el progreso de su ventas, as\u00ed como un seguimiento meticulosamente con sus estimados clientes de una manera que ahorra tiempo y altamente eficiente. En esencia, el mejor complemento de agentes y representantes de los equipos de ventas de ventas para WooCommerce se encuentra como el ep\u00edtome de la perfecci\u00f3n cuando se trata de encontrar la soluci\u00f3n \u00f3ptima para las empresas que anhelan aumentar sus cifras de ventas y racionalizar su proceso de ventas completo a alturas sin precedentes.<\/p>\n<ul>\n<li>Habilita la creaci\u00f3n de m\u00faltiples equipos de ventas dentro de WooCommerce<\/li>\n<li>Asigna agentes y representantes individuales a equipos espec\u00edficos<\/li>\n<li>Proporciona a los l\u00edderes de equipo herramientas para administrar y monitorear el rendimiento de su equipo<\/li>\n<li>Rastrea las ventas individuales y las ganancias de la comisi\u00f3n para cada miembro del equipo<\/li>\n<li>Genera informes de ventas detallados para cada equipo y rendimiento general de ventas<\/li>\n<li>Facilita la comunicaci\u00f3n entre los miembros del equipo y los l\u00edderes del equipo a trav\u00e9s del sistema de mensajer\u00eda interna<\/li>\n<li>Se integra con el pedido de WooCommerce y los datos del cliente para un seguimiento e informes de ventas sin problemas<\/li>\n<li>Estructura de comisi\u00f3n personalizable y opciones de pago para cada equipo y agente individual\/representante<\/li>\n<\/ul>\n","protected":false},"excerpt":{"rendered":"<p>El mejor complemento de los agentes y representantes del equipo de ventas de Salesking para WooCommerce demuestra ser un recurso excepcional para las empresas que dependen en gran medida de un equipo de ventas s\u00f3lido para amplificar sus ingresos. Este complemento ofrece una gesti\u00f3n perfecta de agentes de ventas y representantes, lo que permite una asignaci\u00f3n sin esfuerzo a clientes particulares y un seguimiento integral de rendimiento. Poseiendo capacidades notables, este complemento influyente optimiza efectivamente el proceso de ventas y contribuye a una mayor productividad, todo al tiempo que otorga informaci\u00f3n invaluable en tiempo real sobre el rendimiento del equipo. Independientemente de si su negocio es una operaci\u00f3n a peque\u00f1a escala o una empresa a gran escala, el mejor complemento de agentes y representantes de los equipos de ventas de ventas para WooCommerce surge como una inversi\u00f3n que vale la pena para aquellos que buscan optimizar su estrategia de ventas.<\/p>\n","protected":false},"featured_media":167394,"comment_status":"open","ping_status":"open","template":"","meta":[],"product_brand":[2339],"product_cat":[1208,1207,1206],"product_tag":[1256],"class_list":{"0":"post-120312","1":"product","2":"type-product","3":"status-publish","4":"has-post-thumbnail","6":"product_brand-codecanyon","7":"product_cat-administracion","8":"product_cat-comercio-electronico-plugins","9":"product_cat-plugins","10":"product_tag-codecanyon","11":"member-discount","12":"discount-restricted","14":"first","15":"instock","16":"sale","17":"downloadable","18":"virtual","19":"sold-individually","20":"purchasable","21":"product-type-simple"},"_links":{"self":[{"href":"https:\/\/gpl-love.com\/es\/wp-json\/wp\/v2\/product\/120312","targetHints":{"allow":["GET"]}}],"collection":[{"href":"https:\/\/gpl-love.com\/es\/wp-json\/wp\/v2\/product"}],"about":[{"href":"https:\/\/gpl-love.com\/es\/wp-json\/wp\/v2\/types\/product"}],"replies":[{"embeddable":true,"href":"https:\/\/gpl-love.com\/es\/wp-json\/wp\/v2\/comments?post=120312"}],"wp:featuredmedia":[{"embeddable":true,"href":"https:\/\/gpl-love.com\/es\/wp-json\/wp\/v2\/media\/167394"}],"wp:attachment":[{"href":"https:\/\/gpl-love.com\/es\/wp-json\/wp\/v2\/media?parent=120312"}],"wp:term":[{"taxonomy":"product_brand","embeddable":true,"href":"https:\/\/gpl-love.com\/es\/wp-json\/wp\/v2\/product_brand?post=120312"},{"taxonomy":"product_cat","embeddable":true,"href":"https:\/\/gpl-love.com\/es\/wp-json\/wp\/v2\/product_cat?post=120312"},{"taxonomy":"product_tag","embeddable":true,"href":"https:\/\/gpl-love.com\/es\/wp-json\/wp\/v2\/product_tag?post=120312"}],"curies":[{"name":"wp","href":"https:\/\/api.w.org\/{rel}","templated":true}]}}