{"id":120310,"date":"2025-12-25T00:00:00","date_gmt":"2025-12-25T05:00:00","guid":{"rendered":"https:\/\/gpl-love.com\/es\/?post_type=product&#038;p=120310"},"modified":"2026-03-09T07:39:42","modified_gmt":"2026-03-09T12:39:42","slug":"gravity-forms-encrypted-fields","status":"publish","type":"product","link":"https:\/\/gpl-love.com\/es\/producto\/gravity-forms-encrypted-fields\/","title":{"rendered":"Gravity Forms Encrypted Fields 7.0"},"content":{"rendered":"<h3>Gravity Forms Encrypted Fields Caracteristicas<\/h3>\n<p>Formas de gravedad Los campos encriptados, un complemento muy potente, le facilita la informaci\u00f3n confidencial que se ingresa a sus formularios de gravedad por cifrado. A trav\u00e9s de esta herramienta notable, posee la capacidad de proteger los datos personales y financieros de sus estimados clientes, que comprenden n\u00fameros de tarjetas de cr\u00e9dito, contrase\u00f1as y n\u00fameros de seguro social. Los campos encriptados, de naturaleza impregnable, pueden ser descifrados \u00fanicamente por individuos autorizados para hacerlo, garantizando as\u00ed la mayor privacidad y protecci\u00f3n contra posibles infracciones de datos. Sin complicaciones en su uso e integrado sin problemas con los formularios de gravedad, este complemento asegura que toda la informaci\u00f3n ingresada en sus formularios est\u00e9 encriptada e impermeable a las amenazas. Si su aspiraci\u00f3n es proteger la informaci\u00f3n confidencial de sus clientes y mantener la impregnabilidad de los datos de su negocio, los campos cifrados de gravedad son inequ\u00edvocamente la soluci\u00f3n que busca.<\/p>\n<ul>\n<li>Cifrado de datos seguro para env\u00edos de formularios de gravedad<\/li>\n<li>Compatible con todos los tipos de campo de gravedad<\/li>\n<li>Utiliza el cifrado AES-256 avanzado para la m\u00e1xima protecci\u00f3n<\/li>\n<li>F\u00e1cil de configurar y usar, no se requiere codificaci\u00f3n<\/li>\n<li>Perfecto para recopilar informaci\u00f3n confidencial, como n\u00fameros de tarjetas de cr\u00e9dito o datos personales.<\/li>\n<li>Admite m\u00faltiples claves de cifrado para mayor seguridad<\/li>\n<li>Descifrado autom\u00e1tico al env\u00edo de formularios para un procesamiento de datos sin interrupciones<\/li>\n<li>La configuraci\u00f3n flexible permite la personalizaci\u00f3n y el control sobre el proceso de cifrado<\/li>\n<li>Soporte de expertos y actualizaciones constantes garantizar la confiabilidad y la innovaci\u00f3n del producto<\/li>\n<\/ul>\n","protected":false},"excerpt":{"rendered":"<p>Formularios de gravedad Campos cifrados, un complemento de WordPress incre\u00edblemente robusto, presenta a los usuarios la notable capacidad de cifrar cualquier datos confidenciales que se env\u00eden a trav\u00e9s de sus formularios. Al emplear este complemento ingenioso, tiene la capacidad de fortalecer la protecci\u00f3n de la informaci\u00f3n personal de sus usuarios, espec\u00edficamente sus datos de la tarjeta de cr\u00e9dito o los n\u00fameros de Seguro Social, desde el acceso no autorizado. En consecuencia, esta herramienta excepcional refuerza sin problemas la infraestructura de seguridad de su sitio web, garantizando la preservaci\u00f3n de los datos de sus valiosos usuarios de manera segura y confidencial. Instalar y utilizar este complemento es muy f\u00e1cil, gracias a su interfaz f\u00e1cil de usar, y si encuentra alguna dificultad, tenga la seguridad de que la documentaci\u00f3n integral y el soporte de primer nivel del estimado equipo de Gravity Forms est\u00e1n f\u00e1cilmente disponibles para abordar sus preocupaciones.<\/p>\n","protected":false},"featured_media":166305,"comment_status":"open","ping_status":"open","template":"","meta":[],"product_brand":[2339],"product_cat":[1232,1206,1211],"product_tag":[1256],"class_list":{"0":"post-120310","1":"product","2":"type-product","3":"status-publish","4":"has-post-thumbnail","6":"product_brand-codecanyon","7":"product_cat-marketing-wordpress-plugins","8":"product_cat-plugins","9":"product_cat-wordpress-plugins","10":"product_tag-codecanyon","11":"member-discount","12":"discount-restricted","14":"first","15":"instock","16":"sale","17":"downloadable","18":"virtual","19":"sold-individually","20":"purchasable","21":"product-type-simple"},"_links":{"self":[{"href":"https:\/\/gpl-love.com\/es\/wp-json\/wp\/v2\/product\/120310","targetHints":{"allow":["GET"]}}],"collection":[{"href":"https:\/\/gpl-love.com\/es\/wp-json\/wp\/v2\/product"}],"about":[{"href":"https:\/\/gpl-love.com\/es\/wp-json\/wp\/v2\/types\/product"}],"replies":[{"embeddable":true,"href":"https:\/\/gpl-love.com\/es\/wp-json\/wp\/v2\/comments?post=120310"}],"wp:featuredmedia":[{"embeddable":true,"href":"https:\/\/gpl-love.com\/es\/wp-json\/wp\/v2\/media\/166305"}],"wp:attachment":[{"href":"https:\/\/gpl-love.com\/es\/wp-json\/wp\/v2\/media?parent=120310"}],"wp:term":[{"taxonomy":"product_brand","embeddable":true,"href":"https:\/\/gpl-love.com\/es\/wp-json\/wp\/v2\/product_brand?post=120310"},{"taxonomy":"product_cat","embeddable":true,"href":"https:\/\/gpl-love.com\/es\/wp-json\/wp\/v2\/product_cat?post=120310"},{"taxonomy":"product_tag","embeddable":true,"href":"https:\/\/gpl-love.com\/es\/wp-json\/wp\/v2\/product_tag?post=120310"}],"curies":[{"name":"wp","href":"https:\/\/api.w.org\/{rel}","templated":true}]}}