{"id":120308,"date":"2025-09-24T00:00:00","date_gmt":"2025-09-24T05:00:00","guid":{"rendered":"https:\/\/gpl-love.com\/es\/?post_type=product&#038;p=120308"},"modified":"2026-03-09T07:37:39","modified_gmt":"2026-03-09T12:37:39","slug":"geodirectory-google-analytics","status":"publish","type":"product","link":"https:\/\/gpl-love.com\/es\/producto\/geodirectory-google-analytics\/","title":{"rendered":"GeoDirectory Google Analytics 2.3.8"},"content":{"rendered":"<h3>GeoDirectory Google Analytics Caracteristicas<\/h3>\n<p>Geodirectory Google Analytics es una herramienta de vanguardia e innovadora que presenta a las empresas con ideas invaluables y muy \u00fatiles sobre el tr\u00e1fico de su sitio web. Este software inmensamente potente ha sido meticulosamente elaborado y desarrollado para rastrear y monitorear meticulosamente y con precisi\u00f3n los patrones y acciones de comportamiento de los visitantes del sitio web, proporcionando as\u00ed a las empresas con informes integrales y abarrotables relacionados con los intereses, demograf\u00eda y ubicaciones geogr\u00e1ficas de estas personas. Armadas con esta gran cantidad de conocimiento e informaci\u00f3n, las empresas pueden optimizar y mejorar sus sitios web para satisfacer las necesidades y preferencias de sus estimados clientes, aumentar la participaci\u00f3n y la interacci\u00f3n, y finalmente impulsar y generar un mayor n\u00famero de conversiones. El software tambi\u00e9n cuenta con una caracter\u00edstica notable que permite una integraci\u00f3n perfecta y sin esfuerzo con Google Analytics, facilitando as\u00ed el monitoreo sin esfuerzo y la vigilancia del tr\u00e1fico del sitio web y el seguimiento meticuloso del comportamiento del usuario. En conclusi\u00f3n, esta herramienta incomparable es una necesidad absoluta y un activo obligatorio para cualquier negocio que aspira a aumentar y elevar su presencia en l\u00ednea y tomar decisiones informadas y juiciosas basadas en ideas concretas y basadas en datos.<\/p>\n<ul>\n<li>Se integra a la perfecci\u00f3n con Google Analytics para proporcionar datos integrales de Geo-dirigidos<\/li>\n<li>Le permite rastrear visitas, visiones de p\u00e1gina, tasas de rebote y otras m\u00e9tricas clave por regi\u00f3n geogr\u00e1fica<\/li>\n<li>Muestra qu\u00e9 pa\u00edses proporcionan la mayor cantidad de tr\u00e1fico a su sitio, as\u00ed como las p\u00e1ginas y productos que son m\u00e1s populares en cada regi\u00f3n.<\/li>\n<li>Le ayuda a identificar \u00e1reas donde puede necesitar mejorar el contenido o la funcionalidad de su sitio web para atender mejor a su audiencia global<\/li>\n<li>Ofrece opciones de informes personalizados que le permiten generar informaci\u00f3n detallada y basada en la ubicaci\u00f3n a pedido<\/li>\n<li>Simplifica el proceso de exportaci\u00f3n de datos a otros sistemas o aplicaciones para su posterior an\u00e1lisis o acci\u00f3n<\/li>\n<li>Proporciona soporte y actualizaciones continuas para garantizar que el complemento se mantenga actualizado con los \u00faltimos cambios en Google Analytics y otras tecnolog\u00edas relevantes<\/li>\n<\/ul>\n","protected":false},"excerpt":{"rendered":"<p>Geodirectory Google Analytics es una herramienta muy robusta y eficiente que le otorga la capacidad de rastrear y analizar meticulosamente el tr\u00e1fico y el comportamiento de los visitantes de su sitio web. La integraci\u00f3n de Google Analytics en su sitio web a motor geodirectorio se hace sin esfuerzo a trav\u00e9s de este notable complemento, que le otorga una amplia gama de datos invaluables, que abarcan vistas de p\u00e1gina, tasas de rebote, demograf\u00eda de usuarios y mucho m\u00e1s. Al aprovechar y explotar estas ideas invaluables, est\u00e1 facultado para tomar decisiones bien informadas y astutas con respecto a la optimizaci\u00f3n de su sitio web, mejorando as\u00ed su rendimiento general y alcanzando sus objetivos en l\u00ednea de manera efectiva. Independientemente de si asume el papel de un propietario de un negocio, vendedor o desarrollador web, la soluci\u00f3n Geodirectory Google Analytics representa como la herramienta definitiva, que lo equipa con una comprensi\u00f3n integral del rendimiento de su sitio web y le permite maximizar su vasto potencial.<\/p>\n","protected":false},"featured_media":166212,"comment_status":"open","ping_status":"open","template":"","meta":[],"product_brand":[2464],"product_cat":[1206,1360,1211],"product_tag":[1791],"class_list":{"0":"post-120308","1":"product","2":"type-product","3":"status-publish","4":"has-post-thumbnail","6":"product_brand-ayecode","7":"product_cat-plugins","8":"product_cat-seo","9":"product_cat-wordpress-plugins","10":"product_tag-ayecode","11":"member-discount","12":"discount-restricted","14":"first","15":"instock","16":"sale","17":"downloadable","18":"virtual","19":"sold-individually","20":"purchasable","21":"product-type-simple"},"_links":{"self":[{"href":"https:\/\/gpl-love.com\/es\/wp-json\/wp\/v2\/product\/120308","targetHints":{"allow":["GET"]}}],"collection":[{"href":"https:\/\/gpl-love.com\/es\/wp-json\/wp\/v2\/product"}],"about":[{"href":"https:\/\/gpl-love.com\/es\/wp-json\/wp\/v2\/types\/product"}],"replies":[{"embeddable":true,"href":"https:\/\/gpl-love.com\/es\/wp-json\/wp\/v2\/comments?post=120308"}],"wp:featuredmedia":[{"embeddable":true,"href":"https:\/\/gpl-love.com\/es\/wp-json\/wp\/v2\/media\/166212"}],"wp:attachment":[{"href":"https:\/\/gpl-love.com\/es\/wp-json\/wp\/v2\/media?parent=120308"}],"wp:term":[{"taxonomy":"product_brand","embeddable":true,"href":"https:\/\/gpl-love.com\/es\/wp-json\/wp\/v2\/product_brand?post=120308"},{"taxonomy":"product_cat","embeddable":true,"href":"https:\/\/gpl-love.com\/es\/wp-json\/wp\/v2\/product_cat?post=120308"},{"taxonomy":"product_tag","embeddable":true,"href":"https:\/\/gpl-love.com\/es\/wp-json\/wp\/v2\/product_tag?post=120308"}],"curies":[{"name":"wp","href":"https:\/\/api.w.org\/{rel}","templated":true}]}}