{"id":120306,"date":"2024-02-06T00:00:00","date_gmt":"2024-02-06T05:00:00","guid":{"rendered":"https:\/\/gpl-love.com\/es\/?post_type=product&#038;p=120306"},"modified":"2026-03-09T08:32:00","modified_gmt":"2026-03-09T13:32:00","slug":"wpmu-dev-integrated-video-tutorials","status":"publish","type":"product","link":"https:\/\/gpl-love.com\/es\/producto\/wpmu-dev-integrated-video-tutorials\/","title":{"rendered":"WPMU DEV Integrated Video Tutorials 1.8.14"},"content":{"rendered":"<h3>WPMU DEV Integrated Video Tutorials Caracteristicas<\/h3>\n<p>WPMU Dev Integrated Video Tutorials es un producto altamente encomiable que ofrece a los usuarios una plataforma que lo abarca todo y para adquirir conocimiento. Este producto excepcional ha sido dise\u00f1ado a prop\u00f3sito para equipar a los usuarios con las habilidades esenciales necesarias para navegar con precisi\u00f3n del intrincado reino de WordPress. Los tutoriales se han incorporado a la perfecci\u00f3n en el tablero de WordPress, asegurando la accesibilidad sin esfuerzo para los usuarios y abarcan una amplia gama de sujetos, que van desde la funcionalidad rudimentaria de WordPress hasta las metodolog\u00edas de desarrollo de vanguardia. Los videos han sido producidos meticulosamente por profesionales, entregando instrucciones l\u00facidas y sucintas que son comprensibles sin esfuerzo. Al utilizar los notables tutoriales de video integrados WPMU Dev, los usuarios pueden adquirir r\u00e1pidamente la experiencia necesaria para transformarse en autoridades de WordPress competentes.<\/p>\n<ul>\n<li>F\u00e1cil acceso a m\u00e1s de 200 tutoriales de video en WordPress y desarrollo de sitios web<\/li>\n<li>Videos de alta calidad con presentadores profesionales e instrucciones claras<\/li>\n<li>Los videos se integran directamente en el tablero de WordPress para un acceso conveniente<\/li>\n<li>Los tutoriales cubren una amplia gama de temas, desde la configuraci\u00f3n b\u00e1sica del sitio web hasta la codificaci\u00f3n avanzada<\/li>\n<li>Actualizado regularmente con nuevos tutoriales para mantenerse al d\u00eda con las \u00faltimas tendencias y caracter\u00edsticas<\/li>\n<li>Puede ser utilizado tanto por principiantes como por usuarios experimentados de WordPress<\/li>\n<li>Ahorra tiempo y dinero en capacitaci\u00f3n en desarrollo web al proporcionar toda la informaci\u00f3n en un solo lugar<\/li>\n<li>Compatible con todos los temas y complementos de WP, asegurando una integraci\u00f3n suave con su configuraci\u00f3n actual<\/li>\n<li>Base de conocimiento integral con tutoriales de texto y documentaci\u00f3n detallada para todos los tutoriales de video<\/li>\n<li>M\u00faltiples opciones de visualizaci\u00f3n, incluido el modo de pantalla completa y el ajuste de velocidad de reproducci\u00f3n, para una experiencia de aprendizaje personalizada.<\/li>\n<\/ul>\n","protected":false},"excerpt":{"rendered":"<p>El video tutorial integrado de WPMU Dev es una soluci\u00f3n de capacitaci\u00f3n innovadora y abarrotable que ofrece una amplia gama de oportunidades para que las personas y las empresas mejoren y refinen sus capacidades de desarrollo web. Este servicio excepcionalmente robusto proporciona a los usuarios tutoriales de video de primer nivel meticulados que cubren una amplia gama de temas que incluyen WordPress, seguridad, alojamiento y temas, al tiempo que los integran sin problemas en el tablero de desarrollo de WPMU. A trav\u00e9s de la utilizaci\u00f3n de los tutoriales de video integrados de WPMU Dev, los usuarios pueden adquirir sin esfuerzo el conocimiento necesario para crear sitios web que no solo se ejecutan profesionalmente, sino que tambi\u00e9n sean fortificados y cautivadores, todos sin la ardua compromiso de una capacitaci\u00f3n extensa o la exorbitante Gasto asociado con asistir a clases costosas. \u00a1No dude en embarcarse en este viaje transformador hoy y elevar su destreza de desarrollo web a alturas sin precedentes!<\/p>\n","protected":false},"featured_media":168542,"comment_status":"open","ping_status":"open","template":"","meta":[],"product_brand":[2648],"product_cat":[1214,1206,1211],"product_tag":[1454],"class_list":{"0":"post-120306","1":"product","2":"type-product","3":"status-publish","4":"has-post-thumbnail","6":"product_brand-wpmu","7":"product_cat-personalizacion","8":"product_cat-plugins","9":"product_cat-wordpress-plugins","10":"product_tag-wpmu","11":"member-discount","12":"discount-restricted","14":"first","15":"instock","16":"sale","17":"downloadable","18":"virtual","19":"sold-individually","20":"purchasable","21":"product-type-simple"},"_links":{"self":[{"href":"https:\/\/gpl-love.com\/es\/wp-json\/wp\/v2\/product\/120306","targetHints":{"allow":["GET"]}}],"collection":[{"href":"https:\/\/gpl-love.com\/es\/wp-json\/wp\/v2\/product"}],"about":[{"href":"https:\/\/gpl-love.com\/es\/wp-json\/wp\/v2\/types\/product"}],"replies":[{"embeddable":true,"href":"https:\/\/gpl-love.com\/es\/wp-json\/wp\/v2\/comments?post=120306"}],"wp:featuredmedia":[{"embeddable":true,"href":"https:\/\/gpl-love.com\/es\/wp-json\/wp\/v2\/media\/168542"}],"wp:attachment":[{"href":"https:\/\/gpl-love.com\/es\/wp-json\/wp\/v2\/media?parent=120306"}],"wp:term":[{"taxonomy":"product_brand","embeddable":true,"href":"https:\/\/gpl-love.com\/es\/wp-json\/wp\/v2\/product_brand?post=120306"},{"taxonomy":"product_cat","embeddable":true,"href":"https:\/\/gpl-love.com\/es\/wp-json\/wp\/v2\/product_cat?post=120306"},{"taxonomy":"product_tag","embeddable":true,"href":"https:\/\/gpl-love.com\/es\/wp-json\/wp\/v2\/product_tag?post=120306"}],"curies":[{"name":"wp","href":"https:\/\/api.w.org\/{rel}","templated":true}]}}