{"id":120304,"date":"2022-02-26T00:00:00","date_gmt":"2022-02-26T05:00:00","guid":{"rendered":"https:\/\/gpl-love.com\/es\/?post_type=product&#038;p=120304"},"modified":"2026-03-09T08:30:14","modified_gmt":"2026-03-09T13:30:14","slug":"wp-timeline-designer-pro","status":"publish","type":"product","link":"https:\/\/gpl-love.com\/es\/producto\/wp-timeline-designer-pro\/","title":{"rendered":"WP Timeline Designer Pro 1.4.1"},"content":{"rendered":"<h3>WP Timeline Designer Pro Caracteristicas<\/h3>\n<p>WP Timeline Designer Pro es un complemento de WordPress incre\u00edblemente robusto y din\u00e1mico que ofrece a los usuarios la capacidad de generar sin esfuerzo l\u00edneas de tiempo visualmente llamativas en sus sitios web. Ya sea que aspira a presentar una representaci\u00f3n integral de la rica historia de su empresa, acent\u00faa sus logros notables o simplemente busca exhibir su contenido de manera extraordinaria y cautivadora, WP Timeline Designer Pro es la soluci\u00f3n definitiva. Este complemento excepcional est\u00e1 totalmente equipado con una amplia gama de opciones de personalizaci\u00f3n, brindando la oportunidad de seleccionar entre una variedad expansiva de dise\u00f1os, dise\u00f1os y estilos que se alinean perfectamente con la est\u00e9tica distintiva de su marca. Adem\u00e1s, WP Timeline Designer Pro le permite crear plazos personalizados desde cero, aprovechando la interfaz de arrastrar y soltar notablemente intuitiva. Al aprovechar las capacidades incomparables de WP Timeline Designer Pro, puede curar plazos visualmente excelentes que cautivan sin esfuerzo a su audiencia, asegurando que permanezcan completamente comprometidos.<\/p>\n<ul>\n<li>Un poderoso complemento de WordPress que le permite crear l\u00edneas de tiempo visualmente impresionantes de manera r\u00e1pida y f\u00e1cil<\/li>\n<li>Interfaz intuitiva de arrastrar y soltar que no requiere conocimientos de codificaci\u00f3n<\/li>\n<li>Elija entre una variedad de plantillas predise\u00f1adas o cree sus propios estilos personalizados<\/li>\n<li>Agregue eventos ilimitados, colores, iconos, im\u00e1genes y descripciones a sus plazos<\/li>\n<li>El dise\u00f1o receptivo garantiza que sus l\u00edneas de tiempo se vean muy bien en todos los dispositivos y tama\u00f1os de pantalla<\/li>\n<li>Personalice todos los aspectos de sus plazos con configuraciones y opciones avanzadas<\/li>\n<li>Animaciones y efectos incorporados para que sus l\u00edneas de tiempo cobren vida<\/li>\n<li>Integraci\u00f3n perfecta con temas populares de WordPress y constructores de p\u00e1ginas<\/li>\n<li>Documentaci\u00f3n y apoyo integrales para ayudarlo a aprovechar al m\u00e1ximo el complemento<\/li>\n<li>Actualizaciones de por vida y un amplio soporte para mantener sus l\u00edneas de tiempo actualizadas y funcionando sin problemas<\/li>\n<\/ul>\n","protected":false},"excerpt":{"rendered":"<p>WP Timeline Designer Pro es un complemento extremadamente potente dise\u00f1ado espec\u00edficamente para WordPress, que le otorga la capacidad de generar sin esfuerzo l\u00edneas de tiempo impresionantes adaptadas a su sitio web. En virtud de su interfaz de arrastrar y soltar f\u00e1cilmente con usuarios y una profusi\u00f3n de alternativas de personalizaci\u00f3n, posee la capacidad de fabricar plazos excepcionales que se alinean sin problemas con el estilo distintivo y la identidad de su marca. Ya sea que sus intenciones son mostrar la progresi\u00f3n hist\u00f3rica de su empresa o acentuar hitos significativos, WP Timeline Designer Pro se erige como la herramienta por excelencia que lo ayudar\u00e1 indudablemente a elaborar cronometimientos cautivadores y est\u00e9ticamente agradables que sin duda cautivan y cautivan y sus visitantes con entusiasmo. Entonces, \u00bfpor qu\u00e9 prolongar lo inevitable? \u00a1No pierda m\u00e1s tiempo y de inmediato obtenga el impresionante WP Timeline Designer Pro este mismo d\u00eda, comenzando as\u00ed su viaje hacia la conceptualizaci\u00f3n y actualizaci\u00f3n de plazos notables que sin duda adornan su notable sitio web!<\/p>\n","protected":false},"featured_media":168466,"comment_status":"open","ping_status":"open","template":"","meta":[],"product_brand":[2339],"product_cat":[1214,1206,1211],"product_tag":[1256],"class_list":{"0":"post-120304","1":"product","2":"type-product","3":"status-publish","4":"has-post-thumbnail","6":"product_brand-codecanyon","7":"product_cat-personalizacion","8":"product_cat-plugins","9":"product_cat-wordpress-plugins","10":"product_tag-codecanyon","11":"member-discount","12":"discount-restricted","14":"first","15":"instock","16":"sale","17":"downloadable","18":"virtual","19":"sold-individually","20":"purchasable","21":"product-type-simple"},"_links":{"self":[{"href":"https:\/\/gpl-love.com\/es\/wp-json\/wp\/v2\/product\/120304","targetHints":{"allow":["GET"]}}],"collection":[{"href":"https:\/\/gpl-love.com\/es\/wp-json\/wp\/v2\/product"}],"about":[{"href":"https:\/\/gpl-love.com\/es\/wp-json\/wp\/v2\/types\/product"}],"replies":[{"embeddable":true,"href":"https:\/\/gpl-love.com\/es\/wp-json\/wp\/v2\/comments?post=120304"}],"wp:featuredmedia":[{"embeddable":true,"href":"https:\/\/gpl-love.com\/es\/wp-json\/wp\/v2\/media\/168466"}],"wp:attachment":[{"href":"https:\/\/gpl-love.com\/es\/wp-json\/wp\/v2\/media?parent=120304"}],"wp:term":[{"taxonomy":"product_brand","embeddable":true,"href":"https:\/\/gpl-love.com\/es\/wp-json\/wp\/v2\/product_brand?post=120304"},{"taxonomy":"product_cat","embeddable":true,"href":"https:\/\/gpl-love.com\/es\/wp-json\/wp\/v2\/product_cat?post=120304"},{"taxonomy":"product_tag","embeddable":true,"href":"https:\/\/gpl-love.com\/es\/wp-json\/wp\/v2\/product_tag?post=120304"}],"curies":[{"name":"wp","href":"https:\/\/api.w.org\/{rel}","templated":true}]}}