{"id":120302,"date":"2025-10-20T00:00:00","date_gmt":"2025-10-20T05:00:00","guid":{"rendered":"https:\/\/gpl-love.com\/es\/?post_type=product&#038;p=120302"},"modified":"2026-03-09T07:55:16","modified_gmt":"2026-03-09T12:55:16","slug":"newsletter-ninja-forms-integration","status":"publish","type":"product","link":"https:\/\/gpl-love.com\/es\/producto\/newsletter-ninja-forms-integration\/","title":{"rendered":"Newsletter Ninja Forms Integration 1.2.8"},"content":{"rendered":"<h3>Newsletter Ninja Forms Integration Caracteristicas<\/h3>\n<p>La integraci\u00f3n del bolet\u00edn Ninja Forms es una herramienta incre\u00edblemente robusta que tiene el prop\u00f3sito de simplificar el intrincado proceso de integraci\u00f3n de formularios en su bolet\u00edn. Esta herramienta revolucionaria ha sido dise\u00f1ada meticulosamente para garantizar que el viaje de crear y administrar formas se convierta en una actividad perfecta y sin esfuerzo. La integraci\u00f3n le ofrece la ventaja \u00fanica de crear formas personalizadas sin esfuerzo que se alinean perfectamente con sus necesidades y requisitos espec\u00edficos. Ya sea que busque capturar sin esfuerzo las direcciones de correo electr\u00f3nico para expandir la base de suscriptores de su bolet\u00edn o recopilar comentarios valiosos de su estimada clientela, tenga la seguridad de que la integraci\u00f3n de los formularios del bolet\u00edn Ninja ha respaldado. La integraci\u00f3n ofrece un inmenso nivel de personalizaci\u00f3n, con una amplia gama de caracter\u00edsticas que le permiten curar formas que no solo son visualmente atractivas sino tambi\u00e9n altamente funcionales. Al incorporar esta innovadora herramienta en su flujo de trabajo, puede optimizar sus operaciones y mejorar enormemente su eficiencia general, solidificando as\u00ed su estado como un activo indispensable para cualquier negocio con visi\u00f3n de futuro que aspira a mantener una ventaja competitiva en el \u00e1mbito del comercio moderno.<\/p>\n<ul>\n<li>Integre perfectamente su cuenta de Ninja Newsletter con su complemento Ninja Forms<\/li>\n<li>Agregue autom\u00e1ticamente nuevos env\u00edos de formulario a su lista de correo de Ninja de bolet\u00edn<\/li>\n<li>Elija a qu\u00e9 lista de correo electr\u00f3nico agregar suscriptores dentro del complemento Ninja Forms<\/li>\n<li>Personalice los campos enviados a Newsletter Ninja, lo que le permite capturar los datos exactos del suscriptor que necesita<\/li>\n<li>Mapear autom\u00e1ticamente los campos entre formularios ninja y bolet\u00edn ninja, reduciendo la entrada de datos manuales y aumentando la eficiencia<\/li>\n<li>Utilice las poderosas funciones de automatizaci\u00f3n del bolet\u00edn Ninja para crear campa\u00f1as espec\u00edficas basadas en los campos enviados a trav\u00e9s de formularios ninja<\/li>\n<li>Obtenga informaci\u00f3n sobre el comportamiento de sus suscriptores viendo informes detallados y an\u00e1lisis dentro de su cuenta de Ninja Newsletter<\/li>\n<li>Disfrute de la atenci\u00f3n al cliente sin igual de los equipos Ninja y Ninja Forms.<\/li>\n<\/ul>\n","protected":false},"excerpt":{"rendered":"<p>La integraci\u00f3n del bolet\u00edn Ninja Forms es una herramienta excepcional que optimiza en gran medida el proceso de recopilaci\u00f3n de suscriptores para su bolet\u00edn. Con esta integraci\u00f3n perfecta, tiene la notable capacidad de generar formas personalizadas sin esfuerzo, que pueden ubicarse convenientemente en su sitio web. Adem\u00e1s, tiene el beneficio adicional de agregar autom\u00e1ticamente los nuevos registros a su estimada lista de boletines. D\u00e9jate despedir a la ardua y lleva mucho tiempo de ingresar datos y desviar tu atenci\u00f3n para fomentar la expansi\u00f3n de su comunidad devota de suscriptores con facilidad y eficiencia incomparables.<\/p>\n","protected":false},"featured_media":166973,"comment_status":"open","ping_status":"open","template":"","meta":[],"product_brand":[2506],"product_cat":[1214,1206,1211],"product_tag":[2211],"class_list":{"0":"post-120302","1":"product","2":"type-product","3":"status-publish","4":"has-post-thumbnail","6":"product_brand-newsletter","7":"product_cat-personalizacion","8":"product_cat-plugins","9":"product_cat-wordpress-plugins","10":"product_tag-newsletter","11":"member-discount","12":"discount-restricted","14":"first","15":"instock","16":"sale","17":"downloadable","18":"virtual","19":"sold-individually","20":"purchasable","21":"product-type-simple"},"_links":{"self":[{"href":"https:\/\/gpl-love.com\/es\/wp-json\/wp\/v2\/product\/120302","targetHints":{"allow":["GET"]}}],"collection":[{"href":"https:\/\/gpl-love.com\/es\/wp-json\/wp\/v2\/product"}],"about":[{"href":"https:\/\/gpl-love.com\/es\/wp-json\/wp\/v2\/types\/product"}],"replies":[{"embeddable":true,"href":"https:\/\/gpl-love.com\/es\/wp-json\/wp\/v2\/comments?post=120302"}],"wp:featuredmedia":[{"embeddable":true,"href":"https:\/\/gpl-love.com\/es\/wp-json\/wp\/v2\/media\/166973"}],"wp:attachment":[{"href":"https:\/\/gpl-love.com\/es\/wp-json\/wp\/v2\/media?parent=120302"}],"wp:term":[{"taxonomy":"product_brand","embeddable":true,"href":"https:\/\/gpl-love.com\/es\/wp-json\/wp\/v2\/product_brand?post=120302"},{"taxonomy":"product_cat","embeddable":true,"href":"https:\/\/gpl-love.com\/es\/wp-json\/wp\/v2\/product_cat?post=120302"},{"taxonomy":"product_tag","embeddable":true,"href":"https:\/\/gpl-love.com\/es\/wp-json\/wp\/v2\/product_tag?post=120302"}],"curies":[{"name":"wp","href":"https:\/\/api.w.org\/{rel}","templated":true}]}}