{"id":120273,"date":"2026-04-16T00:00:00","date_gmt":"2026-04-16T05:00:00","guid":{"rendered":"https:\/\/gpl-love.com\/es\/?post_type=product&#038;p=120273"},"modified":"2026-04-16T17:16:35","modified_gmt":"2026-04-16T22:16:35","slug":"themify-post-type-builder-search","status":"publish","type":"product","link":"https:\/\/gpl-love.com\/es\/producto\/themify-post-type-builder-search\/","title":{"rendered":"Themify Post Type Builder Search 2.1.9"},"content":{"rendered":"<h3>Themify Post Type Builder Search Caracteristicas<\/h3>\n<p>La b\u00fasqueda de Builder Themify Post Type es una herramienta incre\u00edblemente avanzada y sofisticada que permite a los usuarios la capacidad de generar dise\u00f1os de b\u00fasqueda \u00fanicos y personalizados para sus sitios web de WordPress. Al utilizar este complemento ingenioso, las personas pueden dise\u00f1ar un formulario de b\u00fasqueda que permita a los usuarios buscar publicaciones, p\u00e1ginas o tipos de publicaciones personalizados espec\u00edficos. Adem\u00e1s, el formulario de b\u00fasqueda y sus resultados de b\u00fasqueda correspondientes pueden personalizarse perfectamente para alinearse sin problemas con el dise\u00f1o y el estilo general de cualquier sitio web. Adem\u00e1s, uno tiene la Libertad de selecci\u00f3n de mano que se incluyen los tipos de publicaciones dentro de los resultados de b\u00fasqueda, as\u00ed como el privilegio de organizar meticulosamente el orden en el que se muestran dichos resultados. Ergo, este complemento sirve como la soluci\u00f3n por excelencia para los propietarios de sitios web que anhelan proporcionar a sus visitantes una funcionalidad de b\u00fasqueda robusta que se adapte de manera inteligente al contenido preciso ubicado en su sitio web. En consecuencia, est\u00e1 inequ\u00edvocamente claro que la b\u00fasqueda del constructor de tipos de publicaciones de Themify es una herramienta indispensable para cualquier individuo que busque elevar y refinar la funcionalidad de b\u00fasqueda de su sitio web de WordPress.<\/p>\n<ul>\n<li>Personalice su funcionalidad de b\u00fasqueda en WordPress con Themify Post Type Builder Search.<\/li>\n<li>Cree formularios de b\u00fasqueda personalizados adaptados a sus necesidades con facilidad.<\/li>\n<li>Disfrute de funciones de b\u00fasqueda avanzada como la b\u00fasqueda en vivo y en vivo.<\/li>\n<li>Elija entre una gama de estilos de formulario para que coincida con el dise\u00f1o de su sitio web.<\/li>\n<li>Agregue sin esfuerzo filtros de b\u00fasqueda a sus p\u00e1ginas de archivo de tipo post personalizadas.<\/li>\n<li>Consulte sus publicaciones y p\u00e1ginas por t\u00edtulo, categor\u00eda, taxonom\u00eda y m\u00e1s.<\/li>\n<li>Muestre sus publicaciones y p\u00e1ginas en un dise\u00f1o elegante y receptivo con las plantillas de resultados de b\u00fasqueda personalizadas.<\/li>\n<li>Integre r\u00e1pidamente la b\u00fasqueda del constructor de tipos de publicaciones con temas de temas, as\u00ed como cualquier tipo de publicaci\u00f3n personalizado de WordPress.<\/li>\n<li>Impulse la participaci\u00f3n del usuario y mejore la navegaci\u00f3n del sitio con una potente funcionalidad de b\u00fasqueda personalizada.<\/li>\n<li>Mejore el rendimiento y la experiencia de usuario de su sitio web con la b\u00fasqueda de tipos de tipos de publicaciones de themify.<\/li>\n<\/ul>\n","protected":false},"excerpt":{"rendered":"<p>La b\u00fasqueda del constructor de tipos de publicaciones de Themify es una herramienta incre\u00edblemente robusta y f\u00e1cil de usar que ofrece una tremenda asistencia para generar sin esfuerzo formularios de b\u00fasqueda de tipos de publicaciones personalizadas. Este complemento notablemente innovador muestra una interfaz de arrastrar y soltar altamente intuitiva, facilitando la personalizaci\u00f3n del dise\u00f1o, campos y opciones de su formulario de b\u00fasqueda. Gracias a esta herramienta de b\u00fasqueda excepcionalmente din\u00e1mica, profundiza sin esfuerzo en una exploraci\u00f3n exhaustiva de todo su sitio web, tipos de publicaciones espec\u00edficos, categor\u00edas, etiquetas y campos personalizados. Adem\u00e1s, la b\u00fasqueda del constructor de tipos de postes de Themify armoniza sin problemas con todos los temas de Themify y se integra perfectamente con una gran cantidad de otros complementos de WordPress. En \u00faltima instancia, tiene la oportunidad de mejorar la experiencia de b\u00fasqueda para los estimados visitantes del sitio web a trav\u00e9s de la implementaci\u00f3n de la b\u00fasqueda de tipos de tipos de tipos de migos.<\/p>\n","protected":false},"featured_media":167787,"comment_status":"open","ping_status":"open","template":"","meta":[],"product_brand":[2578],"product_cat":[1214,1206,1211],"product_tag":[1400],"class_list":{"0":"post-120273","1":"product","2":"type-product","3":"status-publish","4":"has-post-thumbnail","6":"product_brand-themify","7":"product_cat-personalizacion","8":"product_cat-plugins","9":"product_cat-wordpress-plugins","10":"product_tag-themify","11":"member-discount","12":"discount-restricted","14":"first","15":"instock","16":"sale","17":"downloadable","18":"virtual","19":"sold-individually","20":"purchasable","21":"product-type-simple"},"_links":{"self":[{"href":"https:\/\/gpl-love.com\/es\/wp-json\/wp\/v2\/product\/120273","targetHints":{"allow":["GET"]}}],"collection":[{"href":"https:\/\/gpl-love.com\/es\/wp-json\/wp\/v2\/product"}],"about":[{"href":"https:\/\/gpl-love.com\/es\/wp-json\/wp\/v2\/types\/product"}],"replies":[{"embeddable":true,"href":"https:\/\/gpl-love.com\/es\/wp-json\/wp\/v2\/comments?post=120273"}],"wp:featuredmedia":[{"embeddable":true,"href":"https:\/\/gpl-love.com\/es\/wp-json\/wp\/v2\/media\/167787"}],"wp:attachment":[{"href":"https:\/\/gpl-love.com\/es\/wp-json\/wp\/v2\/media?parent=120273"}],"wp:term":[{"taxonomy":"product_brand","embeddable":true,"href":"https:\/\/gpl-love.com\/es\/wp-json\/wp\/v2\/product_brand?post=120273"},{"taxonomy":"product_cat","embeddable":true,"href":"https:\/\/gpl-love.com\/es\/wp-json\/wp\/v2\/product_cat?post=120273"},{"taxonomy":"product_tag","embeddable":true,"href":"https:\/\/gpl-love.com\/es\/wp-json\/wp\/v2\/product_tag?post=120273"}],"curies":[{"name":"wp","href":"https:\/\/api.w.org\/{rel}","templated":true}]}}