{"id":120271,"date":"2026-04-16T00:00:00","date_gmt":"2026-04-16T05:00:00","guid":{"rendered":"https:\/\/gpl-love.com\/es\/?post_type=product&#038;p=120271"},"modified":"2026-04-16T17:16:34","modified_gmt":"2026-04-16T22:16:34","slug":"themify-post-type-builder-relation","status":"publish","type":"product","link":"https:\/\/gpl-love.com\/es\/producto\/themify-post-type-builder-relation\/","title":{"rendered":"Themify Post Type Builder Relation 2.0.9"},"content":{"rendered":"<h3>Themify Post Type Builder Relation Caracteristicas<\/h3>\n<p>La relaci\u00f3n Themify Post Type Builder es una herramienta incre\u00edblemente potente y vers\u00e1til que proporciona a los usuarios la capacidad de generar sin esfuerzo tipos de publicaci\u00f3n y taxonom\u00edas dentro del ecosistema de WordPress. Al incorporar este complemento excepcional en su sitio web, obtiene la capacidad de establecer r\u00e1pidas y sin problemas relaciones personalizadas entre varios tipos de publicaciones, lo que le brinda la oportunidad de exhibir contenido interconectado de una mir\u00edada de maneras convincentes y \u00fanicas. Independientemente de si est\u00e1 construyendo un blog din\u00e1mico, un impresionante escaparate de cartera o un bullicioso emporio de comercio electr\u00f3nico, la relaci\u00f3n Themify Post Type Builder es un recurso invaluable que puede optimizar significativamente su flujo de trabajo, lo que le permite cultivar una cultura notablemente intuitiva e inmersa Experiencia del usuario para sus estimados visitantes. Equipado con una variedad de opciones de personalizaci\u00f3n altamente flexibles y con una interfaz intuitivamente dise\u00f1ada, este complemento extraordinario emerge como un activo indispensable para cualquier desarrollador ambicioso de WordPress o propietario de un sitio web astuto que aspira a impulsar su presencia en l\u00ednea a alturas de excelencia y distinci\u00f3n sin precedentes.<\/p>\n<ul>\n<li>Permite al usuario agregar f\u00e1cilmente publicaciones relacionadas a cualquier tipo de publicaci\u00f3n personalizado<\/li>\n<li>Ofrece la capacidad de mostrar publicaciones relacionadas de varias maneras, como a trav\u00e9s de un widget o un corto c\u00f3digo<\/li>\n<li>Ofrece potentes opciones de personalizaci\u00f3n para estilo y visualizaci\u00f3n de publicaciones relacionadas<\/li>\n<li>Puede aumentar la participaci\u00f3n del usuario proporcionando contenido relevante para que los lectores exploren<\/li>\n<li>El software Themify Post Type Builder es conocido por su facilidad de uso y flexibilidad, por lo que es una excelente opci\u00f3n para principiantes y desarrolladores experimentados por igual<\/li>\n<li>Ahorra tiempo y esfuerzo automatizando el proceso de vincular manualmente publicaciones relacionadas<\/li>\n<li>Ofrece la capacidad de filtrar publicaciones relacionadas basadas en criterios espec\u00edficos, como categor\u00eda o etiqueta<\/li>\n<li>Proporciona una experiencia de usuario perfecta con un dise\u00f1o y compatibilidad receptivos con complementos y temas populares.<\/li>\n<\/ul>\n","protected":false},"excerpt":{"rendered":"<p>El complemento de relaci\u00f3n de tipo de publicaci\u00f3n de Themify, que ofrece una variedad de caracter\u00edsticas convenientes, le permite establecer sin esfuerzo conexiones y mostrar publicaciones asociadas en su sitio web. Al emplear su interfaz de arrastre y ca\u00edda f\u00e1cil de usar, obtiene la capacidad de establecer relaciones entre diversos tipos de publicaciones y presentarlas de manera visualmente cautivadora, aumentando as\u00ed la experiencia del usuario y fomentando una mayor participaci\u00f3n. Este complemento excepcional es particularmente adecuado para sitios web que cuentan con cantidades sustanciales de contenido, ya que facilita efectivamente la escalada de la participaci\u00f3n del usuario y prolonga la duraci\u00f3n de la retenci\u00f3n de visitantes.<\/p>\n","protected":false},"featured_media":167786,"comment_status":"open","ping_status":"open","template":"","meta":[],"product_brand":[2578],"product_cat":[1214,1206,1211],"product_tag":[1400],"class_list":{"0":"post-120271","1":"product","2":"type-product","3":"status-publish","4":"has-post-thumbnail","6":"product_brand-themify","7":"product_cat-personalizacion","8":"product_cat-plugins","9":"product_cat-wordpress-plugins","10":"product_tag-themify","11":"member-discount","12":"discount-restricted","14":"first","15":"instock","16":"sale","17":"downloadable","18":"virtual","19":"sold-individually","20":"purchasable","21":"product-type-simple"},"_links":{"self":[{"href":"https:\/\/gpl-love.com\/es\/wp-json\/wp\/v2\/product\/120271","targetHints":{"allow":["GET"]}}],"collection":[{"href":"https:\/\/gpl-love.com\/es\/wp-json\/wp\/v2\/product"}],"about":[{"href":"https:\/\/gpl-love.com\/es\/wp-json\/wp\/v2\/types\/product"}],"replies":[{"embeddable":true,"href":"https:\/\/gpl-love.com\/es\/wp-json\/wp\/v2\/comments?post=120271"}],"wp:featuredmedia":[{"embeddable":true,"href":"https:\/\/gpl-love.com\/es\/wp-json\/wp\/v2\/media\/167786"}],"wp:attachment":[{"href":"https:\/\/gpl-love.com\/es\/wp-json\/wp\/v2\/media?parent=120271"}],"wp:term":[{"taxonomy":"product_brand","embeddable":true,"href":"https:\/\/gpl-love.com\/es\/wp-json\/wp\/v2\/product_brand?post=120271"},{"taxonomy":"product_cat","embeddable":true,"href":"https:\/\/gpl-love.com\/es\/wp-json\/wp\/v2\/product_cat?post=120271"},{"taxonomy":"product_tag","embeddable":true,"href":"https:\/\/gpl-love.com\/es\/wp-json\/wp\/v2\/product_tag?post=120271"}],"curies":[{"name":"wp","href":"https:\/\/api.w.org\/{rel}","templated":true}]}}