{"id":120269,"date":"2026-03-25T00:00:00","date_gmt":"2026-03-25T05:00:00","guid":{"rendered":"https:\/\/gpl-love.com\/es\/?post_type=product&#038;p=120269"},"modified":"2026-04-10T11:28:13","modified_gmt":"2026-04-10T16:28:13","slug":"themify-post-type-builder-map-view","status":"publish","type":"product","link":"https:\/\/gpl-love.com\/es\/producto\/themify-post-type-builder-map-view\/","title":{"rendered":"Themify Post Type Builder Map View 2.0.8"},"content":{"rendered":"<h3>Themify Post Type Builder Map View Caracteristicas<\/h3>\n<p>La vista de mapa del constructor de tipos de publicaciones de Themify es una herramienta incre\u00edblemente robusta y din\u00e1mica que ha sido ingeniosamente dise\u00f1ada para ayudarlo en la creaci\u00f3n y desarrollo de tipos de publicaciones personalizados que se enriquecen con datos espec\u00edficos de ubicaci\u00f3n. Al utilizar este complemento excepcional, tiene la capacidad de generar sin esfuerzo mapas hechos a medida que mostrar\u00e1n efectivamente sus publicaciones en funci\u00f3n de su ubicaci\u00f3n geogr\u00e1fica respectiva. La caracter\u00edstica extraordinaria de la vista de mapa le permite incorporar perfectamente marcadores individualizados en su mapa, al tiempo que le brinda la oportunidad de filtrar y refinar meticulosamente sus resultados utilizando una gran cantidad de criterios diversos, como el tipo de publicaci\u00f3n, la categor\u00eda o incluso el campo personalizado. Adem\u00e1s, es importante tener en cuenta que este complemento notable es excepcionalmente flexible y adaptable, ya que permite la integraci\u00f3n sin esfuerzo de campos personalizados, taxonom\u00edas y meta datos en sus tipos de publicaci\u00f3n \u00fanicos. Independientemente de si se considera un blogger dedicado, un desarrollador competente o un propietario de negocios emprendedor, la presencia de la vista de mapa de constructor de tipos de publicaciones de Themify dentro de su repertorio digital es inequ\u00edvocamente indispensable, ya que sirve como un recurso invaluable e indispensable cuando se trata de La creaci\u00f3n y difusi\u00f3n del contenido basado en la ubicaci\u00f3n comprometido y cautivador en su estimado sitio web.<\/p>\n<ul>\n<li>Cree tipos de publicaci\u00f3n personalizados y muestrelos en un mapa con la vista del mapa del constructor de tipos de publicaciones de themify<\/li>\n<li>Agregar marcadores de ubicaci\u00f3n con iconos y etiquetas personalizados<\/li>\n<li>Mapa de nivel de zoom y opciones de cl\u00faster de ubicaci\u00f3n disponibles<\/li>\n<li>Muestre los campos personalizados como informaci\u00f3n sobre herramientas cuando el marcador se desplaza<\/li>\n<li>Compatible con Google Maps y OpenStreetMap<\/li>\n<li>El dise\u00f1o totalmente receptivo asegura que el mapa se vea muy bien en cualquier dispositivo<\/li>\n<li>Agregue m\u00faltiples mapas a una p\u00e1gina y personalice su apariencia<\/li>\n<li>Interfaz f\u00e1cil de arrastrar y soltar para agregar y colocar marcadores<\/li>\n<li>Personalizar ventanas emergentes de marcadores con HTML y CSS<\/li>\n<li>Usar con cualquier tema de WordPress e integrarse f\u00e1cilmente en cualquier sitio web<\/li>\n<li>Aumente el compromiso y la interacci\u00f3n del usuario mostrando su contenido en un mapa hermoso e interactivo.<\/li>\n<\/ul>\n","protected":false},"excerpt":{"rendered":"<p>La vista del mapa del constructor de tipos de publicaciones de Themify es una herramienta incre\u00edblemente robusta e influyente que ha sido dise\u00f1ada de manera inteligente con el prop\u00f3sito de presentar sus publicaciones personalizadas en un mapa interactivo y visualmente cautivador. Al utilizar este producto excepcional, tiene la capacidad de exhibir sin esfuerzo todas sus ubicaciones o eventos importantes con la ayuda de un mapa din\u00e1mico e inmersivo. En consecuencia, sus estimados visitantes podr\u00e1n profundizar de inmediato y sin esfuerzo en su contenido mediante una rica experiencia visual, amplificando as\u00ed su experiencia general del usuario. Adem\u00e1s, gracias a la amplia gama de opciones de personalizaci\u00f3n que est\u00e1n f\u00e1cilmente disponibles, puede modificar sin esfuerzo el mapa para alinearse impecablemente con sus requisitos \u00fanicos de marca y dise\u00f1o. Adem\u00e1s, debido a su integraci\u00f3n perfecta con el tipo de constructor de tipos de publicaciones de Themify, puede generar y administrar convenientemente sus publicaciones personalizadas, lo que hace que este producto distinguido sea una herramienta indispensable para cualquier desarrollador o dise\u00f1ador web que aspira a mostrar efectivamente su contenido en un cautivador visual visualmente manera.<\/p>\n","protected":false},"featured_media":167785,"comment_status":"open","ping_status":"open","template":"","meta":[],"product_brand":[2578],"product_cat":[1214,1206,1211],"product_tag":[1400],"class_list":{"0":"post-120269","1":"product","2":"type-product","3":"status-publish","4":"has-post-thumbnail","6":"product_brand-themify","7":"product_cat-personalizacion","8":"product_cat-plugins","9":"product_cat-wordpress-plugins","10":"product_tag-themify","11":"member-discount","12":"discount-restricted","14":"first","15":"instock","16":"sale","17":"downloadable","18":"virtual","19":"sold-individually","20":"purchasable","21":"product-type-simple"},"_links":{"self":[{"href":"https:\/\/gpl-love.com\/es\/wp-json\/wp\/v2\/product\/120269","targetHints":{"allow":["GET"]}}],"collection":[{"href":"https:\/\/gpl-love.com\/es\/wp-json\/wp\/v2\/product"}],"about":[{"href":"https:\/\/gpl-love.com\/es\/wp-json\/wp\/v2\/types\/product"}],"replies":[{"embeddable":true,"href":"https:\/\/gpl-love.com\/es\/wp-json\/wp\/v2\/comments?post=120269"}],"wp:featuredmedia":[{"embeddable":true,"href":"https:\/\/gpl-love.com\/es\/wp-json\/wp\/v2\/media\/167785"}],"wp:attachment":[{"href":"https:\/\/gpl-love.com\/es\/wp-json\/wp\/v2\/media?parent=120269"}],"wp:term":[{"taxonomy":"product_brand","embeddable":true,"href":"https:\/\/gpl-love.com\/es\/wp-json\/wp\/v2\/product_brand?post=120269"},{"taxonomy":"product_cat","embeddable":true,"href":"https:\/\/gpl-love.com\/es\/wp-json\/wp\/v2\/product_cat?post=120269"},{"taxonomy":"product_tag","embeddable":true,"href":"https:\/\/gpl-love.com\/es\/wp-json\/wp\/v2\/product_tag?post=120269"}],"curies":[{"name":"wp","href":"https:\/\/api.w.org\/{rel}","templated":true}]}}