{"id":120267,"date":"2023-03-02T00:00:00","date_gmt":"2023-03-02T05:00:00","guid":{"rendered":"https:\/\/gpl-love.com\/es\/?post_type=product&#038;p=120267"},"modified":"2026-04-10T11:28:12","modified_gmt":"2026-04-10T16:28:12","slug":"themify-post-type-builder-extra-fields","status":"publish","type":"product","link":"https:\/\/gpl-love.com\/es\/producto\/themify-post-type-builder-extra-fields\/","title":{"rendered":"Themify Post Type Builder Extra Fields 2.0.1"},"content":{"rendered":"<h3>Themify Post Type Builder Extra Fields Caracteristicas<\/h3>\n<p>La herramienta Themify Post Type Builder Fields, que es una adici\u00f3n incre\u00edblemente potente y vers\u00e1til al complemento Themify Post Type Builder, proporciona a los usuarios la capacidad de generar campos personalizados para sus publicaciones y tipos de publicaciones personalizadas. Esta caracter\u00edstica simplifica enormemente el proceso de incorporar informaci\u00f3n y funcionalidad adicionales en su sitio web. Al ofrecer una amplia gama de tipos de campo para seleccionar, como texto, imagen, archivo y m\u00e1s, las personas realmente pueden crear una experiencia personalizada y personalizada para los visitantes de sus sitios. Adem\u00e1s, los usuarios tienen la capacidad de ejercer un control de grano fino sobre la visibilidad y el dise\u00f1o de sus campos personalizados, asegurando as\u00ed que su sitio web exude el aspecto y la funcionalidad precisos que desean. En esencia, si est\u00e1 buscando elevar su sitio web a nuevas alturas, la herramienta Themify Post Type Builder Fields es inequ\u00edvocamente la opci\u00f3n ideal.<\/p>\n<ul>\n<li>Personalice f\u00e1cilmente su sitio de WordPress con campos postales adicionales<\/li>\n<li>Arrastre y suelte la interfaz para agregar campos personalizados<\/li>\n<li>Admite texto, imagen, audio, video y m\u00e1s tipos de campo<\/li>\n<li>Crear campos condicionales que solo se muestren en funci\u00f3n de ciertos criterios<\/li>\n<li>Compatible con complementos populares como Yoast SEO y WooCommerce<\/li>\n<li>Etiquetas y descripciones de campo personalizables para la entrada f\u00e1cil de usar<\/li>\n<li>Opci\u00f3n para mostrar campos personalizados en diferentes \u00e1reas de su sitio<\/li>\n<li>Permite una f\u00e1cil clasificaci\u00f3n y filtrado de publicaciones basadas en campos personalizados<\/li>\n<li>No se requiere conocimiento de codificaci\u00f3n para agregar campos personalizados<\/li>\n<li>Actualizaciones regulares y soporte de themify.<\/li>\n<\/ul>\n","protected":false},"excerpt":{"rendered":"<p>El tipo de publicaci\u00f3n de Themify Post Builder Extra Fields es una herramienta poderosa que permite a los usuarios crear y personalizar campos adicionales para sus tipos de publicaciones. Al proporcionar una amplia gama de opciones y configuraciones, los usuarios pueden mejorar f\u00e1cilmente la funcionalidad y la experiencia del usuario de su sitio web. Esta herramienta ofrece una interfaz perfecta e intuitiva, lo que la hace accesible tanto para principiantes como para desarrolladores avanzados. Con los campos adicionales de Themify Post Type Builder, los usuarios tienen la flexibilidad de agregar varios tipos de campo, como campos de texto, casillas de verificaci\u00f3n, seleccionados desplegables y m\u00e1s. Adem\u00e1s, pueden especificar la etiqueta del campo, el texto del marcador de posici\u00f3n, el valor predeterminado y las reglas de validaci\u00f3n. Este complemento rico en caracter\u00edsticas tambi\u00e9n permite a los usuarios controlar la visibilidad del campo en funci\u00f3n de la l\u00f3gica condicional, lo que lo hace a\u00fan m\u00e1s din\u00e1mico y adaptado a sus necesidades espec\u00edficas. Ya sea que desee crear un formulario de contacto simple o un complejo sistema de entrada de datos, el tipo de edificio de Tipo de publicaci\u00f3n de Themify Extra Fields lo tiene cubierto.<\/p>\n","protected":false},"featured_media":167784,"comment_status":"open","ping_status":"open","template":"","meta":[],"product_brand":[2578],"product_cat":[1214,1206,1211],"product_tag":[1400],"class_list":{"0":"post-120267","1":"product","2":"type-product","3":"status-publish","4":"has-post-thumbnail","6":"product_brand-themify","7":"product_cat-personalizacion","8":"product_cat-plugins","9":"product_cat-wordpress-plugins","10":"product_tag-themify","11":"member-discount","12":"discount-restricted","14":"first","15":"instock","16":"sale","17":"downloadable","18":"virtual","19":"sold-individually","20":"purchasable","21":"product-type-simple"},"_links":{"self":[{"href":"https:\/\/gpl-love.com\/es\/wp-json\/wp\/v2\/product\/120267","targetHints":{"allow":["GET"]}}],"collection":[{"href":"https:\/\/gpl-love.com\/es\/wp-json\/wp\/v2\/product"}],"about":[{"href":"https:\/\/gpl-love.com\/es\/wp-json\/wp\/v2\/types\/product"}],"replies":[{"embeddable":true,"href":"https:\/\/gpl-love.com\/es\/wp-json\/wp\/v2\/comments?post=120267"}],"wp:featuredmedia":[{"embeddable":true,"href":"https:\/\/gpl-love.com\/es\/wp-json\/wp\/v2\/media\/167784"}],"wp:attachment":[{"href":"https:\/\/gpl-love.com\/es\/wp-json\/wp\/v2\/media?parent=120267"}],"wp:term":[{"taxonomy":"product_brand","embeddable":true,"href":"https:\/\/gpl-love.com\/es\/wp-json\/wp\/v2\/product_brand?post=120267"},{"taxonomy":"product_cat","embeddable":true,"href":"https:\/\/gpl-love.com\/es\/wp-json\/wp\/v2\/product_cat?post=120267"},{"taxonomy":"product_tag","embeddable":true,"href":"https:\/\/gpl-love.com\/es\/wp-json\/wp\/v2\/product_tag?post=120267"}],"curies":[{"name":"wp","href":"https:\/\/api.w.org\/{rel}","templated":true}]}}