{"id":120265,"date":"2025-05-01T00:00:00","date_gmt":"2025-05-01T05:00:00","guid":{"rendered":"https:\/\/gpl-love.com\/es\/?post_type=product&#038;p=120265"},"modified":"2026-04-10T11:27:58","modified_gmt":"2026-04-10T16:27:58","slug":"themify-builder-woocommerce","status":"publish","type":"product","link":"https:\/\/gpl-love.com\/es\/producto\/themify-builder-woocommerce\/","title":{"rendered":"Themify Builder WooCommerce 3.6.4"},"content":{"rendered":"<h3>Themify Builder WooCommerce Caracteristicas<\/h3>\n<p>Themify Builder WooCommerce es un complemento excepcionalmente potente que otorga a los usuarios la capacidad de personalizar y dise\u00f1ar sin esfuerzo su tienda en l\u00ednea de WooCommerce. Cuenta con una interfaz de arrastrar y soltar incre\u00edblemente f\u00e1cil de usar que elimina la necesidad de cualquier experiencia en codificaci\u00f3n, lo que permite a los usuarios construir p\u00e1ginas de productos visualmente cautivadoras visualmente, formularios de pago altamente personalizables y p\u00e1ginas de destino de conducci\u00f3n de conversi\u00f3n. Adem\u00e1s, este notable complemento ofrece una amplia selecci\u00f3n de plantillas predise\u00f1adas y dise\u00f1os receptivos, todos los cuales pueden adaptarse convenientemente para alinearse con su marca \u00fanica. Adem\u00e1s, el constructor de Themify WooCommerce est\u00e1 equipado con una gran cantidad de funcionalidades de comercio electr\u00f3nico de vanguardia, que incluyen filtrado de productos, capacidades de vista r\u00e1pida y precios din\u00e1micos, todos los cuales funcionan armoniosamente para elevar la experiencia de compra general de sus valiosos clientes. Independientemente de si usted es un aspirante en el \u00e1mbito del dise\u00f1o web o un profesional experimentado, no se puede exagerar la indispensabilidad de Themify Builder WooCommerce como instrumento para erigir una tienda en l\u00ednea pr\u00f3spera.<\/p>\n<ul>\n<li>Herramienta de creaci\u00f3n de p\u00e1ginas de arrastrar y soltar potentes e intuitivas para sitios web de WooCommerce<\/li>\n<li>Personalice sus p\u00e1ginas de WooCommerce sin la necesidad de codificaci\u00f3n o conocimiento t\u00e9cnico<\/li>\n<li>Plantillas de dise\u00f1o predise\u00f1adas para una f\u00e1cil personalizaci\u00f3n y optimizaci\u00f3n<\/li>\n<li>Amplia gama de m\u00f3dulos y widgets para agregar funcionalidad y compromiso a su sitio de comercio electr\u00f3nico<\/li>\n<li>Dise\u00f1o receptivo para un rendimiento sin problemas en todos los dispositivos<\/li>\n<li>Integraci\u00f3n con extensiones populares de WooCommerce y herramientas de terceros<\/li>\n<li>Vista previa instant\u00e1nea para ajustes en tiempo real y gratificaci\u00f3n instant\u00e1nea<\/li>\n<li>Caracter\u00edsticas de ahorro de tiempo como opciones de copia y importaci\u00f3n de importaci\u00f3n<\/li>\n<li>Actualizaciones y soporte regulares del equipo de Themify<\/li>\n<li>Mejore la est\u00e9tica, la funcionalidad y la experiencia del usuario de su sitio de comercio electr\u00f3nico con el constructor IMIFY WooCommerce.<\/li>\n<\/ul>\n","protected":false},"excerpt":{"rendered":"<p>Themify Builder WooCommerce es una herramienta incre\u00edblemente robusta y avanzada que permite a las personas construir sus propias p\u00e1ginas de tiendas de WooCommerce a medida, eliminando la necesidad de cualquier experiencia previa en codificaci\u00f3n. Al aprovechar su funcionalidad de interfaz de arrastrar y soltar altamente intuitiva, a los usuarios se les otorga la capacidad de generar sin esfuerzo p\u00e1ginas de productos visualmente cautivadoras, p\u00e1ginas de pago y una gran cantidad de otros componentes esenciales. Adem\u00e1s, el constructor de Themify WooCommerce est\u00e1 equipado con una extensa variedad de plantillas y m\u00f3dulos predise\u00f1ados, que ofrece a los usuarios un punto de partida expedido y optimizado. Sin embargo, es de destacar que las caracter\u00edsticas de personalizaci\u00f3n no se sacrifican, ya que los individuos poseen la autonom\u00eda para adaptar meticulosamente cada aspecto de sus p\u00e1ginas para alinearse con buen gusto con la est\u00e9tica distintiva de su marca. Adem\u00e1s, es imperativo destacar que el constructor de migos WooCommerce ha sido meticulosamente dise\u00f1ado para integrar y sinergir a la perfecci\u00f3n con la plataforma WooCommerce, fomentando as\u00ed una experiencia de compra que es intuitiva y f\u00e1cil Lealtad del consumidor.<\/p>\n","protected":false},"featured_media":167758,"comment_status":"open","ping_status":"open","template":"","meta":[],"product_brand":[2578],"product_cat":[1214,1206,1211],"product_tag":[1400],"class_list":{"0":"post-120265","1":"product","2":"type-product","3":"status-publish","4":"has-post-thumbnail","6":"product_brand-themify","7":"product_cat-personalizacion","8":"product_cat-plugins","9":"product_cat-wordpress-plugins","10":"product_tag-themify","11":"member-discount","12":"discount-restricted","14":"first","15":"instock","16":"sale","17":"downloadable","18":"virtual","19":"sold-individually","20":"purchasable","21":"product-type-simple"},"_links":{"self":[{"href":"https:\/\/gpl-love.com\/es\/wp-json\/wp\/v2\/product\/120265","targetHints":{"allow":["GET"]}}],"collection":[{"href":"https:\/\/gpl-love.com\/es\/wp-json\/wp\/v2\/product"}],"about":[{"href":"https:\/\/gpl-love.com\/es\/wp-json\/wp\/v2\/types\/product"}],"replies":[{"embeddable":true,"href":"https:\/\/gpl-love.com\/es\/wp-json\/wp\/v2\/comments?post=120265"}],"wp:featuredmedia":[{"embeddable":true,"href":"https:\/\/gpl-love.com\/es\/wp-json\/wp\/v2\/media\/167758"}],"wp:attachment":[{"href":"https:\/\/gpl-love.com\/es\/wp-json\/wp\/v2\/media?parent=120265"}],"wp:term":[{"taxonomy":"product_brand","embeddable":true,"href":"https:\/\/gpl-love.com\/es\/wp-json\/wp\/v2\/product_brand?post=120265"},{"taxonomy":"product_cat","embeddable":true,"href":"https:\/\/gpl-love.com\/es\/wp-json\/wp\/v2\/product_cat?post=120265"},{"taxonomy":"product_tag","embeddable":true,"href":"https:\/\/gpl-love.com\/es\/wp-json\/wp\/v2\/product_tag?post=120265"}],"curies":[{"name":"wp","href":"https:\/\/api.w.org\/{rel}","templated":true}]}}