{"id":120263,"date":"2023-04-17T00:00:00","date_gmt":"2023-04-17T05:00:00","guid":{"rendered":"https:\/\/gpl-love.com\/es\/?post_type=product&#038;p=120263"},"modified":"2026-04-10T11:27:57","modified_gmt":"2026-04-10T16:27:57","slug":"themify-builder-typewriter-addon","status":"publish","type":"product","link":"https:\/\/gpl-love.com\/es\/producto\/themify-builder-typewriter-addon\/","title":{"rendered":"Themify Builder Typewriter Addon 3.0.3"},"content":{"rendered":"<h3>Themify Builder Typewriter Addon Caracteristicas<\/h3>\n<p>El complemento de la m\u00e1quina de escribir Themify Builder, atendi\u00f3 espec\u00edficamente a los usuarios de WordPress que buscan aumentar su contenido con un efecto de m\u00e1quina de escribir cautivador, sirve como una herramienta inmensamente potente. Al emplear este complemento, los desarrolladores y bloggers de sitios web pueden generar sin esfuerzo texto animado que emule impecablemente la apariencia y la sensaci\u00f3n de una m\u00e1quina de escribir. En particular, este complemento abarca una gran cantidad de opciones de personalizaci\u00f3n, que abarca estilos de fuente, velocidad de animaci\u00f3n y la duraci\u00f3n del retraso entre cada letra individual. Como tal, es la soluci\u00f3n perfecta para elaborar titulares, subt\u00edtulos y p\u00e1rrafos cautivadores y fascinantes que indudablemente cautivan y absorben a su estimada audiencia. Adem\u00e1s, el proceso de instalaci\u00f3n y utilizaci\u00f3n del complemento de la m\u00e1quina de escribir Themify Builder es notablemente sencillo y f\u00e1cil de usar, integr\u00e1ndose sin problemas con el complemento Themify Builder existente. En consecuencia, sirve como un aumento absolutamente encomiable para cualquier sitio web o blog que aspira a infundir un toque de nostalgia en su contenido.<\/p>\n<ul>\n<li>Addon f\u00e1cil de usar para Themify Builder que agrega un efecto de m\u00e1quina de escribir a su texto<\/li>\n<li>Elija entre m\u00faltiples estilos de animaci\u00f3n de m\u00e1quina de escribir para adaptarse a la est\u00e9tica de su sitio<\/li>\n<li>Controlar la velocidad y el retraso del efecto de la m\u00e1quina de escribir para una apariencia personalizada y la sensaci\u00f3n<\/li>\n<li>Compatible con cualquier tema migial o sitio de WordPress utilizando Itmify Builder<\/li>\n<li>No se requieren habilidades de codificaci\u00f3n, simplemente agregue el complemento al m\u00f3dulo de su constructor y comience a escribir<\/li>\n<li>Aumentar el compromiso e inter\u00e9s para los visitantes de su sitio con pantallas din\u00e1micas de texto de m\u00e1quina de escribir<\/li>\n<li>Use el complemento para agregar una capa adicional de narraci\u00f3n de historias al dise\u00f1o de su sitio web<\/li>\n<li>Mant\u00e9ngase en tendencia con este popular estilo de animaci\u00f3n que agrega un toque retro al dise\u00f1o web moderno<\/li>\n<li>Impresione a su audiencia con un sitio web de aspecto profesional que incorpore elementos de dise\u00f1o innovadores<\/li>\n<li>Con el complemento de la m\u00e1quina de escribir Themify Builder, podr\u00e1 crear p\u00e1ginas web \u00fanicas y visualmente impresionantes que se destaquen entre la multitud.<\/li>\n<\/ul>\n","protected":false},"excerpt":{"rendered":"<p>El complemento de la m\u00e1quina de escribir Themify Builder, un complemento extraordinario e innovador, est\u00e1 dise\u00f1ado para incorporar un efecto de m\u00e1quina de escribir cautivador en su sitio web, mejorando as\u00ed su atractivo. Al emplear este complemento, tiene la capacidad de animar su texto y cautivar a su audiencia a trav\u00e9s de un elemento din\u00e1mico e interactivo. Adem\u00e1s, su instalaci\u00f3n y uso son sin esfuerzo y f\u00e1ciles de usar, al tiempo que tambi\u00e9n ofrecen una experiencia totalmente personalizable, otorg\u00e1ndole la libertad de personalizar la fuente, el tama\u00f1o de la fuente, el color y la velocidad del efecto de la m\u00e1quina de escribir. Independientemente de si est\u00e1 creando una publicaci\u00f3n de blog, construyendo una p\u00e1gina de destino o generando cualquier otra forma de contenido, el complemento de la m\u00e1quina de escribir Themify Sirve como el instrumento ideal para infundir su sitio web con un toque de ingenio y entusiasmo.<\/p>\n","protected":false},"featured_media":167757,"comment_status":"open","ping_status":"open","template":"","meta":[],"product_brand":[2578],"product_cat":[1214,1206,1211],"product_tag":[1400],"class_list":{"0":"post-120263","1":"product","2":"type-product","3":"status-publish","4":"has-post-thumbnail","6":"product_brand-themify","7":"product_cat-personalizacion","8":"product_cat-plugins","9":"product_cat-wordpress-plugins","10":"product_tag-themify","11":"member-discount","12":"discount-restricted","14":"first","15":"instock","16":"sale","17":"downloadable","18":"virtual","19":"sold-individually","20":"purchasable","21":"product-type-simple"},"_links":{"self":[{"href":"https:\/\/gpl-love.com\/es\/wp-json\/wp\/v2\/product\/120263","targetHints":{"allow":["GET"]}}],"collection":[{"href":"https:\/\/gpl-love.com\/es\/wp-json\/wp\/v2\/product"}],"about":[{"href":"https:\/\/gpl-love.com\/es\/wp-json\/wp\/v2\/types\/product"}],"replies":[{"embeddable":true,"href":"https:\/\/gpl-love.com\/es\/wp-json\/wp\/v2\/comments?post=120263"}],"wp:featuredmedia":[{"embeddable":true,"href":"https:\/\/gpl-love.com\/es\/wp-json\/wp\/v2\/media\/167757"}],"wp:attachment":[{"href":"https:\/\/gpl-love.com\/es\/wp-json\/wp\/v2\/media?parent=120263"}],"wp:term":[{"taxonomy":"product_brand","embeddable":true,"href":"https:\/\/gpl-love.com\/es\/wp-json\/wp\/v2\/product_brand?post=120263"},{"taxonomy":"product_cat","embeddable":true,"href":"https:\/\/gpl-love.com\/es\/wp-json\/wp\/v2\/product_cat?post=120263"},{"taxonomy":"product_tag","embeddable":true,"href":"https:\/\/gpl-love.com\/es\/wp-json\/wp\/v2\/product_tag?post=120263"}],"curies":[{"name":"wp","href":"https:\/\/api.w.org\/{rel}","templated":true}]}}