{"id":120261,"date":"2022-12-24T00:00:00","date_gmt":"2022-12-24T05:00:00","guid":{"rendered":"https:\/\/gpl-love.com\/es\/?post_type=product&#038;p=120261"},"modified":"2026-03-09T08:13:20","modified_gmt":"2026-03-09T13:13:20","slug":"themify-builder-timeline","status":"publish","type":"product","link":"https:\/\/gpl-love.com\/es\/producto\/themify-builder-timeline\/","title":{"rendered":"Themify Builder Timeline 3.0.1"},"content":{"rendered":"<h3>Themify Builder Timeline Caracteristicas<\/h3>\n<p>La l\u00ednea de tiempo de Themify Builder, un complemento de WordPress altamente robusto e instintivo, posee la capacidad de permitirle dise\u00f1ar y exhibir sin esfuerzo plazos est\u00e9ticamente agradables en su sitio web. Equipado con una interfaz de arrastrar y soltar f\u00e1cilmente de usuario, se le otorga la libertad de personalizar cada aspecto de su l\u00ednea de tiempo, desde la selecci\u00f3n de esquemas de color y estilos de fuentes hasta el tipo espec\u00edfico de contenido que desea exhibir. Independientemente de si tiene como objetivo presentar una historia integral de su empresa, enfatizar hitos significativos en su vida personal o forjar un encuentro educativo interactivo, Themify Builder Timeline le brinda la oportunidad de aprovechar la atenci\u00f3n de su audiencia sin esfuerzo y narrar su historia en un cuento en un cuento manera visualmente cautivadora. Adem\u00e1s, debido a su integraci\u00f3n perfecta con otras herramientas de Builder Themify, puede construir sin problemas una est\u00e9tica armoniosa y sofisticada que impregna todo su sitio web.<\/p>\n<ul>\n<li>Un complemento poderoso e intuitivo que le permite crear plazos hermosos y receptivos en su sitio de WordPress con facilidad<\/li>\n<li>Incluye una variedad de opciones de dise\u00f1o personalizables, que incluyen orientaciones verticales y horizontales, y la capacidad de agregar im\u00e1genes, videos e \u00edconos personalizados.<\/li>\n<li>Configuraci\u00f3n r\u00e1pida y f\u00e1cil con funcionalidad de arrastrar y soltar, por lo que es accesible para los usuarios de todos los niveles de habilidad<\/li>\n<li>Las opciones de estilo incorporadas le permiten personalizar la apariencia de su l\u00ednea de tiempo para que coincida con su marca o dise\u00f1o de sitio web<\/li>\n<li>El dise\u00f1o receptivo asegura que su l\u00ednea de tiempo se vea genial en todos los dispositivos, desde escritorios hasta tel\u00e9fonos inteligentes<\/li>\n<li>Integraci\u00f3n perfecta con Themify Builder, lo que le permite incluir f\u00e1cilmente su l\u00ednea de tiempo en sus p\u00e1ginas existentes o dise\u00f1os postales<\/li>\n<li>Actualizaciones y soporte regulares del equipo de Themify, asegurando que el complemento permanezca actualizado y compatible con nuevas versiones de WordPress y Themify Builder<\/li>\n<li>Perfecto para exhibir eventos importantes, hitos o historial de empresas en su sitio web, o para crear una cartera de su trabajo o proyectos.<\/li>\n<\/ul>\n","protected":false},"excerpt":{"rendered":"<p>Sublime Themify Builder Timeline es un instrumento extremadamente formidable que faculta a los usuarios para dise\u00f1ar h\u00e1bilmente plazos extraordinarios con notable facilidad. Mediante su funcionalidad intuitiva de arrastre y ca\u00edda y su extensa gama de caracter\u00edsticas personalizables, tiene la capacidad de modales meticulosamente de moda que se adaptan exquisitamente a sus requisitos individuales. Independientemente de si lo est\u00e1 empleando para esfuerzos personales o para objetivos profesionales, la l\u00ednea de tiempo incomparable de Themify Builder es indiscutiblemente la soluci\u00f3n por excelencia para las personas que buscan asimilar plazos visualmente cautivadores en la tela de su sitio web.<\/p>\n","protected":false},"featured_media":167756,"comment_status":"open","ping_status":"open","template":"","meta":[],"product_brand":[2578],"product_cat":[1214,1206,1211],"product_tag":[1400],"class_list":{"0":"post-120261","1":"product","2":"type-product","3":"status-publish","4":"has-post-thumbnail","6":"product_brand-themify","7":"product_cat-personalizacion","8":"product_cat-plugins","9":"product_cat-wordpress-plugins","10":"product_tag-themify","11":"member-discount","12":"discount-restricted","14":"first","15":"instock","16":"sale","17":"downloadable","18":"virtual","19":"sold-individually","20":"purchasable","21":"product-type-simple"},"_links":{"self":[{"href":"https:\/\/gpl-love.com\/es\/wp-json\/wp\/v2\/product\/120261","targetHints":{"allow":["GET"]}}],"collection":[{"href":"https:\/\/gpl-love.com\/es\/wp-json\/wp\/v2\/product"}],"about":[{"href":"https:\/\/gpl-love.com\/es\/wp-json\/wp\/v2\/types\/product"}],"replies":[{"embeddable":true,"href":"https:\/\/gpl-love.com\/es\/wp-json\/wp\/v2\/comments?post=120261"}],"wp:featuredmedia":[{"embeddable":true,"href":"https:\/\/gpl-love.com\/es\/wp-json\/wp\/v2\/media\/167756"}],"wp:attachment":[{"href":"https:\/\/gpl-love.com\/es\/wp-json\/wp\/v2\/media?parent=120261"}],"wp:term":[{"taxonomy":"product_brand","embeddable":true,"href":"https:\/\/gpl-love.com\/es\/wp-json\/wp\/v2\/product_brand?post=120261"},{"taxonomy":"product_cat","embeddable":true,"href":"https:\/\/gpl-love.com\/es\/wp-json\/wp\/v2\/product_cat?post=120261"},{"taxonomy":"product_tag","embeddable":true,"href":"https:\/\/gpl-love.com\/es\/wp-json\/wp\/v2\/product_tag?post=120261"}],"curies":[{"name":"wp","href":"https:\/\/api.w.org\/{rel}","templated":true}]}}