{"id":120259,"date":"2025-03-31T00:00:00","date_gmt":"2025-03-31T05:00:00","guid":{"rendered":"https:\/\/gpl-love.com\/es\/?post_type=product&#038;p=120259"},"modified":"2026-04-10T11:27:56","modified_gmt":"2026-04-10T16:27:56","slug":"themify-builder-tiles-addon","status":"publish","type":"product","link":"https:\/\/gpl-love.com\/es\/producto\/themify-builder-tiles-addon\/","title":{"rendered":"Themify Builder Tiles Addon 3.5.4"},"content":{"rendered":"<h3>Themify Builder Tiles Addon Caracteristicas<\/h3>\n<p>El complemento Themify Builder Tiles es una extensi\u00f3n muy robusta y potente que incorpora efectivamente un m\u00f3dulo novedoso en el Builder Themify. Este m\u00f3dulo particular faculta a los usuarios para generar dise\u00f1os de mosaicos visualmente cautivadores y receptivos para sus respectivos sitios web. Ofreciendo una amplia gama de opciones de personalizaci\u00f3n que abarcan los efectos de animaci\u00f3n, los efectos del flujo, los colores de fondo y mucho m\u00e1s, los usuarios reciben la capacidad de fabricar dise\u00f1os verdaderamente distintivos y atractivos que poseen la capacidad innata para cautivar y absorber su p\u00fablico objetivo. Adem\u00e1s, el complemento cuenta con una interfaz f\u00e1cil de usar y una integraci\u00f3n perfecta con el constructor Themify, lo que hace que el proceso de incorporar dise\u00f1os de mosaico en cualquier p\u00e1gina o publique un esfuerzo notablemente sencillo y sin problemas. Independientemente de si uno est\u00e1 en el proceso de construir una cartera, blog o sitio de negocios, es inequ\u00edvocamente un testimonio del hecho de que el complemento de los mosaicos del constructor Themify representa una herramienta excepcional e invaluable con el prop\u00f3sito de engendrar exquisitamente bello y din\u00e1micamente higuera din\u00e1mica. dise\u00f1os.<\/p>\n<ul>\n<li>Un poderoso complemento para el constructor Themify que agrega dise\u00f1os de mosaicos predise\u00f1ados a su sitio web<\/li>\n<li>Elija entre m\u00e1s de 40 estilos de baldosas diferentes, que incluyen mamposter\u00eda, cuadr\u00edcula y baldosas de desplazamiento<\/li>\n<li>Personalice el dise\u00f1o y el dise\u00f1o de cada mosaico con opciones de arrastre y ca\u00edda f\u00e1cil de usar<\/li>\n<li>Agregue im\u00e1genes, videos, texto y otro contenido a sus mosaicos para un sitio web visualmente impresionante<\/li>\n<li>El dise\u00f1o receptivo asegura que sus mosaicos se vean bien en cualquier dispositivo<\/li>\n<li>Integre f\u00e1cilmente sus mosaicos con plataformas de redes sociales populares como Facebook, Twitter e Instagram<\/li>\n<li>Cree tipos de publicaciones y taxonom\u00edas personalizadas para personalizar a\u00fan m\u00e1s sus dise\u00f1os de mosaicos<\/li>\n<li>Compatible con todos los temas de Themify, as\u00ed como cualquier tema de WordPress<\/li>\n<li>Incluye acceso a la extensa documentaci\u00f3n y recursos de soporte de Themify<\/li>\n<li>El precio asequible lo hace accesible para empresas e individuos de todos los tama\u00f1os.<\/li>\n<\/ul>\n","protected":false},"excerpt":{"rendered":"<p>El complemento Themify Builder Tiles es un recurso excepcional e indispensable para las personas que buscan crear acuerdos sofisticados y fluidos basados \u200b\u200ben mosaicos en su estimado sitio web. Este notable complemento ofrece la capacidad de exhibir sin esfuerzo su contenido cautivador de una manera visualmente atractiva, destacando columnas personalizadas, espaciamiento y alternativas de animaci\u00f3n. Adem\u00e1s, se alinea sin problemas con el complemento Themify Builder, facilitando una integraci\u00f3n perfecta en el dise\u00f1o actual de su sitio web. Independientemente de si posee el t\u00edtulo de un dise\u00f1ador experto, un blogger dedicado o un ambicioso propietario de un negocio, The Themify Builder Tiles Addon, sin duda, merece un lugar destacado dentro de su juego de herramientas.<\/p>\n","protected":false},"featured_media":167755,"comment_status":"open","ping_status":"open","template":"","meta":[],"product_brand":[2578],"product_cat":[1214,1206,1211],"product_tag":[1400],"class_list":{"0":"post-120259","1":"product","2":"type-product","3":"status-publish","4":"has-post-thumbnail","6":"product_brand-themify","7":"product_cat-personalizacion","8":"product_cat-plugins","9":"product_cat-wordpress-plugins","10":"product_tag-themify","11":"member-discount","12":"discount-restricted","14":"first","15":"instock","16":"sale","17":"downloadable","18":"virtual","19":"sold-individually","20":"purchasable","21":"product-type-simple"},"_links":{"self":[{"href":"https:\/\/gpl-love.com\/es\/wp-json\/wp\/v2\/product\/120259","targetHints":{"allow":["GET"]}}],"collection":[{"href":"https:\/\/gpl-love.com\/es\/wp-json\/wp\/v2\/product"}],"about":[{"href":"https:\/\/gpl-love.com\/es\/wp-json\/wp\/v2\/types\/product"}],"replies":[{"embeddable":true,"href":"https:\/\/gpl-love.com\/es\/wp-json\/wp\/v2\/comments?post=120259"}],"wp:featuredmedia":[{"embeddable":true,"href":"https:\/\/gpl-love.com\/es\/wp-json\/wp\/v2\/media\/167755"}],"wp:attachment":[{"href":"https:\/\/gpl-love.com\/es\/wp-json\/wp\/v2\/media?parent=120259"}],"wp:term":[{"taxonomy":"product_brand","embeddable":true,"href":"https:\/\/gpl-love.com\/es\/wp-json\/wp\/v2\/product_brand?post=120259"},{"taxonomy":"product_cat","embeddable":true,"href":"https:\/\/gpl-love.com\/es\/wp-json\/wp\/v2\/product_cat?post=120259"},{"taxonomy":"product_tag","embeddable":true,"href":"https:\/\/gpl-love.com\/es\/wp-json\/wp\/v2\/product_tag?post=120259"}],"curies":[{"name":"wp","href":"https:\/\/api.w.org\/{rel}","templated":true}]}}