{"id":120257,"date":"2022-12-25T00:00:00","date_gmt":"2022-12-25T05:00:00","guid":{"rendered":"https:\/\/gpl-love.com\/es\/?post_type=product&#038;p=120257"},"modified":"2026-03-09T08:12:58","modified_gmt":"2026-03-09T13:12:58","slug":"themify-builder-countdown","status":"publish","type":"product","link":"https:\/\/gpl-love.com\/es\/producto\/themify-builder-countdown\/","title":{"rendered":"Themify Builder Countdown 3.0.1"},"content":{"rendered":"<h3>Themify Builder Countdown Caracteristicas<\/h3>\n<p>Themify Builder Countdown es una herramienta incre\u00edblemente robusta y potente que le otorga la capacidad de incorporar a la perfecci\u00f3n los temporizadores de cuenta regresiva totalmente personalizables en el marco de su sitio web. A trav\u00e9s de su interfaz de arrastrar y soltar altamente intuitiva y f\u00e1cil de usar, el dise\u00f1o y adaptaci\u00f3n sin esfuerzo para alinearse armoniosamente con la identidad y el dise\u00f1o del sitio web distintivos de su marca se convierte en un esfuerzo que se puede lograr sin esfuerzo. El empleo de las cuenta regresiva en su sitio web puede cumplir con una variedad de fines valiosos, como promover efectivamente las ventas o eventos sensibles al tiempo, cultivar una anticipaci\u00f3n ansiosa por la liberaci\u00f3n de productos novedosos o incentivar con \u00e9xito a las personas a inscribirse en cursos o seminarios web. Un surtido completo de caracter\u00edsticas est\u00e1 f\u00e1cilmente disponible dentro de este complemento, lo que le brinda la oportunidad de exhibir cuenta regresiva en formatos diversos y cautivadores, personalizar meticulosamente las fuentes y los colores para armonizar con la est\u00e9tica de su sitio web y establecer condiciones espec\u00edficas que dicten precisamente cuando las cuenta regresiva deber\u00edan materializarse. Al aprovechar las capacidades formidables de Themify Builder Countdown, puede elevar sin esfuerzo la experiencia del usuario de su sitio web a alturas incomparables e impulsar simult\u00e1neamente las conversiones al crear encantadores, deteniendo visualmente las cuenta regresiva que cautivan sin esfuerzo la atenci\u00f3n de su audiencia.<\/p>\n<ul>\n<li>Crear cuenta regresiva en cualquier p\u00e1gina o publicaci\u00f3n usando Themify Builder<\/li>\n<li>Estilizaci\u00f3n de cuenta regresiva personalizable que incluye fuente, color, tama\u00f1o y fondo<\/li>\n<li>M\u00faltiples ajustes de cuenta regresiva, incluidos d\u00edas, horas, minutos y segundos<\/li>\n<li>Mostrar cuenta atr\u00e1s en una variedad de formatos, como una cuenta regresiva b\u00e1sica o un temporizador de c\u00edrculo<\/li>\n<li>Elija entre diferentes estilos de animaci\u00f3n para sus cuenta regresiva<\/li>\n<li>Opci\u00f3n para mostrar m\u00faltiples cuenta regresiva en una sola p\u00e1gina<\/li>\n<li>Perfecto para promocionar eventos, lanzamientos de productos y anuncios especiales<\/li>\n<li>Interfaz f\u00e1cil de usar con funcionalidad f\u00e1cil de arrastrar y soltar<\/li>\n<li>Compatible con todos los temas de Themify y versiones de WordPress<\/li>\n<li>Responsable m\u00f3vil y totalmente adaptable para todos los tama\u00f1os de dispositivos<\/li>\n<\/ul>\n","protected":false},"excerpt":{"rendered":"<p>La cuenta regresiva de Themify Builder es una herramienta extraordinariamente robusta e incre\u00edblemente \u00fatil que ha sido meticulosamente elaborada y espec\u00edficamente dise\u00f1ada con el prop\u00f3sito expreso de ayudarlo en la creaci\u00f3n y el desarrollo de p\u00e1ginas de cuenta regresiva visualmente cautivadora y est\u00e9ticamente agradable que seguramente dejar\u00e1n una impresi\u00f3n duradera en su Visitantes del sitio web. Al utilizar su funcionalidad de arrastrar y soltar intuitivamente, posee la capacidad de incorporar sin esfuerzo una variedad de elementos atractivos y llamativos, como temporizadores de cuenta regresiva, fuentes a medida, im\u00e1genes cautivadoras y una mir\u00edada de otros componentes visualmente impresionantes en sus p\u00e1ginas web. . Independientemente de si se est\u00e1 embarcando en el lanzamiento de un nuevo producto muy esperado, tratando de promover una venta atractiva, o simplemente con el objetivo de cultivar una sensaci\u00f3n de anticipaci\u00f3n ferviente con la ansiosa anticipaci\u00f3n de un pr\u00f3ximo evento, la cuenta regresiva de Builder Themify representa la ideal y la excelencia. de manera que exhibir ingeniosamente su contenido, cautivar a su p\u00fablico objetivo y aprovechar efectivamente su atenci\u00f3n indivisa. En consecuencia, \u00bfpor qu\u00e9 demorarse m\u00e1s? No pierda m\u00e1s tiempo y aproveche la oportunidad para experimentar sus notables capacidades de primera mano. \u00a1Inicie su incursi\u00f3n en el \u00e1mbito de la creaci\u00f3n de la p\u00e1gina de cuenta regresiva hoy y presencie su p\u00e1gina se materialice en solo minutos!<\/p>\n","protected":false},"featured_media":167740,"comment_status":"open","ping_status":"open","template":"","meta":[],"product_brand":[2578],"product_cat":[1214,1206,1211],"product_tag":[1400],"class_list":{"0":"post-120257","1":"product","2":"type-product","3":"status-publish","4":"has-post-thumbnail","6":"product_brand-themify","7":"product_cat-personalizacion","8":"product_cat-plugins","9":"product_cat-wordpress-plugins","10":"product_tag-themify","11":"member-discount","12":"discount-restricted","14":"first","15":"instock","16":"sale","17":"downloadable","18":"virtual","19":"sold-individually","20":"purchasable","21":"product-type-simple"},"_links":{"self":[{"href":"https:\/\/gpl-love.com\/es\/wp-json\/wp\/v2\/product\/120257","targetHints":{"allow":["GET"]}}],"collection":[{"href":"https:\/\/gpl-love.com\/es\/wp-json\/wp\/v2\/product"}],"about":[{"href":"https:\/\/gpl-love.com\/es\/wp-json\/wp\/v2\/types\/product"}],"replies":[{"embeddable":true,"href":"https:\/\/gpl-love.com\/es\/wp-json\/wp\/v2\/comments?post=120257"}],"wp:featuredmedia":[{"embeddable":true,"href":"https:\/\/gpl-love.com\/es\/wp-json\/wp\/v2\/media\/167740"}],"wp:attachment":[{"href":"https:\/\/gpl-love.com\/es\/wp-json\/wp\/v2\/media?parent=120257"}],"wp:term":[{"taxonomy":"product_brand","embeddable":true,"href":"https:\/\/gpl-love.com\/es\/wp-json\/wp\/v2\/product_brand?post=120257"},{"taxonomy":"product_cat","embeddable":true,"href":"https:\/\/gpl-love.com\/es\/wp-json\/wp\/v2\/product_cat?post=120257"},{"taxonomy":"product_tag","embeddable":true,"href":"https:\/\/gpl-love.com\/es\/wp-json\/wp\/v2\/product_tag?post=120257"}],"curies":[{"name":"wp","href":"https:\/\/api.w.org\/{rel}","templated":true}]}}