{"id":120255,"date":"2024-03-06T00:00:00","date_gmt":"2024-03-06T05:00:00","guid":{"rendered":"https:\/\/gpl-love.com\/es\/?post_type=product&#038;p=120255"},"modified":"2026-04-10T11:27:46","modified_gmt":"2026-04-10T16:27:46","slug":"themify-builder-button-pro","status":"publish","type":"product","link":"https:\/\/gpl-love.com\/es\/producto\/themify-builder-button-pro\/","title":{"rendered":"Themify Builder Button 3.5.3"},"content":{"rendered":"<h3>Themify Builder Button Caracteristicas<\/h3>\n<p>El complemento del bot\u00f3n Themify Builder ofrece una multitud de opciones y caracter\u00edsticas que lo convierten en una herramienta altamente vers\u00e1til para crear botones visualmente atractivos en su sitio web. Ya sea que su intenci\u00f3n sea incluir un bot\u00f3n de llamada a acci\u00f3n en su p\u00e1gina de inicio o dise\u00f1ar un bot\u00f3n personalizado para una publicaci\u00f3n de blog, este complemento tiene todos los recursos necesarios para cumplir con sus requisitos. Proporciona una amplia selecci\u00f3n de plantillas de botones predise\u00f1adas, lo que le brinda la flexibilidad de elegir la que mejor se adapte a sus necesidades. Adem\u00e1s, tiene la libertad de personalizar su bot\u00f3n modificando su fuente, tama\u00f1o, color y forma, lo que le permite crear un bot\u00f3n que se alinee perfectamente con el dise\u00f1o general de su sitio web. Adem\u00e1s de eso, puede mejorar el impacto visual de su bot\u00f3n incorporando efectos de animaci\u00f3n cautivadores, asegurando que llame la atenci\u00f3n de sus visitantes. La naturaleza f\u00e1cil de usar del complemento, con su interfaz de arrastre sin esfuerzo y controles intuitivos, lo hace adecuado para personas con diferentes niveles de experiencia, incluidos novatos y dise\u00f1adores web experimentados por igual. Independientemente de si su objetivo principal es mejorar la participaci\u00f3n del usuario o elevar el atractivo est\u00e9tico de su sitio web, el complemento del bot\u00f3n Themify Builder es una herramienta indispensable que todo propietario del sitio web debe poseer.<\/p>\n<ul>\n<li>Creador de botones potente y f\u00e1cil de usar para Temify Builder<\/li>\n<li>Personalizar formas de botones, tama\u00f1os, colores y estilos con facilidad<\/li>\n<li>Accesible para principiantes pero vers\u00e1tiles para usuarios avanzados<\/li>\n<li>Se integra a la perfecci\u00f3n con los m\u00f3dulos de constructor y complementos<\/li>\n<li>Ofrece una amplia variedad de efectos de flujo y opciones de animaci\u00f3n<\/li>\n<li>Tiempos de carga mejorados y optimizado para un rendimiento r\u00e1pido<\/li>\n<li>Admite dise\u00f1o receptivo y dispositivos m\u00f3viles<\/li>\n<li>Construido con c\u00f3digo limpio y optimizado para compatibilidad con otros complementos y temas<\/li>\n<li>Actualizado regularmente con nuevas funciones y mejoras<\/li>\n<li>Apoyo profesional del equipo de Themify<\/li>\n<\/ul>\n","protected":false},"excerpt":{"rendered":"<p>El bot\u00f3n Themify Builder, una herramienta altamente eficiente, permite la creaci\u00f3n sin esfuerzo de botones visualmente cautivadores en su sitio web simplemente haciendo clic en algunos botones. Su interfaz f\u00e1cil de usar, junto con una gran cantidad de opciones personalizables, le facilita los botones de moda sin esfuerzo que se alinean con su identidad de marca al tiempo que cautivan simult\u00e1neamente el inter\u00e9s de sus visitantes. Ya sea el deseo de promover una venta, atraer registros o tr\u00e1fico directo hacia una p\u00e1gina espec\u00edfica, el bot\u00f3n Themify Builder sirve como la soluci\u00f3n definitiva para integrar un componente sofisticado de llamado a acci\u00f3n en su sitio web.<\/p>\n","protected":false},"featured_media":167737,"comment_status":"open","ping_status":"open","template":"","meta":[],"product_brand":[2578],"product_cat":[1214,1206,1211],"product_tag":[1400],"class_list":{"0":"post-120255","1":"product","2":"type-product","3":"status-publish","4":"has-post-thumbnail","6":"product_brand-themify","7":"product_cat-personalizacion","8":"product_cat-plugins","9":"product_cat-wordpress-plugins","10":"product_tag-themify","11":"member-discount","12":"discount-restricted","14":"first","15":"instock","16":"sale","17":"downloadable","18":"virtual","19":"sold-individually","20":"purchasable","21":"product-type-simple"},"_links":{"self":[{"href":"https:\/\/gpl-love.com\/es\/wp-json\/wp\/v2\/product\/120255","targetHints":{"allow":["GET"]}}],"collection":[{"href":"https:\/\/gpl-love.com\/es\/wp-json\/wp\/v2\/product"}],"about":[{"href":"https:\/\/gpl-love.com\/es\/wp-json\/wp\/v2\/types\/product"}],"replies":[{"embeddable":true,"href":"https:\/\/gpl-love.com\/es\/wp-json\/wp\/v2\/comments?post=120255"}],"wp:featuredmedia":[{"embeddable":true,"href":"https:\/\/gpl-love.com\/es\/wp-json\/wp\/v2\/media\/167737"}],"wp:attachment":[{"href":"https:\/\/gpl-love.com\/es\/wp-json\/wp\/v2\/media?parent=120255"}],"wp:term":[{"taxonomy":"product_brand","embeddable":true,"href":"https:\/\/gpl-love.com\/es\/wp-json\/wp\/v2\/product_brand?post=120255"},{"taxonomy":"product_cat","embeddable":true,"href":"https:\/\/gpl-love.com\/es\/wp-json\/wp\/v2\/product_cat?post=120255"},{"taxonomy":"product_tag","embeddable":true,"href":"https:\/\/gpl-love.com\/es\/wp-json\/wp\/v2\/product_tag?post=120255"}],"curies":[{"name":"wp","href":"https:\/\/api.w.org\/{rel}","templated":true}]}}