{"id":120226,"date":"2022-12-24T00:00:00","date_gmt":"2022-12-24T05:00:00","guid":{"rendered":"https:\/\/gpl-love.com\/es\/?post_type=product&#038;p=120226"},"modified":"2026-03-09T08:13:17","modified_gmt":"2026-03-09T13:13:17","slug":"themify-builder-slideshow","status":"publish","type":"product","link":"https:\/\/gpl-love.com\/es\/producto\/themify-builder-slideshow\/","title":{"rendered":"Themify Builder Slideshow 3.0.2"},"content":{"rendered":"<h3>Themify Builder Slideshow Caracteristicas<\/h3>\n<p>Themify Builder Slideshow ofrece una gran cantidad de energ\u00eda y facilidad de uso, con el objetivo de ayudar a los usuarios a crear presentaciones de diapositivas visualmente llamativas y receptivas para sus sitios web. Este complemento incre\u00edblemente innovador se integra sin problemas con el constructor de Themify, otorgando a los usuarios el dominio completo de cada aspecto de su presentaci\u00f3n de diapositivas, que van desde su dise\u00f1o y dise\u00f1o hasta los efectos y el tiempo de transici\u00f3n. Con una extensa gama de opciones de personalizaci\u00f3n a su disposici\u00f3n y la capacidad de incorporar texto, im\u00e1genes y videos, la creaci\u00f3n de presentaciones de diapositivas interactivas e interactivas que encantar\u00e1 a su audiencia y magnificar\u00e1 la presentaci\u00f3n de sus productos o servicios se convierte en un esfuerzo sin costuras. Ya sea que desee infundir su p\u00e1gina de inicio con una dosis adicional de encanto visual o curar una cartera din\u00e1mica, puede estar seguro de que la presentaci\u00f3n de diapositivas de Itmify Builder demostrar\u00e1 ser una herramienta excepcional para la tarea en cuesti\u00f3n.<\/p>\n<ul>\n<li>Un constructor de presentaciones de diapositivas potente y personalizable para sitios web de WordPress<\/li>\n<li>Elija entre m\u00faltiples dise\u00f1os de diapositivas y opciones de animaci\u00f3n<\/li>\n<li>Creaci\u00f3n de diapositivas din\u00e1micas y atractivas sin esfuerzo con funcionalidad de arrastre y ca\u00edda<\/li>\n<li>Agregar f\u00e1cilmente im\u00e1genes, videos y otros elementos de medios a sus diapositivas<\/li>\n<li>Personalizar fuentes, colores, transiciones y otros elementos de dise\u00f1o para que coincidan con la est\u00e9tica de su sitio web<\/li>\n<li>Responsable para dispositivos m\u00f3viles, por lo que sus presentaciones de diapositivas se ver\u00e1n muy bien en todos los dispositivos<\/li>\n<li>SEO amigable, con opciones para agregar etiquetas alternativas y t\u00edtulos a las im\u00e1genes para una mejor visibilidad del motor de b\u00fasqueda<\/li>\n<li>Se integra perfectamente con Themify Builder, para que pueda incorporar f\u00e1cilmente sus presentaciones de diapositivas en el dise\u00f1o de su sitio web<\/li>\n<li>Viene con documentaci\u00f3n integral y atenci\u00f3n al cliente del equipo de Themify<\/li>\n<li>Actualizado regularmente con nuevas caracter\u00edsticas y mejoras para mantener sus presentaciones de diapositivas frescas y atractivas.<\/li>\n<\/ul>\n","protected":false},"excerpt":{"rendered":"<p>La presentaci\u00f3n de diapositivas de Themify Builder es una herramienta incre\u00edblemente vers\u00e1til e inmensamente poderosa que permite a los usuarios crear sin esfuerzo presumidos de diapositivas en su sitio web o blog. Con una extensa variedad de caracter\u00edsticas avanzadas y una multitud de opciones personalizables, las personas tienen la capacidad de generar presentaciones de diapositivas visualmente impresionantes y din\u00e1micas que exhiben y resaltan su contenido de manera m\u00e1s \u00f3ptima y notable. Independientemente de si uno tiene como objetivo exhibir una cartera extraordinaria, promover sus productos excepcionales o simplemente proporcionar un encuentro fascinante y visualmente estimulante para sus estimados visitantes, la presentaci\u00f3n de diapositivas del constructor Themify sirve como la soluci\u00f3n consumada. Por lo tanto, \u00bfpor qu\u00e9 dudar m\u00e1s? \u00a1Inicie el proceso hoy y eleve su sitio web a alturas sin precedentes!<\/p>\n","protected":false},"featured_media":167754,"comment_status":"open","ping_status":"open","template":"","meta":[],"product_brand":[2578],"product_cat":[1214,1206,1211],"product_tag":[1400],"class_list":{"0":"post-120226","1":"product","2":"type-product","3":"status-publish","4":"has-post-thumbnail","6":"product_brand-themify","7":"product_cat-personalizacion","8":"product_cat-plugins","9":"product_cat-wordpress-plugins","10":"product_tag-themify","11":"member-discount","12":"discount-restricted","14":"first","15":"instock","16":"sale","17":"downloadable","18":"virtual","19":"sold-individually","20":"purchasable","21":"product-type-simple"},"_links":{"self":[{"href":"https:\/\/gpl-love.com\/es\/wp-json\/wp\/v2\/product\/120226","targetHints":{"allow":["GET"]}}],"collection":[{"href":"https:\/\/gpl-love.com\/es\/wp-json\/wp\/v2\/product"}],"about":[{"href":"https:\/\/gpl-love.com\/es\/wp-json\/wp\/v2\/types\/product"}],"replies":[{"embeddable":true,"href":"https:\/\/gpl-love.com\/es\/wp-json\/wp\/v2\/comments?post=120226"}],"wp:featuredmedia":[{"embeddable":true,"href":"https:\/\/gpl-love.com\/es\/wp-json\/wp\/v2\/media\/167754"}],"wp:attachment":[{"href":"https:\/\/gpl-love.com\/es\/wp-json\/wp\/v2\/media?parent=120226"}],"wp:term":[{"taxonomy":"product_brand","embeddable":true,"href":"https:\/\/gpl-love.com\/es\/wp-json\/wp\/v2\/product_brand?post=120226"},{"taxonomy":"product_cat","embeddable":true,"href":"https:\/\/gpl-love.com\/es\/wp-json\/wp\/v2\/product_cat?post=120226"},{"taxonomy":"product_tag","embeddable":true,"href":"https:\/\/gpl-love.com\/es\/wp-json\/wp\/v2\/product_tag?post=120226"}],"curies":[{"name":"wp","href":"https:\/\/api.w.org\/{rel}","templated":true}]}}