{"id":120224,"date":"2024-05-12T00:00:00","date_gmt":"2024-05-12T05:00:00","guid":{"rendered":"https:\/\/gpl-love.com\/es\/?post_type=product&#038;p=120224"},"modified":"2026-04-10T11:27:55","modified_gmt":"2026-04-10T16:27:55","slug":"themify-builder-slider-pro","status":"publish","type":"product","link":"https:\/\/gpl-love.com\/es\/producto\/themify-builder-slider-pro\/","title":{"rendered":"Themify Builder Slider Pro 3.5.3"},"content":{"rendered":"<h3>Themify Builder Slider Pro Caracteristicas<\/h3>\n<p>Themify Builder Slider Pro, un complemento de WordPress robusto y multifac\u00e9tico, faculta a los usuarios de los controles deslizantes personalizados para sus sitios web. Ofreciendo una variedad de plantillas predise\u00f1adas y una interfaz de arrastrar y soltar f\u00e1cilmente con usuarios, los individuos pueden personalizar sin esfuerzo a sus controles deslizantes para exhibir su contenido de manera visualmente cautivadora. Este complemento abarca funcionalidades avanzadas como la autoplaz, la navegaci\u00f3n de deslizamiento t\u00e1ctil y los dise\u00f1os de ancho completo, asegurando un rendimiento sin problemas en todos los dispositivos debido a su total capacidad de respuesta. Independientemente de si uno tiene como objetivo exhibir sus productos, acentuar su cartera o fabricar pancartas que llamen la atenci\u00f3n, Themify Builder Slider Pro se considera como la soluci\u00f3n \u00f3ptima para generar controles deslizantes atractivos y din\u00e1micos en su sitio de WordPress.<\/p>\n<ul>\n<li>Cree controles deslizantes hermosos y receptivos para su sitio web con facilidad<\/li>\n<li>Efectos de transici\u00f3n personalizables y dise\u00f1os de diapositivas<\/li>\n<li>Agregue capas ilimitadas de contenido, incluidos texto, im\u00e1genes y videos<\/li>\n<li>Admite gestos t\u00e1ctiles para usuarios m\u00f3viles<\/li>\n<li>Capacidad para agregar puntos de acceso y enlaces a diapositivas espec\u00edficas<\/li>\n<li>Incluye una biblioteca de plantillas de control deslizante predise\u00f1adas para comenzar<\/li>\n<li>Integraci\u00f3n con Themify Builder y otros constructores de p\u00e1ginas populares<\/li>\n<li>Compatible con WordPress y otros sistemas de gesti\u00f3n de contenido<\/li>\n<li>Opci\u00f3n para agregar configuraci\u00f3n de temporizador y reproducci\u00f3n autom\u00e1tica para sus controles deslizantes<\/li>\n<li>Dise\u00f1o receptivo para garantizar que su control deslizante se vea muy bien en cualquier dispositivo<\/li>\n<\/ul>\n","protected":false},"excerpt":{"rendered":"<p>Themify Builder Slider Pro es un complemento de WordPress incre\u00edblemente robusto y f\u00e1cil de usar que se ha desarrollado ingeniosamente para facilitar la creaci\u00f3n sin esfuerzo de controles deslizantes sofisticados y refinados. Este complemento excepcional cuenta con un extenso repertorio de impresionantes opciones de dise\u00f1o y caracter\u00edsticas personalizables, lo que le otorga la libertad de presentar su contenido de una manera est\u00e9ticamente cautivadora y cautivadora. Adem\u00e1s, su interfaz de arrastrar y soltar notablemente intuitiva le impulsa a dise\u00f1ar dise\u00f1os de deslizamiento intrincados sin esfuerzo en un solo cuesti\u00f3n de minutos, mientras que su dise\u00f1o infalible adaptable garantiza que sus controles deslizantes mantengan su apariencia resplandeciente en todos los dispositivos. Adem\u00e1s, la inclusi\u00f3n de funcionalidades avanzadas, como el desplazamiento de paralaje y los fondos de video, eleva sus controles deslizantes a alturas sin precedentes, lo que le permite curar maravillas visuales realmente impresionantes que dejan un impacto duradero en su estimada audiencia.<\/p>\n","protected":false},"featured_media":167753,"comment_status":"open","ping_status":"open","template":"","meta":[],"product_brand":[2578],"product_cat":[1214,1206,1211],"product_tag":[1400],"class_list":{"0":"post-120224","1":"product","2":"type-product","3":"status-publish","4":"has-post-thumbnail","6":"product_brand-themify","7":"product_cat-personalizacion","8":"product_cat-plugins","9":"product_cat-wordpress-plugins","10":"product_tag-themify","11":"member-discount","12":"discount-restricted","14":"first","15":"instock","16":"sale","17":"downloadable","18":"virtual","19":"sold-individually","20":"purchasable","21":"product-type-simple"},"_links":{"self":[{"href":"https:\/\/gpl-love.com\/es\/wp-json\/wp\/v2\/product\/120224","targetHints":{"allow":["GET"]}}],"collection":[{"href":"https:\/\/gpl-love.com\/es\/wp-json\/wp\/v2\/product"}],"about":[{"href":"https:\/\/gpl-love.com\/es\/wp-json\/wp\/v2\/types\/product"}],"replies":[{"embeddable":true,"href":"https:\/\/gpl-love.com\/es\/wp-json\/wp\/v2\/comments?post=120224"}],"wp:featuredmedia":[{"embeddable":true,"href":"https:\/\/gpl-love.com\/es\/wp-json\/wp\/v2\/media\/167753"}],"wp:attachment":[{"href":"https:\/\/gpl-love.com\/es\/wp-json\/wp\/v2\/media?parent=120224"}],"wp:term":[{"taxonomy":"product_brand","embeddable":true,"href":"https:\/\/gpl-love.com\/es\/wp-json\/wp\/v2\/product_brand?post=120224"},{"taxonomy":"product_cat","embeddable":true,"href":"https:\/\/gpl-love.com\/es\/wp-json\/wp\/v2\/product_cat?post=120224"},{"taxonomy":"product_tag","embeddable":true,"href":"https:\/\/gpl-love.com\/es\/wp-json\/wp\/v2\/product_tag?post=120224"}],"curies":[{"name":"wp","href":"https:\/\/api.w.org\/{rel}","templated":true}]}}