{"id":120222,"date":"2024-09-13T00:00:00","date_gmt":"2024-09-13T05:00:00","guid":{"rendered":"https:\/\/gpl-love.com\/es\/?post_type=product&#038;p=120222"},"modified":"2026-04-10T11:27:54","modified_gmt":"2026-04-10T16:27:54","slug":"themify-builder-progress-bar","status":"publish","type":"product","link":"https:\/\/gpl-love.com\/es\/producto\/themify-builder-progress-bar\/","title":{"rendered":"Themify Builder Progress Bar 3.5.3"},"content":{"rendered":"<h3>Themify Builder Progress Bar Caracteristicas<\/h3>\n<p>La barra de progreso de Themify Builder, una herramienta incre\u00edblemente poderosa, ha sido elaborada por expertos para elevar el encanto est\u00e9tico de su sitio web. Este complemento fenomenal cuenta con la extraordinaria capacidad de generar sin esfuerzo barras de progreso visualmente cautivadoras, lo que le permite exhibir su notable progreso y logros de una manera extremadamente sofisticada y profesional. Adem\u00e1s, su interfaz notablemente f\u00e1cil de usar la hace extremadamente sin esfuerzo para los novatos para fabricar barras de progreso exquisitas desprovistas de cualquier experiencia de codificaci\u00f3n previa. En un golpe de brillantez, este complemento tambi\u00e9n abarca una inmensa variedad de opciones de personalizaci\u00f3n, lo que le brinda la flexibilidad sin esfuerzo para adaptar perfectamente los colores y los estilos para alinearse impecablemente con la marca distintiva de su sitio web. Sin lugar a dudas, la barra de progreso de Themify Builder es un complemento indispensable para cualquier individuo exigente que busque ardientemente optimizar el encanto visual de su sitio web al tiempo que aumenta la experiencia general del usuario.<\/p>\n<ul>\n<li>Herramienta de barra de progreso f\u00e1cil de usar para construir sitios web de aspecto profesional que usan Temify Builder<\/li>\n<li>Opciones de dise\u00f1o totalmente personalizables, que incluyen color de fondo, color de la barra de progreso y tama\u00f1o de texto de etiqueta<\/li>\n<li>Opci\u00f3n para elegir entre porcentaje o visualizaci\u00f3n de valor num\u00e9rico para el seguimiento del progreso<\/li>\n<li>M\u00faltiples opciones de animaci\u00f3n, incluidas las personas lineales y de la facilidad, para una experiencia din\u00e1mica de usuario<\/li>\n<li>Capacidad para ajustar f\u00e1cilmente el tama\u00f1o y la colocaci\u00f3n de la barra de progreso en la p\u00e1gina utilizando la interfaz de arrastrar y soltar de Themify Builder<\/li>\n<li>El dise\u00f1o receptivo m\u00f3vil garantiza una experiencia de visualizaci\u00f3n perfecta en todos los dispositivos<\/li>\n<li>Compatible con la amplia gama de otras caracter\u00edsticas y complementos de Themify Builder.<\/li>\n<\/ul>\n","protected":false},"excerpt":{"rendered":"<p>La barra de progreso de Themify Builder es una herramienta muy f\u00e1cil de usar y sin complicaciones que brinda la oportunidad de incorporar barras de progreso complejas y visualmente cautivadoras en su sitio web. Al ofrecer una amplia gama de opciones de personalizaci\u00f3n, tiene la flexibilidad de adaptar sin esfuerzo el color, la opacidad y la altura de sus barras de progreso, adem\u00e1s de seleccionar un color de fondo o integrar un efecto de animaci\u00f3n atractivo. Ya sea que su objetivo es establecer barras de progreso con el fin de monitorear el progreso del usuario, lograr objetivos de ventas o analizar otras m\u00e9tricas vitales, este complemento notable abarca todas las caracter\u00edsticas esenciales requeridas para un comienzo notable. Por lo tanto, \u00bfpor qu\u00e9 prolongar? \u00a1No pierda el tiempo y adquiera la barra de progreso de Themify Builder hoy para elevar su sitio web a alturas sin precedentes!<\/p>\n","protected":false},"featured_media":167752,"comment_status":"open","ping_status":"open","template":"","meta":[],"product_brand":[2578],"product_cat":[1214,1206,1211],"product_tag":[1400],"class_list":{"0":"post-120222","1":"product","2":"type-product","3":"status-publish","4":"has-post-thumbnail","6":"product_brand-themify","7":"product_cat-personalizacion","8":"product_cat-plugins","9":"product_cat-wordpress-plugins","10":"product_tag-themify","11":"member-discount","12":"discount-restricted","14":"first","15":"instock","16":"sale","17":"downloadable","18":"virtual","19":"sold-individually","20":"purchasable","21":"product-type-simple"},"_links":{"self":[{"href":"https:\/\/gpl-love.com\/es\/wp-json\/wp\/v2\/product\/120222","targetHints":{"allow":["GET"]}}],"collection":[{"href":"https:\/\/gpl-love.com\/es\/wp-json\/wp\/v2\/product"}],"about":[{"href":"https:\/\/gpl-love.com\/es\/wp-json\/wp\/v2\/types\/product"}],"replies":[{"embeddable":true,"href":"https:\/\/gpl-love.com\/es\/wp-json\/wp\/v2\/comments?post=120222"}],"wp:featuredmedia":[{"embeddable":true,"href":"https:\/\/gpl-love.com\/es\/wp-json\/wp\/v2\/media\/167752"}],"wp:attachment":[{"href":"https:\/\/gpl-love.com\/es\/wp-json\/wp\/v2\/media?parent=120222"}],"wp:term":[{"taxonomy":"product_brand","embeddable":true,"href":"https:\/\/gpl-love.com\/es\/wp-json\/wp\/v2\/product_brand?post=120222"},{"taxonomy":"product_cat","embeddable":true,"href":"https:\/\/gpl-love.com\/es\/wp-json\/wp\/v2\/product_cat?post=120222"},{"taxonomy":"product_tag","embeddable":true,"href":"https:\/\/gpl-love.com\/es\/wp-json\/wp\/v2\/product_tag?post=120222"}],"curies":[{"name":"wp","href":"https:\/\/api.w.org\/{rel}","templated":true}]}}