{"id":120220,"date":"2025-02-09T00:00:00","date_gmt":"2025-02-09T05:00:00","guid":{"rendered":"https:\/\/gpl-love.com\/es\/?post_type=product&#038;p=120220"},"modified":"2026-04-10T11:27:52","modified_gmt":"2026-04-10T16:27:52","slug":"themify-builder-pointers","status":"publish","type":"product","link":"https:\/\/gpl-love.com\/es\/producto\/themify-builder-pointers\/","title":{"rendered":"Themify Builder Pointers 3.5.4"},"content":{"rendered":"<h3>Themify Builder Pointers Caracteristicas<\/h3>\n<p>Los punteros del constructor Themify demuestran ser un activo extremadamente formidable para facilitar la creaci\u00f3n de sitios web visualmente llamativos y profesionalmente pulidos con la mayor facilidad. Este complemento notablemente completo abarca una amplia gama de caracter\u00edsticas, brindando a los usuarios la oportunidad de integrar a la perfecci\u00f3n varios elementos en su sitio web, incluidos, entre otros, texto, im\u00e1genes, videos y widgets personalizados, todos los cuales pueden agregarse sin esfuerzo a trav\u00e9s del arrastre intuitivo -y funcionalidad de ca\u00edda. Armados con punteros de constructor de Themify, las personas pueden adaptar sin esfuerzo sus sitios web para satisfacer sus necesidades espec\u00edficas, ya sea aprovechando la variedad de plantillas predise\u00f1adas a su disposici\u00f3n o comenzando desde cero y construyendo meticulosamente un dise\u00f1o distintivo e incomparable. La interfaz f\u00e1cil de usar, junto con la inclusi\u00f3n de animaciones incorporadas y opciones de estilo avanzado, asegura que el proceso de dise\u00f1ar sitios web din\u00e1micos y cautivadores sea muy f\u00e1cil, incluso para aquellos que carecen de experiencia en codificaci\u00f3n. Por lo tanto, si uno se encuentra en las etapas nacientes de su viaje de desarrollo web o es un veterano experimentado en el campo, la naturaleza indispensable de los consejos de constructor de Themify no puede ser exagerado, lo que hace que sea una necesidad absoluta para cualquier persona que busque sitios web visualmente atractivos y altamente funcionales. .<\/p>\n<ul>\n<li>Proporciona una interfaz f\u00e1cil de usar para crear impresionantes dise\u00f1os de sitios web<\/li>\n<li>Viene con m\u00f3dulos predise\u00f1ados para una construcci\u00f3n de sitios web m\u00e1s r\u00e1pida<\/li>\n<li>Permite la personalizaci\u00f3n de cada elemento sin tener que codificar<\/li>\n<li>Ofrece una amplia gama de opciones de dise\u00f1o, que incluyen colores, fuentes y dise\u00f1os.<\/li>\n<li>Admite todos los temas populares de WordPress<\/li>\n<li>Incluye caracter\u00edsticas para el dise\u00f1o receptivo, haciendo que su sitio web se vea genial en cualquier dispositivo<\/li>\n<li>Funciona sin problemas con otros complementos y complementos de Themify Builder<\/li>\n<li>Proporciona actualizaciones y soporte peri\u00f3dicos para una experiencia fluida de construcci\u00f3n de sitios web<\/li>\n<\/ul>\n","protected":false},"excerpt":{"rendered":"<p>Los punteros del constructor, una herramienta altamente potente y vers\u00e1til, amplifica significativamente las funcionalidades del constructor de WordPress Themify. Al proporcionar una navegaci\u00f3n sin esfuerzo a trav\u00e9s de elementos de dise\u00f1o y facilitar la edici\u00f3n y manipulaci\u00f3n sin esfuerzo, simplifica considerablemente el proceso general. A trav\u00e9s de su interfaz que es intuitiva para los usuarios y la configuraci\u00f3n que son personalizables, los constructores pueden optimizar eficientemente su flujo de trabajo y generar r\u00e1pidamente sitios web visualmente cautivadores y adaptativos. Independientemente de si uno es un desarrollador web experimentado o un novato, Themify Builder Hointers, sin duda, se destaca como una adici\u00f3n indispensable a su juego de herramientas.<\/p>\n","protected":false},"featured_media":167749,"comment_status":"open","ping_status":"open","template":"","meta":[],"product_brand":[2578],"product_cat":[1214,1206,1211],"product_tag":[1400],"class_list":{"0":"post-120220","1":"product","2":"type-product","3":"status-publish","4":"has-post-thumbnail","6":"product_brand-themify","7":"product_cat-personalizacion","8":"product_cat-plugins","9":"product_cat-wordpress-plugins","10":"product_tag-themify","11":"member-discount","12":"discount-restricted","14":"first","15":"instock","16":"sale","17":"downloadable","18":"virtual","19":"sold-individually","20":"purchasable","21":"product-type-simple"},"_links":{"self":[{"href":"https:\/\/gpl-love.com\/es\/wp-json\/wp\/v2\/product\/120220","targetHints":{"allow":["GET"]}}],"collection":[{"href":"https:\/\/gpl-love.com\/es\/wp-json\/wp\/v2\/product"}],"about":[{"href":"https:\/\/gpl-love.com\/es\/wp-json\/wp\/v2\/types\/product"}],"replies":[{"embeddable":true,"href":"https:\/\/gpl-love.com\/es\/wp-json\/wp\/v2\/comments?post=120220"}],"wp:featuredmedia":[{"embeddable":true,"href":"https:\/\/gpl-love.com\/es\/wp-json\/wp\/v2\/media\/167749"}],"wp:attachment":[{"href":"https:\/\/gpl-love.com\/es\/wp-json\/wp\/v2\/media?parent=120220"}],"wp:term":[{"taxonomy":"product_brand","embeddable":true,"href":"https:\/\/gpl-love.com\/es\/wp-json\/wp\/v2\/product_brand?post=120220"},{"taxonomy":"product_cat","embeddable":true,"href":"https:\/\/gpl-love.com\/es\/wp-json\/wp\/v2\/product_cat?post=120220"},{"taxonomy":"product_tag","embeddable":true,"href":"https:\/\/gpl-love.com\/es\/wp-json\/wp\/v2\/product_tag?post=120220"}],"curies":[{"name":"wp","href":"https:\/\/api.w.org\/{rel}","templated":true}]}}