{"id":120218,"date":"2025-10-24T00:00:00","date_gmt":"2025-10-24T05:00:00","guid":{"rendered":"https:\/\/gpl-love.com\/es\/?post_type=product&#038;p=120218"},"modified":"2026-03-09T08:13:09","modified_gmt":"2026-03-09T13:13:09","slug":"themify-builder-mosaic","status":"publish","type":"product","link":"https:\/\/gpl-love.com\/es\/producto\/themify-builder-mosaic\/","title":{"rendered":"Themify Builder Mosaic 3.5.6"},"content":{"rendered":"<h3>Themify Builder Mosaic Caracteristicas<\/h3>\n<p>Themify Builder Mosaic es una herramienta incre\u00edblemente robusta y altamente eficiente que brinda a los usuarios la capacidad excepcional para generar dise\u00f1os de mosaico impresionantes sin esfuerzo para sus sitios web, todo sin requerir ning\u00fan conocimiento o experiencia de codificaci\u00f3n previa. Ofreciendo una amplia gama de opciones incre\u00edblemente vers\u00e1tiles y personalizables, los usuarios est\u00e1n facultados para seleccionar sin esfuerzo entre una amplia gama de estilos de cuadr\u00edcula, efectos de animaci\u00f3n cautivadores, as\u00ed como las opciones de superposici\u00f3n cautivadores, con el objetivo final de construir un dise\u00f1o incomparable, cautivador visualmente y cautivador visualmente cautivador. para su sitio web. Adem\u00e1s, el dise\u00f1o receptivo y amigable para los dispositivos m\u00f3viles asegura que el dise\u00f1o de mosaico mantenga su apariencia excepcional y visualmente llamativa, independientemente del dispositivo que se utilice. Themify Builder Mosaic representa la soluci\u00f3n perfecta para todas las personas que buscan infundir el dise\u00f1o de su sitio web con un nivel incomparable de creatividad y compromiso.<\/p>\n<ul>\n<li>Crea hermosos dise\u00f1os de mosaico para tu sitio web de WordPress<\/li>\n<li>La interfaz de arrastrar y soltar hace que sea f\u00e1cil de usar para todos, independientemente de las habilidades de codificaci\u00f3n<\/li>\n<li>Elija entre plantillas prefabricadas o personalice completamente su propio dise\u00f1o<\/li>\n<li>Dise\u00f1o receptivo significa que su dise\u00f1o de mosaico se ver\u00e1 genial en todos los dispositivos<\/li>\n<li>Compatible con Themify Builder y Themify Temas Ultra<\/li>\n<li>Tiempo de carga de p\u00e1gina mejorado con c\u00f3digo optimizado<\/li>\n<li>Opciones de color ilimitadas para un aspecto verdaderamente \u00fanico<\/li>\n<li>Herramientas de correcci\u00f3n de hechizos y de conteo de palabras para garantizar la creaci\u00f3n de contenido impecable<\/li>\n<li>Integraci\u00f3n con plataformas de redes sociales populares para un f\u00e1cil intercambio y compromiso.<\/li>\n<\/ul>\n","protected":false},"excerpt":{"rendered":"<p>El Builder Mosaic, un complemento de WordPress altamente vers\u00e1til y notablemente potente, presenta una soluci\u00f3n excepcional para generar dise\u00f1os y cuadr\u00edculas de mosaico inspiradoras. A trav\u00e9s de su interfaz de arrastrar y soltar f\u00e1cilmente de usuario, manipule sin esfuerzo la disposici\u00f3n de su contenido en una multitud de configuraciones y estilos personalizados, aumentando as\u00ed el atractivo visual y la naturaleza cautivadora de su sitio web para cautivar a sus estimados visitantes. Ya sea la exhibici\u00f3n de su cartera, exhibici\u00f3n de productos o establecimiento de una galer\u00eda en l\u00ednea, Themify Builder Mosaic se encuentra como el instrumento final para infundir una dosis adicional de ingenio y sofisticaci\u00f3n en su sitio web, elev\u00e1ndolo a niveles sin precedentes de creatividad y profesionalismo.<\/p>\n","protected":false},"featured_media":167748,"comment_status":"open","ping_status":"open","template":"","meta":[],"product_brand":[2578],"product_cat":[1214,1206,1211],"product_tag":[1400],"class_list":{"0":"post-120218","1":"product","2":"type-product","3":"status-publish","4":"has-post-thumbnail","6":"product_brand-themify","7":"product_cat-personalizacion","8":"product_cat-plugins","9":"product_cat-wordpress-plugins","10":"product_tag-themify","11":"member-discount","12":"discount-restricted","14":"first","15":"instock","16":"sale","17":"downloadable","18":"virtual","19":"sold-individually","20":"purchasable","21":"product-type-simple"},"_links":{"self":[{"href":"https:\/\/gpl-love.com\/es\/wp-json\/wp\/v2\/product\/120218","targetHints":{"allow":["GET"]}}],"collection":[{"href":"https:\/\/gpl-love.com\/es\/wp-json\/wp\/v2\/product"}],"about":[{"href":"https:\/\/gpl-love.com\/es\/wp-json\/wp\/v2\/types\/product"}],"replies":[{"embeddable":true,"href":"https:\/\/gpl-love.com\/es\/wp-json\/wp\/v2\/comments?post=120218"}],"wp:featuredmedia":[{"embeddable":true,"href":"https:\/\/gpl-love.com\/es\/wp-json\/wp\/v2\/media\/167748"}],"wp:attachment":[{"href":"https:\/\/gpl-love.com\/es\/wp-json\/wp\/v2\/media?parent=120218"}],"wp:term":[{"taxonomy":"product_brand","embeddable":true,"href":"https:\/\/gpl-love.com\/es\/wp-json\/wp\/v2\/product_brand?post=120218"},{"taxonomy":"product_cat","embeddable":true,"href":"https:\/\/gpl-love.com\/es\/wp-json\/wp\/v2\/product_cat?post=120218"},{"taxonomy":"product_tag","embeddable":true,"href":"https:\/\/gpl-love.com\/es\/wp-json\/wp\/v2\/product_tag?post=120218"}],"curies":[{"name":"wp","href":"https:\/\/api.w.org\/{rel}","templated":true}]}}