{"id":120216,"date":"2024-07-11T00:00:00","date_gmt":"2024-07-11T05:00:00","guid":{"rendered":"https:\/\/gpl-love.com\/es\/?post_type=product&#038;p=120216"},"modified":"2026-04-10T11:27:50","modified_gmt":"2026-04-10T16:27:50","slug":"themify-builder-infinite-posts","status":"publish","type":"product","link":"https:\/\/gpl-love.com\/es\/producto\/themify-builder-infinite-posts\/","title":{"rendered":"Themify Builder Infinite Posts 3.5.4"},"content":{"rendered":"<h3>Themify Builder Infinite Posts Caracteristicas<\/h3>\n<p>Themify Builder Infinite Publics es un complemento de WordPress extremadamente robusto que ofrece a los propietarios de sitios web la capacidad perfecta de exhibir sin esfuerzo y expedentemente un n\u00famero inagotable de publicaciones en su sitio web. El complemento faculta a los usuarios adaptar sin esfuerzo el dise\u00f1o y el dise\u00f1o de sus publicaciones en virtud de la interfaz de arrastre y ca\u00edda instintiva de Themify. Esta herramienta es indispensable para los bloggers que se esfuerzan por mostrar sus \u00faltimos art\u00edculos o plataformas de comercio electr\u00f3nico que desean exhibir sus productos, ya que mejora significativamente la funcionalidad y el encanto est\u00e9tico de su sitio web. Con la capacidad de exhibir publicaciones en una cuadr\u00edcula visualmente cautivadora o en un formato de lista integral y sistem\u00e1tico, este complemento formidable asegura que su contenido se presente de la manera m\u00e1s cautivadora y centrada en el usuario. Orientado a ahorrar tiempo y facilitar la comodidad, las publicaciones infinitas de Themify Builder representa la opci\u00f3n preeminente para las personas que est\u00e1n realmente comprometidas con la optimizaci\u00f3n de su sitio web de WordPress.<\/p>\n<ul>\n<li>La herramienta Themify Builder Infinite Publics le permite mostrar un n\u00famero ilimitado de publicaciones sin paginaci\u00f3n o recarga de p\u00e1ginas<\/li>\n<li>Puede personalizar c\u00f3mo se muestran sus publicaciones infinitas, con opciones para mostrar u ocultar categor\u00edas de publicaciones, autores y m\u00e1s<\/li>\n<li>Con la funcionalidad de desplazamiento infinito incorporada, los visitantes de su sitio web pueden navegar sin problemas a trav\u00e9s de todas sus publicaciones sin tener que hacer clic en diferentes p\u00e1ginas<\/li>\n<li>Esta herramienta es totalmente receptiva, asegurando que sus publicaciones infinitas se muestren perfectamente en cualquier dispositivo<\/li>\n<li>Puede integrar f\u00e1cilmente sus publicaciones infinitas en su sitio web de WordPress utilizando la interfaz Themify Builder Drag-and Drop, que no requiere conocimientos de codificaci\u00f3n<\/li>\n<li>Con el soporte para los tipos de publicaciones personalizadas y las taxonom\u00edas personalizadas, puede usar la herramienta de publicaciones infinitas de Themify Builder para mostrar cualquier tipo de contenido que desee<\/li>\n<li>Themify Builder Infinite Publics es compatible con una amplia gama de temas de WordPress, por lo que es una opci\u00f3n vers\u00e1til para cualquier propietario del sitio web<\/li>\n<\/ul>\n","protected":false},"excerpt":{"rendered":"<p>Themify Builder Infinite Publics es una herramienta incre\u00edblemente robusta que brinda a los usuarios la capacidad excepcional de exhibir sin esfuerzo una multitud infinita de publicaciones en su sitio web. Por medio de su interfaz de arrastrar y soltar notablemente f\u00e1cil de usar, los individuos est\u00e1n facultados para construir cuadr\u00edculas y carrusels interactivos e interactivos que muestren efectivamente su contenido de una manera profundamente vibrante y cautivadora. Ya sea que la ocupaci\u00f3n gire en torno a los blogs, el marketing o la creaci\u00f3n de contenido, este complemento extraordinario ofrece una asistencia invaluable en la creaci\u00f3n de dise\u00f1os asombrosamente impresionantes y altamente receptivos que sin duda cautivar\u00e1n a la audiencia, engendrando una sensaci\u00f3n de compromiso perpetuo y un deseo de visitas repetidas. En consecuencia, si uno se encuentra en busca de un medio verdaderamente incomparable para aumentar los niveles de tr\u00e1fico, compromiso y conversiones experimentadas por su sitio web, no necesitan parecer m\u00e1s all\u00e1 de las capacidades excepcionales de las incomparables publicaciones infinitas de Themify Builder.<\/p>\n","protected":false},"featured_media":167745,"comment_status":"open","ping_status":"open","template":"","meta":[],"product_brand":[2578],"product_cat":[1214,1206,1211],"product_tag":[1400],"class_list":{"0":"post-120216","1":"product","2":"type-product","3":"status-publish","4":"has-post-thumbnail","6":"product_brand-themify","7":"product_cat-personalizacion","8":"product_cat-plugins","9":"product_cat-wordpress-plugins","10":"product_tag-themify","11":"member-discount","12":"discount-restricted","14":"first","15":"instock","16":"sale","17":"downloadable","18":"virtual","19":"sold-individually","20":"purchasable","21":"product-type-simple"},"_links":{"self":[{"href":"https:\/\/gpl-love.com\/es\/wp-json\/wp\/v2\/product\/120216","targetHints":{"allow":["GET"]}}],"collection":[{"href":"https:\/\/gpl-love.com\/es\/wp-json\/wp\/v2\/product"}],"about":[{"href":"https:\/\/gpl-love.com\/es\/wp-json\/wp\/v2\/types\/product"}],"replies":[{"embeddable":true,"href":"https:\/\/gpl-love.com\/es\/wp-json\/wp\/v2\/comments?post=120216"}],"wp:featuredmedia":[{"embeddable":true,"href":"https:\/\/gpl-love.com\/es\/wp-json\/wp\/v2\/media\/167745"}],"wp:attachment":[{"href":"https:\/\/gpl-love.com\/es\/wp-json\/wp\/v2\/media?parent=120216"}],"wp:term":[{"taxonomy":"product_brand","embeddable":true,"href":"https:\/\/gpl-love.com\/es\/wp-json\/wp\/v2\/product_brand?post=120216"},{"taxonomy":"product_cat","embeddable":true,"href":"https:\/\/gpl-love.com\/es\/wp-json\/wp\/v2\/product_cat?post=120216"},{"taxonomy":"product_tag","embeddable":true,"href":"https:\/\/gpl-love.com\/es\/wp-json\/wp\/v2\/product_tag?post=120216"}],"curies":[{"name":"wp","href":"https:\/\/api.w.org\/{rel}","templated":true}]}}