{"id":120214,"date":"2022-12-25T00:00:00","date_gmt":"2022-12-25T05:00:00","guid":{"rendered":"https:\/\/gpl-love.com\/es\/?post_type=product&#038;p=120214"},"modified":"2026-03-09T08:13:03","modified_gmt":"2026-03-09T13:13:03","slug":"themify-builder-infinite-background","status":"publish","type":"product","link":"https:\/\/gpl-love.com\/es\/producto\/themify-builder-infinite-background\/","title":{"rendered":"Themify Builder Infinite Background 3.0.1"},"content":{"rendered":"<h3>Themify Builder Infinite Background Caracteristicas<\/h3>\n<p>Presentando el incre\u00edble fondo de Themify Builder Infinite, un complemento innovador dise\u00f1ado para revolucionar la forma en que los usuarios incorporan efectos de desplazamiento de fondo infinito en sus sitios web. Este complemento excepcional le permite infundir sin esfuerzo su sitio web con elementos visualmente cautivadores que sin duda cautivar\u00e1n y mantendr\u00e1n el inter\u00e9s de sus estimados visitantes. Ofreciendo una facilidad de uso incomparable, el complemento de fondo infinito est\u00e1 equipado con una amplia gama de opciones personalizables, lo que lo convierte en la mejor opci\u00f3n para usuarios de WordPress novatos y experimentados por igual. Ya sea que aspira a integrar un efecto de desplazamiento sutilmente atractivo o un espect\u00e1culo visual m\u00e1s grandioso y sorprendente, Themify Garant\u00edas de antecedentes infinitos del constructor para cumplir y superar todas sus expectativas. Desatara todo el potencial del encanto visual de su sitio web y garantice una participaci\u00f3n \u00f3ptima de los visitantes al embarcarse en un viaje inolvidable con los antecedentes infinitos de Themify Builder hoy.<\/p>\n<ul>\n<li>Agrega opciones de fondo infinitas al complemento Themify Builder<\/li>\n<li>Permite a los usuarios crear fondos visualmente impresionantes y continuos<\/li>\n<li>Incluye una extensa biblioteca de patrones de fondo, im\u00e1genes y gradientes<\/li>\n<li>Opciones de personalizaci\u00f3n para opacidad, transici\u00f3n y direcci\u00f3n<\/li>\n<li>Compatible con todos los temas de Themify y otros temas de WordPress<\/li>\n<li>F\u00e1cil de usar, con funcionalidad de arrastrar y soltar<\/li>\n<li>No se requiere codificaci\u00f3n<\/li>\n<li>Ahorra tiempo y esfuerzo en la creaci\u00f3n de antecedentes \u00fanicos y profesionales<\/li>\n<li>Soporte y actualizaciones regulares proporcionadas por el equipo de Themify<\/li>\n<li>Mejora el dise\u00f1o del sitio web y mejora la experiencia del usuario.<\/li>\n<\/ul>\n","protected":false},"excerpt":{"rendered":"<p>El fondo Infinite de Themify Builder, una herramienta muy potente para elaborar dise\u00f1os visualmente llamativos y cautivos, ofrece a los usuarios la capacidad de generar sin esfuerzo desplazamiento de fondos que le otorgar\u00e1n a sus sitios web una apariencia incomparable y en constante evoluci\u00f3n. Esta notable caracter\u00edstica armoniza sin problemas con cualquier m\u00f3dulo de constructor de Themify, lo que brinda a los usuarios la oportunidad de combinar y yuxtaponer a la perfecci\u00f3n varios elementos para lograr su efecto deseado. Independientemente de si uno est\u00e1 dise\u00f1ando una cartera, blog o sitio web de comercio electr\u00f3nico, esta notable herramienta est\u00e1 garantizada para cautivar y hipnotizar a los visitantes, asegurando su compromiso continuo. No pierda tiempo y se embarque en un viaje transformador mientras abraza esta herramienta hoy, impulsando su sitio web a alturas desconocidas.<\/p>\n","protected":false},"featured_media":167744,"comment_status":"open","ping_status":"open","template":"","meta":[],"product_brand":[2578],"product_cat":[1214,1206,1211],"product_tag":[1400],"class_list":{"0":"post-120214","1":"product","2":"type-product","3":"status-publish","4":"has-post-thumbnail","6":"product_brand-themify","7":"product_cat-personalizacion","8":"product_cat-plugins","9":"product_cat-wordpress-plugins","10":"product_tag-themify","11":"member-discount","12":"discount-restricted","14":"first","15":"instock","16":"sale","17":"downloadable","18":"virtual","19":"sold-individually","20":"purchasable","21":"product-type-simple"},"_links":{"self":[{"href":"https:\/\/gpl-love.com\/es\/wp-json\/wp\/v2\/product\/120214","targetHints":{"allow":["GET"]}}],"collection":[{"href":"https:\/\/gpl-love.com\/es\/wp-json\/wp\/v2\/product"}],"about":[{"href":"https:\/\/gpl-love.com\/es\/wp-json\/wp\/v2\/types\/product"}],"replies":[{"embeddable":true,"href":"https:\/\/gpl-love.com\/es\/wp-json\/wp\/v2\/comments?post=120214"}],"wp:featuredmedia":[{"embeddable":true,"href":"https:\/\/gpl-love.com\/es\/wp-json\/wp\/v2\/media\/167744"}],"wp:attachment":[{"href":"https:\/\/gpl-love.com\/es\/wp-json\/wp\/v2\/media?parent=120214"}],"wp:term":[{"taxonomy":"product_brand","embeddable":true,"href":"https:\/\/gpl-love.com\/es\/wp-json\/wp\/v2\/product_brand?post=120214"},{"taxonomy":"product_cat","embeddable":true,"href":"https:\/\/gpl-love.com\/es\/wp-json\/wp\/v2\/product_cat?post=120214"},{"taxonomy":"product_tag","embeddable":true,"href":"https:\/\/gpl-love.com\/es\/wp-json\/wp\/v2\/product_tag?post=120214"}],"curies":[{"name":"wp","href":"https:\/\/api.w.org\/{rel}","templated":true}]}}