{"id":120168,"date":"2025-04-17T00:00:00","date_gmt":"2025-04-17T05:00:00","guid":{"rendered":"https:\/\/gpl-love.com\/es\/?post_type=product&#038;p=120168"},"modified":"2026-03-09T08:25:43","modified_gmt":"2026-03-09T13:25:43","slug":"woocommerce-split-orders","status":"publish","type":"product","link":"https:\/\/gpl-love.com\/es\/producto\/woocommerce-split-orders\/","title":{"rendered":"WooCommerce Split Orders 1.8.2"},"content":{"rendered":"<h3>WooCommerce Split Orders Caracteristicas<\/h3>\n<p>Los pedidos divididos de WooCommerce, una herramienta altamente eficaz, ofrecen a los usuarios la capacidad de dividir sus \u00f3rdenes en numerosos env\u00edos, lo que facilita el proceso de separaci\u00f3n de pedidos en env\u00edos distintos debido a las limitaciones planteadas por el stock de productos, la ubicaci\u00f3n de env\u00edo o cualquier otro factor. A trav\u00e9s de la utilizaci\u00f3n de los pedidos divididos de WooCommerce, los usuarios pueden generar sin esfuerzo m\u00faltiples env\u00edos para una sola orden, asignando productos espec\u00edficos a cada env\u00edo individual. Adem\u00e1s, este complemento capacita a los usuarios con la capacidad de monitorear meticulosamente cada env\u00edo individualmente, otorg\u00e1ndoles as\u00ed una visibilidad integral en toda la operaci\u00f3n de env\u00edo. En esencia, los pedidos divididos de WooCommerce sirven para optimizar el procedimiento de env\u00edo, lo que resulta en el tiempo y el ahorro de recursos, al tiempo que refuerza los niveles de satisfacci\u00f3n del cliente.<\/p>\n<ul>\n<li>Simplifica el proceso de divisi\u00f3n de pedidos en WooCommerce<\/li>\n<li>Permite a los clientes dividir un solo pedido en m\u00faltiples env\u00edos<\/li>\n<li>Ofrece opciones flexibles para la divisi\u00f3n de pedidos seg\u00fan el tipo de producto, la cantidad o el precio<\/li>\n<li>Proporciona una interfaz clara y simple para administrar pedidos divididos<\/li>\n<li>Se integra sin esfuerzo con las pasarelas de env\u00edo y pago compatibles con WooCommerce<\/li>\n<li>Admite el seguimiento del env\u00edo parcial y la consolidaci\u00f3n de pedidos para mejorar la satisfacci\u00f3n del cliente<\/li>\n<li>Ahorra tiempo y reduce los errores asociados con la divisi\u00f3n y el seguimiento del orden manual<\/li>\n<li>Mejora la eficiencia de la gesti\u00f3n de pedidos y las l\u00edneas de racionalizaci\u00f3n de los procesos de env\u00edo y cumplimiento<\/li>\n<li>Aumenta la lealtad del cliente y aumenta los ingresos al optimizar la experiencia de compra del cliente.<\/li>\n<\/ul>\n","protected":false},"excerpt":{"rendered":"<p>Los pedidos divididos de WooCommerce se presenta como una soluci\u00f3n incre\u00edblemente robusta y efectiva para los comerciantes en l\u00ednea con el objetivo de mejorar y optimizar sus procedimientos de gesti\u00f3n de pedidos. A trav\u00e9s de la utilizaci\u00f3n de este complemento innovador, los comerciantes pueden dividir sin esfuerzo un orden en m\u00faltiples env\u00edos, asignando m\u00e9todos de env\u00edo distintos para cada env\u00edo individual, mientras que incluso tienen la capacidad de dividir el pago en transacciones separadas. Adem\u00e1s, este complemento ofrece la comodidad de crear una l\u00f3gica personalizada para la divisi\u00f3n de pedidos, lo que permite un proceso de cumplimiento automatizado y simplificado. Independientemente de si opera un negocio modesto a peque\u00f1a escala o una grandiosa tienda de comercio electr\u00f3nico, los pedidos divididos de WooCommerce demuestran ser una herramienta indispensable para optimizar y perfeccionar su flujo de trabajo de gesti\u00f3n de pedidos.<\/p>\n","protected":false},"featured_media":168276,"comment_status":"open","ping_status":"open","template":"","meta":[],"product_brand":[2344],"product_cat":[1207,1248,1206],"product_tag":[1423],"class_list":{"0":"post-120168","1":"product","2":"type-product","3":"status-publish","4":"has-post-thumbnail","6":"product_brand-woocommerce","7":"product_cat-comercio-electronico-plugins","8":"product_cat-personalizacion-comercio-electronico-plugins","9":"product_cat-plugins","10":"product_tag-woocommerce","11":"member-discount","12":"discount-restricted","14":"first","15":"instock","16":"sale","17":"downloadable","18":"virtual","19":"sold-individually","20":"purchasable","21":"product-type-simple"},"_links":{"self":[{"href":"https:\/\/gpl-love.com\/es\/wp-json\/wp\/v2\/product\/120168","targetHints":{"allow":["GET"]}}],"collection":[{"href":"https:\/\/gpl-love.com\/es\/wp-json\/wp\/v2\/product"}],"about":[{"href":"https:\/\/gpl-love.com\/es\/wp-json\/wp\/v2\/types\/product"}],"replies":[{"embeddable":true,"href":"https:\/\/gpl-love.com\/es\/wp-json\/wp\/v2\/comments?post=120168"}],"wp:featuredmedia":[{"embeddable":true,"href":"https:\/\/gpl-love.com\/es\/wp-json\/wp\/v2\/media\/168276"}],"wp:attachment":[{"href":"https:\/\/gpl-love.com\/es\/wp-json\/wp\/v2\/media?parent=120168"}],"wp:term":[{"taxonomy":"product_brand","embeddable":true,"href":"https:\/\/gpl-love.com\/es\/wp-json\/wp\/v2\/product_brand?post=120168"},{"taxonomy":"product_cat","embeddable":true,"href":"https:\/\/gpl-love.com\/es\/wp-json\/wp\/v2\/product_cat?post=120168"},{"taxonomy":"product_tag","embeddable":true,"href":"https:\/\/gpl-love.com\/es\/wp-json\/wp\/v2\/product_tag?post=120168"}],"curies":[{"name":"wp","href":"https:\/\/api.w.org\/{rel}","templated":true}]}}