{"id":120166,"date":"2026-04-18T00:00:00","date_gmt":"2026-04-18T05:00:00","guid":{"rendered":"https:\/\/gpl-love.com\/es\/?post_type=product&#038;p=120166"},"modified":"2026-04-18T17:15:27","modified_gmt":"2026-04-18T22:15:27","slug":"document-library-pro","status":"publish","type":"product","link":"https:\/\/gpl-love.com\/es\/producto\/document-library-pro\/","title":{"rendered":"Document Library Pro 3.2.0"},"content":{"rendered":"<h3>Document Library Pro Caracteristicas<\/h3>\n<p>Document Library Pro es una herramienta incre\u00edblemente robusta que ofrece una funcionalidad extensa para manejar sin esfuerzo todos los requisitos de gesti\u00f3n de documentos. Esta herramienta notable cuenta con una interfaz f\u00e1cil de usar que es simple e intuitiva, lo que le permite organizar, almacenar y acceder r\u00e1pidamente a sus documentos. Con Document Library Pro a su disposici\u00f3n, tiene la capacidad de crear carpetas, subcarpetas y etiquetas, lo que le permite clasificar sin problemas sus documentos, facilitando la b\u00fasqueda y recuperaci\u00f3n sin esfuerzo siempre que surja la necesidad. Adem\u00e1s, esta poderosa herramienta extiende el soporte a varios tipos de archivos, que abarca PDFS, documentos de Word y hojas de c\u00e1lculo de Excel, al tiempo que ofrece caracter\u00edsticas indispensables como control de versiones y capacidades de colaboraci\u00f3n. Estos atributos invaluables le permiten colaborar con los miembros de su equipo en tiempo real, asegurando esfuerzos sincronizados en la edici\u00f3n y modificaci\u00f3n de documentos. Independientemente de si usted es un propietario de un negocio a peque\u00f1a escala o una parte de una gran corporaci\u00f3n, los documentos de la biblioteca de documentos representan indudablemente la soluci\u00f3n definitiva para todas sus necesidades de gesti\u00f3n de documentos.<\/p>\n<ul>\n<li>Organiza sus documentos para facilitar el acceso: Document Library Pro le permite organizar sus archivos mediante carpetas, etiquetas y categor\u00edas, lo que facilita la b\u00fasqueda y administraci\u00f3n de sus documentos.<\/li>\n<li>Aumento de la seguridad: con Document Library Pro, puede asegurarse de que sus archivos est\u00e9n protegidos al configurar el control de acceso y los permisos para usuarios o grupos espec\u00edficos.<\/li>\n<li>Vistas personalizables: Document Library Pro le permite personalizar su biblioteca y elegir qu\u00e9 columnas desea, cu\u00e1les son visibles y c\u00f3mo se clasifican.<\/li>\n<li>Mejor colaboraci\u00f3n: puede compartir sus documentos dentro de su equipo de forma segura y con facilidad con las funciones de colaboraci\u00f3n de Document Library Pro.<\/li>\n<li>Conveniente edici\u00f3n de documentos: Document Library Pro puede optimizar el proceso de edici\u00f3n de documentos para usted al permitir la edici\u00f3n en tiempo real a trav\u00e9s de Google Docs y mantener versiones y revisiones para fines referenciales.<\/li>\n<li>Capacidad de respuesta m\u00f3vil: Document Library Pro es sensible a los dispositivos m\u00f3viles, lo que le permite acceder a sus documentos sobre la marcha y trabajar desde cualquier lugar.<\/li>\n<li>Integraciones: el complemento de Document Library Pro permite la integraci\u00f3n con complementos populares como WooCommerce, formularios de gravedad, restringir Content Pro, LearnDash y m\u00e1s.<\/li>\n<li>Organizaci\u00f3n automatizada: obtiene una amplia gama de opciones de automatizaci\u00f3n que lo ayudan a ahorrar tiempo organizando archivos.<\/li>\n<li>Soporte y actualizaciones: proporcionamos actualizaciones regulares y atenci\u00f3n al cliente. Esto garantiza que nuestros clientes obtengan los \u00faltimos parches de seguridad y correcciones de errores; Soporte t\u00e9cnico gratuito por un a\u00f1o.<\/li>\n<\/ul>\n","protected":false},"excerpt":{"rendered":"<p>Document Library Pro es una soluci\u00f3n digital integral y de alto rendimiento que revoluciona la forma en que administra, almacena y comparte sus valiosos documentos. Esta herramienta de grado profesional proporciona una interfaz perfecta, lo que le permite catalogar una amplia gama de tipos de documentos en una biblioteca organizada y f\u00e1cil de navegar. Con Document Library Pro, puede realizar un seguimiento de todos sus archivos importantes, desde contratos comerciales hasta registros personales, con una facilidad y eficiencia excepcionales.<\/p>\n<p>Document Library Pro Streamline Gesti\u00f3n de documentos, sino que tambi\u00e9n eleva la forma en que comparte archivos. Con funciones de intercambio avanzado, puede distribuir documentos a colegas o clientes en segundos, ahorr\u00e1ndole un tiempo valioso y aumentando la productividad.<\/p>\n<p>Document Library Pro tambi\u00e9n valora su seguridad. Viene con medidas de seguridad robustas para garantizar que sus documentos est\u00e9n siempre protegidos. Esto incluye protecci\u00f3n de contrase\u00f1a, cifrado y almacenamiento seguro en la nube, lo que le brinda tranquilidad de que su informaci\u00f3n confidencial siempre est\u00e1 en manos seguras.<\/p>\n<p>Adem\u00e1s, Document Library Pro ofrece caracter\u00edsticas como el versiones de documentos, que le permite<\/p>\n","protected":false},"featured_media":165799,"comment_status":"open","ping_status":"open","template":"","meta":[],"product_brand":[2422],"product_cat":[1214,1206,1211],"product_tag":[1660],"class_list":{"0":"post-120166","1":"product","2":"type-product","3":"status-publish","4":"has-post-thumbnail","6":"product_brand-barn2","7":"product_cat-personalizacion","8":"product_cat-plugins","9":"product_cat-wordpress-plugins","10":"product_tag-barn2","11":"member-discount","12":"discount-restricted","14":"first","15":"instock","16":"sale","17":"downloadable","18":"virtual","19":"sold-individually","20":"purchasable","21":"product-type-simple"},"_links":{"self":[{"href":"https:\/\/gpl-love.com\/es\/wp-json\/wp\/v2\/product\/120166","targetHints":{"allow":["GET"]}}],"collection":[{"href":"https:\/\/gpl-love.com\/es\/wp-json\/wp\/v2\/product"}],"about":[{"href":"https:\/\/gpl-love.com\/es\/wp-json\/wp\/v2\/types\/product"}],"replies":[{"embeddable":true,"href":"https:\/\/gpl-love.com\/es\/wp-json\/wp\/v2\/comments?post=120166"}],"wp:featuredmedia":[{"embeddable":true,"href":"https:\/\/gpl-love.com\/es\/wp-json\/wp\/v2\/media\/165799"}],"wp:attachment":[{"href":"https:\/\/gpl-love.com\/es\/wp-json\/wp\/v2\/media?parent=120166"}],"wp:term":[{"taxonomy":"product_brand","embeddable":true,"href":"https:\/\/gpl-love.com\/es\/wp-json\/wp\/v2\/product_brand?post=120166"},{"taxonomy":"product_cat","embeddable":true,"href":"https:\/\/gpl-love.com\/es\/wp-json\/wp\/v2\/product_cat?post=120166"},{"taxonomy":"product_tag","embeddable":true,"href":"https:\/\/gpl-love.com\/es\/wp-json\/wp\/v2\/product_tag?post=120166"}],"curies":[{"name":"wp","href":"https:\/\/api.w.org\/{rel}","templated":true}]}}