{"id":120162,"date":"2025-02-20T00:00:00","date_gmt":"2025-02-20T05:00:00","guid":{"rendered":"https:\/\/gpl-love.com\/es\/?post_type=product&#038;p=120162"},"modified":"2026-04-10T11:16:52","modified_gmt":"2026-04-10T16:16:52","slug":"modern-events-advanced-location","status":"publish","type":"product","link":"https:\/\/gpl-love.com\/es\/producto\/modern-events-advanced-location\/","title":{"rendered":"Modern Events Calendar Advanced Location 1.3.5"},"content":{"rendered":"<h3>Modern Events Calendar Advanced Location Caracteristicas<\/h3>\n<p>La ubicaci\u00f3n avanzada del calendario de eventos modernos es realmente una adici\u00f3n excepcional a su arsenal de herramientas de gesti\u00f3n de eventos, que ofrece una gran cantidad de caracter\u00edsticas notables. En particular, este complemento le permite exhibir sin esfuerzo sus eventos en un mapa interactivo, simplificando el proceso de localizaci\u00f3n de su evento para sus estimados asistentes. Lo que distingue a este complemento es su incorporaci\u00f3n de Google Maps, que permite una integraci\u00f3n perfecta y una experiencia m\u00e1s inmersiva. Adem\u00e1s, la inclusi\u00f3n de marcadores de mapas personalizados y la capacidad de agregar un n\u00famero ilimitado de ubicaciones mejora a\u00fan m\u00e1s la versatilidad de este complemento. La interfaz f\u00e1cil de usar garantiza que pueda personalizar todos los aspectos de sus mapas, desde el nivel de zoom hasta la ubicaci\u00f3n precisa de los pasadores de ubicaci\u00f3n. Como tal, este complemento se convierte en un activo indispensable para los organizadores de eventos que buscan elevar la experiencia general de sus asistentes y optimizar el proceso de b\u00fasqueda de eventos. Adem\u00e1s de todas estas caracter\u00edsticas notables, la facilidad de instalaci\u00f3n y la usabilidad inmediata de la ubicaci\u00f3n avanzada del calendario de eventos modernos realmente lo convierte en un cambio de juego en el \u00e1mbito de la gesti\u00f3n de eventos. Al implementar este complemento, puede elevar sin esfuerzo sus esfuerzos de gesti\u00f3n de eventos, garantizando una experiencia perfecta y agradable para todos los asistentes.<\/p>\n<ul>\n<li>Agregue capacidades de ubicaci\u00f3n avanzada al calendario de eventos modernos.<\/li>\n<li>Muestre informaci\u00f3n de ubicaci\u00f3n precisa, incluida la latitud y la longitud, para cualquier evento.<\/li>\n<li>Use marcadores e \u00edconos personalizados para que sus ubicaciones de eventos se destaquen.<\/li>\n<li>Integre con Google Maps para proporcionar instrucciones precisas para sus asistentes.<\/li>\n<li>Permita que los organizadores del evento administren f\u00e1cilmente m\u00faltiples ubicaciones dentro del mismo evento.<\/li>\n<li>Actualice instant\u00e1neamente los detalles de la ubicaci\u00f3n si algo cambia, manteniendo a los asistentes al tanto.<\/li>\n<li>Mejore la planificaci\u00f3n de eventos proporcionando informaci\u00f3n de ubicaci\u00f3n detallada a los invitados.<\/li>\n<\/ul>\n","protected":false},"excerpt":{"rendered":"<p>La funci\u00f3n de ubicaci\u00f3n avanzada de calendario de eventos modernos sirve como un recurso ideal para los planificadores de eventos y las empresas que buscan desarrollar p\u00e1ginas de eventos que sean perfectas y visualmente cautivadoras. Al aprovechar esta herramienta, los usuarios obtienen la capacidad de incorporar sin esfuerzo formatos diversos, como direcciones y coordenadas, en sus eventos, lo que garantiza que los asistentes puedan localizar convenientemente el evento al tiempo que simplifican simult\u00e1neamente el proceso de planificaci\u00f3n. Adem\u00e1s, la funci\u00f3n de ubicaci\u00f3n avanzada facilita las opciones de personalizaci\u00f3n avanzada, lo que permite la creaci\u00f3n de p\u00e1ginas de eventos que son distintivas y fascinantes. Para aquellos que aspiran a elevar sus esfuerzos de planificaci\u00f3n de eventos a nuevas alturas, la funci\u00f3n de ubicaci\u00f3n avanzada de calendario de eventos modernos representa la soluci\u00f3n definitiva.<\/p>\n","protected":false},"featured_media":166798,"comment_status":"open","ping_status":"open","template":"","meta":[],"product_brand":[2408],"product_cat":[1214,1206,1211],"product_tag":[1419],"class_list":{"0":"post-120162","1":"product","2":"type-product","3":"status-publish","4":"has-post-thumbnail","6":"product_brand-webnus","7":"product_cat-personalizacion","8":"product_cat-plugins","9":"product_cat-wordpress-plugins","10":"product_tag-webnus","11":"member-discount","12":"discount-restricted","14":"first","15":"instock","16":"sale","17":"downloadable","18":"virtual","19":"sold-individually","20":"purchasable","21":"product-type-simple"},"_links":{"self":[{"href":"https:\/\/gpl-love.com\/es\/wp-json\/wp\/v2\/product\/120162","targetHints":{"allow":["GET"]}}],"collection":[{"href":"https:\/\/gpl-love.com\/es\/wp-json\/wp\/v2\/product"}],"about":[{"href":"https:\/\/gpl-love.com\/es\/wp-json\/wp\/v2\/types\/product"}],"replies":[{"embeddable":true,"href":"https:\/\/gpl-love.com\/es\/wp-json\/wp\/v2\/comments?post=120162"}],"wp:featuredmedia":[{"embeddable":true,"href":"https:\/\/gpl-love.com\/es\/wp-json\/wp\/v2\/media\/166798"}],"wp:attachment":[{"href":"https:\/\/gpl-love.com\/es\/wp-json\/wp\/v2\/media?parent=120162"}],"wp:term":[{"taxonomy":"product_brand","embeddable":true,"href":"https:\/\/gpl-love.com\/es\/wp-json\/wp\/v2\/product_brand?post=120162"},{"taxonomy":"product_cat","embeddable":true,"href":"https:\/\/gpl-love.com\/es\/wp-json\/wp\/v2\/product_cat?post=120162"},{"taxonomy":"product_tag","embeddable":true,"href":"https:\/\/gpl-love.com\/es\/wp-json\/wp\/v2\/product_tag?post=120162"}],"curies":[{"name":"wp","href":"https:\/\/api.w.org\/{rel}","templated":true}]}}