{"id":120160,"date":"2025-01-21T00:00:00","date_gmt":"2025-01-21T05:00:00","guid":{"rendered":"https:\/\/gpl-love.com\/es\/?post_type=product&#038;p=120160"},"modified":"2026-04-10T11:16:53","modified_gmt":"2026-04-10T16:16:53","slug":"modern-events-calendar-advanced-organizer","status":"publish","type":"product","link":"https:\/\/gpl-love.com\/es\/producto\/modern-events-calendar-advanced-organizer\/","title":{"rendered":"Modern Events Calendar Advanced Organizer 1.3.5"},"content":{"rendered":"<h3>Modern Events Calendar Advanced Organizer Caracteristicas<\/h3>\n<p>El Organizador de avances de Modern Events Calendar es una herramienta completa e integral que se ha dise\u00f1ado espec\u00edficamente con el objetivo de simplificar la tarea compleja y multifac\u00e9tica de la gesti\u00f3n de eventos. En virtud de su interfaz excepcionalmente f\u00e1cil de usar, este software de vanguardia permite la creaci\u00f3n sin esfuerzo, la edici\u00f3n y la organizaci\u00f3n general de una amplia gama de eventos en una variedad de formatos. Repleto de una impresionante variedad de caracter\u00edsticas, esta herramienta formidable ofrece una amplia selecci\u00f3n de funcionalidades, incluidas, entre otros, la capacidad de programar eventos recurrentes sin problemas, facilitar los procedimientos de boletos sin problemas, administrar eficientemente las reservas e integrarse sin problemas con los m\u00e1s populares con los m\u00e1s populares. y pasarelas de pago ampliamente utilizadas. Adem\u00e1s, con una vista calendario totalmente personalizable, este invaluable recurso le permite mostrar sus eventos de una manera que se adapte a sus requisitos y preferencias espec\u00edficas. Independientemente de si usted es un planificador de eventos, un propietario de un negocio o un organizador comunitario dedicado, el organizador avanzado de calendario de eventos modernos representa la soluci\u00f3n definitiva que le permitir\u00e1 optimizar sus procesos de gesti\u00f3n de eventos con la m\u00e1xima eficiencia y garantizar la ejecuci\u00f3n perfecta de tus eventos.<\/p>\n<ul>\n<li>Rechee la organizaci\u00f3n de eventos con una plataforma moderna e intuitiva que simplifica el proceso de principio a fin.<\/li>\n<li>Mantenga su horario perfectamente organizado con una herramienta integral que cubra todo, desde la planificaci\u00f3n hasta la ejecuci\u00f3n.<\/li>\n<li>Involucre a su audiencia con p\u00e1ginas de eventos bellamente dise\u00f1adas que impresionan y atraen a sus asistentes.<\/li>\n<li>Maximice su alcance con la integraci\u00f3n de las redes sociales que le permite compartir r\u00e1pidamente eventos en diferentes canales.<\/li>\n<li>Personalice las p\u00e1ginas de eventos con una variedad de opciones, desde niveles de precios y boletos hasta detalles de ubicaci\u00f3n y formularios de reserva.<\/li>\n<li>Simplifique la gesti\u00f3n de eventos con herramientas poderosas que le permiten rastrear a los asistentes, enviar recordatorios y administrar listas de invitados con facilidad.<\/li>\n<li>Mejore la comercializaci\u00f3n de sus eventos con caracter\u00edsticas avanzadas como widgets de cuenta regresiva, eventos recurrentes y m\u00e1s.<\/li>\n<li>Mejore la comunicaci\u00f3n de los asistentes y el compromiso con herramientas de mensajer\u00eda f\u00e1ciles de usar incorporadas directamente en la plataforma.<\/li>\n<li>Ya sea que est\u00e9 organizando una reuni\u00f3n de peque\u00f1as empresas o una conferencia a gran escala, el organizador avanzado de calendario de eventos modernos le permite crear, promover y administrar sus eventos con confianza.<\/li>\n<\/ul>\n","protected":false},"excerpt":{"rendered":"<p>El Organizador Advanced de Eventos Modernos, una herramienta excepcional dise\u00f1ada para administrar sin esfuerzo sus eventos, ofrece una variedad de caracter\u00edsticas avanzadas que le permiten curar experiencias de eventos notables, dejando una marca indeleble en sus asistentes. Con sus dise\u00f1os de eventos personalizables, capacidades de gesti\u00f3n de boletos y la capacidad de rastrear RSVP, este organizador incomparable garantiza una organizaci\u00f3n y ejecuci\u00f3n perfecta, ya sea que est\u00e9 orquestando una reuni\u00f3n \u00edntima o una conferencia de gran escala. \u00a1Emp\u00e1rate en la planificaci\u00f3n de tu pr\u00f3ximo evento hoy, aprovechando el poderoso organizador avanzado del calendario de eventos modernos!<\/p>\n","protected":false},"featured_media":166800,"comment_status":"open","ping_status":"open","template":"","meta":[],"product_brand":[2408],"product_cat":[1214,1206,1211],"product_tag":[1419],"class_list":{"0":"post-120160","1":"product","2":"type-product","3":"status-publish","4":"has-post-thumbnail","6":"product_brand-webnus","7":"product_cat-personalizacion","8":"product_cat-plugins","9":"product_cat-wordpress-plugins","10":"product_tag-webnus","11":"member-discount","12":"discount-restricted","14":"first","15":"instock","16":"sale","17":"downloadable","18":"virtual","19":"sold-individually","20":"purchasable","21":"product-type-simple"},"_links":{"self":[{"href":"https:\/\/gpl-love.com\/es\/wp-json\/wp\/v2\/product\/120160","targetHints":{"allow":["GET"]}}],"collection":[{"href":"https:\/\/gpl-love.com\/es\/wp-json\/wp\/v2\/product"}],"about":[{"href":"https:\/\/gpl-love.com\/es\/wp-json\/wp\/v2\/types\/product"}],"replies":[{"embeddable":true,"href":"https:\/\/gpl-love.com\/es\/wp-json\/wp\/v2\/comments?post=120160"}],"wp:featuredmedia":[{"embeddable":true,"href":"https:\/\/gpl-love.com\/es\/wp-json\/wp\/v2\/media\/166800"}],"wp:attachment":[{"href":"https:\/\/gpl-love.com\/es\/wp-json\/wp\/v2\/media?parent=120160"}],"wp:term":[{"taxonomy":"product_brand","embeddable":true,"href":"https:\/\/gpl-love.com\/es\/wp-json\/wp\/v2\/product_brand?post=120160"},{"taxonomy":"product_cat","embeddable":true,"href":"https:\/\/gpl-love.com\/es\/wp-json\/wp\/v2\/product_cat?post=120160"},{"taxonomy":"product_tag","embeddable":true,"href":"https:\/\/gpl-love.com\/es\/wp-json\/wp\/v2\/product_tag?post=120160"}],"curies":[{"name":"wp","href":"https:\/\/api.w.org\/{rel}","templated":true}]}}