{"id":120158,"date":"2025-10-28T00:00:00","date_gmt":"2025-10-28T05:00:00","guid":{"rendered":"https:\/\/gpl-love.com\/es\/?post_type=product&#038;p=120158"},"modified":"2026-03-09T07:33:29","modified_gmt":"2026-03-09T12:33:29","slug":"eventon-rsvp-events-waitlist","status":"publish","type":"product","link":"https:\/\/gpl-love.com\/es\/producto\/eventon-rsvp-events-waitlist\/","title":{"rendered":"EventOn RSVP Events Waitlist 1.1.5"},"content":{"rendered":"<h3>EventOn RSVP Events Waitlist Caracteristicas<\/h3>\n<p>La lista de espera de Eventon RSVP Events sirve como una herramienta altamente efectiva para administrar y supervisar eficientemente su lista de invitados para cualquier evento determinado. Este software excepcional le permite establecer sin esfuerzo una lista de espera para su evento, en consecuencia, garantizar su capacidad de monitorear meticulosamente el n\u00famero de asistentes anticipados, asegurando as\u00ed que cada individuo posee un lugar seguro. En virtud de su interfaz f\u00e1cil de usar y su proceso de configuraci\u00f3n directo, puede comenzar r\u00e1pidamente su viaje hacia acumulaciones de RSVP de sus estimados invitados. Adem\u00e1s, gracias a su variedad de caracter\u00edsticas de informes y an\u00e1lisis que todo lo abarcan, puede monitorear la asistencia de su evento sin problemas, adquiriendo as\u00ed ideas invaluables relacionadas con las tendencias de comportamiento de sus asistentes. Ya sea que est\u00e9 en medio de la organizaci\u00f3n de una reuni\u00f3n \u00edntima o orquestando una conferencia elaborada, la Lista de espera de eventos de Eventon RSVP representa sin lugar a dudas la soluci\u00f3n por excelencia para administrar efectivamente su lista exclusiva de invitados al tiempo que garantiza que cada participante disfrute de una experiencia excepcional e inoportuna en su evento.<\/p>\n<ul>\n<li>Opciones avanzadas de lista de espera para eventos de Eventon RSVP<\/li>\n<li>Realiza un seguimiento de los asistentes interesados \u200b\u200by disponibles<\/li>\n<li>Env\u00eda notificaciones autom\u00e1ticas cuando el espacio est\u00e1 disponible<\/li>\n<li>Configuraci\u00f3n de lista de espera personalizable para adaptarse a las necesidades de eventos<\/li>\n<li>Se integra a la perfecci\u00f3n con los eventos de Eventon RSVP<\/li>\n<li>Aumenta las tasas generales de asistencia al maximizar los espacios de eventos<\/li>\n<li>Interfaz f\u00e1cil de usar tanto para organizadores de eventos como para asistentes<\/li>\n<li>Ahorra tiempo y esfuerzo para administrar manualmente las listas de espera<\/li>\n<li>Proporciona datos valiosos sobre el comportamiento e inter\u00e9s de los asistentes<\/li>\n<li>Mejora la planificaci\u00f3n y gesti\u00f3n de eventos a largo plazo.<\/li>\n<\/ul>\n","protected":false},"excerpt":{"rendered":"<p>La utilizaci\u00f3n de la Lista de espera de eventos de Eventon RSVP constituye un mecanismo altamente potente para administrar efectivamente los registros de eventos. Al emplear este software, se le brinda la instalaci\u00f3n para monitorear sin esfuerzo a las personas que han confirmado su asistencia al evento, as\u00ed como a las que han sido colocadas en la lista de espera. Adem\u00e1s, debido a la inclusi\u00f3n de formularios de RSVP personalizables y una integraci\u00f3n perfecta con sistemas de pago prominentes, uno puede acumular los pagos convenientemente y supervisar efectivamente la compilaci\u00f3n de la lista de invitados dentro de una ubicaci\u00f3n singular. Adem\u00e1s, la provisi\u00f3n de notificaciones y recordatorios de correo electr\u00f3nico automatizados facilita la comunicaci\u00f3n perfecta entre el anfitri\u00f3n y sus invitados. Independientemente de si uno est\u00e1 organizando una reuni\u00f3n \u00edntima o una conferencia expansiva, la Lista de espera de eventos de Eventon RSVP sirve como una herramienta invaluable para optimizar y regular los procedimientos del evento.<\/p>\n","protected":false},"featured_media":166049,"comment_status":"open","ping_status":"open","template":"","meta":[],"product_brand":[2444],"product_cat":[1214,1206,1211],"product_tag":[1292],"class_list":{"0":"post-120158","1":"product","2":"type-product","3":"status-publish","4":"has-post-thumbnail","6":"product_brand-eventon","7":"product_cat-personalizacion","8":"product_cat-plugins","9":"product_cat-wordpress-plugins","10":"product_tag-eventon","11":"member-discount","12":"discount-restricted","14":"first","15":"instock","16":"sale","17":"downloadable","18":"virtual","19":"sold-individually","20":"purchasable","21":"product-type-simple"},"_links":{"self":[{"href":"https:\/\/gpl-love.com\/es\/wp-json\/wp\/v2\/product\/120158","targetHints":{"allow":["GET"]}}],"collection":[{"href":"https:\/\/gpl-love.com\/es\/wp-json\/wp\/v2\/product"}],"about":[{"href":"https:\/\/gpl-love.com\/es\/wp-json\/wp\/v2\/types\/product"}],"replies":[{"embeddable":true,"href":"https:\/\/gpl-love.com\/es\/wp-json\/wp\/v2\/comments?post=120158"}],"wp:featuredmedia":[{"embeddable":true,"href":"https:\/\/gpl-love.com\/es\/wp-json\/wp\/v2\/media\/166049"}],"wp:attachment":[{"href":"https:\/\/gpl-love.com\/es\/wp-json\/wp\/v2\/media?parent=120158"}],"wp:term":[{"taxonomy":"product_brand","embeddable":true,"href":"https:\/\/gpl-love.com\/es\/wp-json\/wp\/v2\/product_brand?post=120158"},{"taxonomy":"product_cat","embeddable":true,"href":"https:\/\/gpl-love.com\/es\/wp-json\/wp\/v2\/product_cat?post=120158"},{"taxonomy":"product_tag","embeddable":true,"href":"https:\/\/gpl-love.com\/es\/wp-json\/wp\/v2\/product_tag?post=120158"}],"curies":[{"name":"wp","href":"https:\/\/api.w.org\/{rel}","templated":true}]}}