{"id":120156,"date":"2025-02-20T00:00:00","date_gmt":"2025-02-20T05:00:00","guid":{"rendered":"https:\/\/gpl-love.com\/es\/?post_type=product&#038;p=120156"},"modified":"2026-04-10T11:16:53","modified_gmt":"2026-04-10T16:16:53","slug":"modern-events-calendar-advanced-speaker","status":"publish","type":"product","link":"https:\/\/gpl-love.com\/es\/producto\/modern-events-calendar-advanced-speaker\/","title":{"rendered":"Modern Events Calendar Advanced Speaker 1.3.5"},"content":{"rendered":"<h3>Modern Events Calendar Advanced Speaker Caracteristicas<\/h3>\n<p>El calendario de eventos modernos avanz\u00f3 el orador es un aparato ejemplar que posee un gran poder, beneficiando a los organizadores de eventos que buscan activamente m\u00e9todos para elevar sus eventos a un nivel de excelencia auditivo sin precedentes. Este notable orador intrincadamente dise\u00f1ado para proporcionar atravesados \u200b\u200bimpecables de calidad de sonido en el espectro de tipos de eventos, que abarca desde el exquisito medio de conferencias y seminarios hasta el ambiente jubiloso de bodas y fiestas. Sus avances tecnol\u00f3gicos de vanguardia aseguran la distribuci\u00f3n uniforme y equitativa de las ondas sonoras a lo largo de la extensi\u00f3n de la sala, garantizando que todos y cada uno de los asistentes dentro de la vecina puedan discernir y comprender sin esfuerzo cada s\u00edlaba pronunciada con la mayor claridad y precisi\u00f3n. Adornado con un dise\u00f1o contempor\u00e1neo y elegante, este altavoz avanzado de calendario de eventos modernos est\u00e1 imbuida de una interfaz que es f\u00e1cil de usar y es navegable sin esfuerzo, lo que hace una adici\u00f3n indispensable al repertorio de elementos esenciales en la herramienta de cada planificador de eventos experimentados. Independientemente de la magnitud de la reuni\u00f3n en cuesti\u00f3n, ya sea una reuni\u00f3n \u00edntima o un simple simposio venir.<\/p>\n<ul>\n<li>Dise\u00f1ado espec\u00edficamente para la gesti\u00f3n de eventos y la programaci\u00f3n de los oradores<\/li>\n<li>Caracter\u00edsticas avanzadas para administrar m\u00faltiples oradores y eventos<\/li>\n<li>Interfaz f\u00e1cil de usar para organizar y editar la informaci\u00f3n del altavoz<\/li>\n<li>Programas de eventos personalizables con opciones para detalles del altavoz y tiempos de sesi\u00f3n<\/li>\n<li>Integraci\u00f3n con plataformas populares de WordPress y otras herramientas de gesti\u00f3n de eventos<\/li>\n<li>Actualizaciones y notificaciones en tiempo real para cambios en los horarios de los altavoces<\/li>\n<li>Integraci\u00f3n perfecta con otros complementos de calendario de eventos modernos para capacidades mejoradas de gesti\u00f3n de eventos<\/li>\n<li>Poderosas funciones de b\u00fasqueda y filtro para encontrar oradores y eventos basados \u200b\u200ben criterios espec\u00edficos<\/li>\n<li>Respondida a dispositivos m\u00f3viles y optimizado para ver en cualquier tama\u00f1o de pantalla<\/li>\n<li>Documentaci\u00f3n extensa y atenci\u00f3n al cliente disponible para la resoluci\u00f3n de problemas y fines de capacitaci\u00f3n.<\/li>\n<\/ul>\n","protected":false},"excerpt":{"rendered":"<p>El orador avanzado de los eventos modernos es un recurso incre\u00edblemente robusto para los organizadores de eventos que desean resaltar una variedad de oradores. Al ofrecer una variedad de opciones de personalizaci\u00f3n avanzada, esta herramienta faculta a los usuarios para crear perfiles de altavoces visualmente atractivos que abarquen biograf\u00edas atractivas, fotograf\u00edas cautivadoras y enlaces convenientes a varias plataformas de redes sociales. Adem\u00e1s, este complemento se integra perfectamente con el calendario de eventos modernos, simplificando as\u00ed todo el proceso de programaci\u00f3n y gestionar efectivamente los compromisos de habla para su evento. Al aprovechar el altavoz avanzado del calendario de eventos modernos, tiene la oportunidad de distinguirse de sus competidores y generar una emoci\u00f3n y anticipaci\u00f3n sustancial en torno a su pr\u00f3ximo evento.<\/p>\n","protected":false},"featured_media":166801,"comment_status":"open","ping_status":"open","template":"","meta":[],"product_brand":[2408],"product_cat":[1214,1206,1211],"product_tag":[1419],"class_list":{"0":"post-120156","1":"product","2":"type-product","3":"status-publish","4":"has-post-thumbnail","6":"product_brand-webnus","7":"product_cat-personalizacion","8":"product_cat-plugins","9":"product_cat-wordpress-plugins","10":"product_tag-webnus","11":"member-discount","12":"discount-restricted","14":"first","15":"instock","16":"sale","17":"downloadable","18":"virtual","19":"sold-individually","20":"purchasable","21":"product-type-simple"},"_links":{"self":[{"href":"https:\/\/gpl-love.com\/es\/wp-json\/wp\/v2\/product\/120156","targetHints":{"allow":["GET"]}}],"collection":[{"href":"https:\/\/gpl-love.com\/es\/wp-json\/wp\/v2\/product"}],"about":[{"href":"https:\/\/gpl-love.com\/es\/wp-json\/wp\/v2\/types\/product"}],"replies":[{"embeddable":true,"href":"https:\/\/gpl-love.com\/es\/wp-json\/wp\/v2\/comments?post=120156"}],"wp:featuredmedia":[{"embeddable":true,"href":"https:\/\/gpl-love.com\/es\/wp-json\/wp\/v2\/media\/166801"}],"wp:attachment":[{"href":"https:\/\/gpl-love.com\/es\/wp-json\/wp\/v2\/media?parent=120156"}],"wp:term":[{"taxonomy":"product_brand","embeddable":true,"href":"https:\/\/gpl-love.com\/es\/wp-json\/wp\/v2\/product_brand?post=120156"},{"taxonomy":"product_cat","embeddable":true,"href":"https:\/\/gpl-love.com\/es\/wp-json\/wp\/v2\/product_cat?post=120156"},{"taxonomy":"product_tag","embeddable":true,"href":"https:\/\/gpl-love.com\/es\/wp-json\/wp\/v2\/product_tag?post=120156"}],"curies":[{"name":"wp","href":"https:\/\/api.w.org\/{rel}","templated":true}]}}