{"id":120152,"date":"2021-11-30T00:00:00","date_gmt":"2021-11-30T05:00:00","guid":{"rendered":"https:\/\/gpl-love.com\/es\/?post_type=product&#038;p=120152"},"modified":"2026-03-09T08:01:45","modified_gmt":"2026-03-09T13:01:45","slug":"premium-seo-pack-wordpress-plugin","status":"publish","type":"product","link":"https:\/\/gpl-love.com\/es\/producto\/premium-seo-pack-wordpress-plugin\/","title":{"rendered":"Premium SEO Pack WordPress Plugin 3.3.2"},"content":{"rendered":"<h3>Premium SEO Pack WordPress Plugin Caracteristicas<\/h3>\n<p>El complemento Premium SEO Pack WordPress, que es una herramienta que abarca todo equipado con una multitud de funcionalidades avanzadas, sirve para amplificar y refinar la optimizaci\u00f3n del motor de b\u00fasqueda de su estimado sitio web. Este notable complemento ofrece una mir\u00edada de caracter\u00edsticas de vanguardia que contribuyen colectivamente a la mejora de la clasificaci\u00f3n y prominencia de su sitio web en varios motores de b\u00fasqueda. Los componentes notables de este complemento abarcan un generador de mapa del sitio XML, una integraci\u00f3n perfecta con Google Analytics, las astutas capacidades de optimizaci\u00f3n de redes sociales, as\u00ed como la provisi\u00f3n de opciones de optimizaci\u00f3n de im\u00e1genes. Adem\u00e1s, esta ingeniosa herramienta otorga a sus usuarios la invaluable competencia de realizar an\u00e1lisis de palabras clave, forjar estrategias de construcci\u00f3n de enlaces y optimizar el contenido de su sitio web con la m\u00e1xima precisi\u00f3n para satisfacer las preferencias de los motores de b\u00fasqueda. A trav\u00e9s de la utilizaci\u00f3n del paquete de SEO premium, puede monitorear y evaluar sin esfuerzo la trayectoria del rendimiento de optimizaci\u00f3n de motores de b\u00fasqueda de su sitio web, mientras que simult\u00e1neamente se produce bien equipado para tomar decisiones juiciosas dirigidas al aumento de su visibilidad y encanto, posteriormente aumentando el tr\u00e1fico. En resumen, el paquete de SEO premium emerge como una fuerza indomable dentro del \u00e1mbito de la optimizaci\u00f3n de motores de b\u00fasqueda, caracterizado por su innata facilidad de uso y eficacia inigualable, facilitando as\u00ed la realizaci\u00f3n de resultados \u00f3ptimos para los esfuerzos de optimizaci\u00f3n de motores de b\u00fasqueda de su sitio web.<\/p>\n<ul>\n<li>Aumente la visibilidad de su sitio de WordPress en los motores de b\u00fasqueda con el complemento de paquete de SEO premium<\/li>\n<li>Etiquetas personalizadas de meta t\u00edtulo y descripci\u00f3n para cada publicaci\u00f3n o p\u00e1gina<\/li>\n<li>Generador de mapa del sitio XML incorporado para una f\u00e1cil indexaci\u00f3n de motores de b\u00fasqueda<\/li>\n<li>Monitorear las clasificaciones de palabras clave y hacer un seguimiento del progreso a lo largo del tiempo<\/li>\n<li>Analice y optimice el contenido con la herramienta de sugerencia de palabras clave incorporada<\/li>\n<li>Integraci\u00f3n avanzada de redes sociales para compartir f\u00e1cilmente y promoci\u00f3n<\/li>\n<li>Compatibilidad con complementos de cach\u00e9 populares para la velocidad de sitio optimizada<\/li>\n<li>Apoyo integral y documentaci\u00f3n de desarrolladores experimentados<\/li>\n<li>Actualizaciones y mejoras regulares para mantenerse al d\u00eda con las tendencias de SEO y las mejores pr\u00e1cticas.<\/li>\n<\/ul>\n","protected":false},"excerpt":{"rendered":"<p>El complemento de WordPress de SEO de entrada premium, con una variedad de funciones formidables como la generaci\u00f3n de mapa del sitio XML, la integraci\u00f3n de las redes sociales y la configuraci\u00f3n avanzada de meta, sirve como una herramienta invaluable para mejorar la visibilidad de su sitio web en los motores de b\u00fasqueda. Al aprovechar su multitud de caracter\u00edsticas, puede reforzar sin esfuerzo las clasificaciones de su sitio web y atraer a un mayor n\u00famero de visitantes. Este complemento proporciona un conjunto integral de servicios, que abarca el an\u00e1lisis de palabras clave, el an\u00e1lisis detallado y los informes integrales, lo que lo equipa con todas las herramientas necesarias para maximizar su presencia en l\u00ednea y conectarse efectivamente con su audiencia deseada. Adem\u00e1s, la interfaz y el dise\u00f1o intuitivo f\u00e1cil de usar de este complemento aseguran que incluso los usuarios con experiencia limitada puedan capitalizar completamente sus capacidades formidables. Eleve su destreza de SEO con el complemento de WordPress de SEO de entrada premium.<\/p>\n","protected":false},"featured_media":167250,"comment_status":"open","ping_status":"open","template":"","meta":[],"product_brand":[2339],"product_cat":[1206,1360,1211],"product_tag":[1256],"class_list":{"0":"post-120152","1":"product","2":"type-product","3":"status-publish","4":"has-post-thumbnail","6":"product_brand-codecanyon","7":"product_cat-plugins","8":"product_cat-seo","9":"product_cat-wordpress-plugins","10":"product_tag-codecanyon","11":"member-discount","12":"discount-restricted","14":"first","15":"instock","16":"sale","17":"downloadable","18":"virtual","19":"sold-individually","20":"purchasable","21":"product-type-simple"},"_links":{"self":[{"href":"https:\/\/gpl-love.com\/es\/wp-json\/wp\/v2\/product\/120152","targetHints":{"allow":["GET"]}}],"collection":[{"href":"https:\/\/gpl-love.com\/es\/wp-json\/wp\/v2\/product"}],"about":[{"href":"https:\/\/gpl-love.com\/es\/wp-json\/wp\/v2\/types\/product"}],"replies":[{"embeddable":true,"href":"https:\/\/gpl-love.com\/es\/wp-json\/wp\/v2\/comments?post=120152"}],"wp:featuredmedia":[{"embeddable":true,"href":"https:\/\/gpl-love.com\/es\/wp-json\/wp\/v2\/media\/167250"}],"wp:attachment":[{"href":"https:\/\/gpl-love.com\/es\/wp-json\/wp\/v2\/media?parent=120152"}],"wp:term":[{"taxonomy":"product_brand","embeddable":true,"href":"https:\/\/gpl-love.com\/es\/wp-json\/wp\/v2\/product_brand?post=120152"},{"taxonomy":"product_cat","embeddable":true,"href":"https:\/\/gpl-love.com\/es\/wp-json\/wp\/v2\/product_cat?post=120152"},{"taxonomy":"product_tag","embeddable":true,"href":"https:\/\/gpl-love.com\/es\/wp-json\/wp\/v2\/product_tag?post=120152"}],"curies":[{"name":"wp","href":"https:\/\/api.w.org\/{rel}","templated":true}]}}