{"id":120150,"date":"2025-11-15T00:00:00","date_gmt":"2025-11-15T05:00:00","guid":{"rendered":"https:\/\/gpl-love.com\/es\/?post_type=product&#038;p=120150"},"modified":"2026-03-09T07:16:35","modified_gmt":"2026-03-09T12:16:35","slug":"advanced-google-maps-plugin-para-wordpress","status":"publish","type":"product","link":"https:\/\/gpl-love.com\/es\/producto\/advanced-google-maps-plugin-para-wordpress\/","title":{"rendered":"Advanced Google Maps Plugin para WordPress 6.0.4"},"content":{"rendered":"<h3>Advanced Google Maps Plugin para WordPress Caracteristicas<\/h3>\n<p>La utilizaci\u00f3n del complemento avanzado de Google Maps para WordPress se considera un instrumento potente que simplifica el proceso de incorporar mapas interactivos en su sitio web. Este complemento hace que sea factible para usted de moda marcadores personalizados, admitir instrucciones e incluso exhibir informaci\u00f3n de tr\u00e1fico en tiempo real. Adem\u00e1s, posee la capacidad de adaptar la apariencia y el ambiente de sus mapas para que armonice con el dise\u00f1o general de su sitio web. Independientemente de si est\u00e1 administrando un blog orientado a viajes, un directorio comercial integral o una plataforma de comercio electr\u00f3nico, este complemento es una necesidad absoluta para que las personas que se esfuerzan por elevar la funcionalidad y la experiencia del usuario de su sitio web. Con su interfaz f\u00e1cil de usar y su extensa gama de caracter\u00edsticas, el complemento avanzado de Google Maps para WordPress emerge como la mejor resoluci\u00f3n para integrar sin problemas en su sitio web.<\/p>\n<ul>\n<li>Integre perfectamente la API de Google Maps en su sitio web de WordPress<\/li>\n<li>Marcadores de mapa e informaci\u00f3n personalizables Windows<\/li>\n<li>Capacidad para mostrar m\u00faltiples marcadores y rutas de mapas<\/li>\n<li>Admite m\u00faltiples estilos de mapa (hoja de ruta, sat\u00e9lite, terreno, etc.)<\/li>\n<li>Controles de mapa personalizables (zoom, desplazamiento, tipo de mapa, etc.)<\/li>\n<li>Interfaz f\u00e1cil de usar para una f\u00e1cil creaci\u00f3n y personalizaci\u00f3n de mapas<\/li>\n<li>Admite varios formatos de mapa (incrustaci\u00f3n, mapa \u00fanico, directorio de mapas, etc.)<\/li>\n<li>Alto nivel de compatibilidad con la mayor\u00eda de los temas y complementos de WordPress<\/li>\n<li>Actualizaciones y soporte regulares del desarrollador<\/li>\n<li>Permite una f\u00e1cil integraci\u00f3n con otras funcionalidades de WordPress (por ejemplo, agregar mapas a publicaciones o p\u00e1ginas)<\/li>\n<\/ul>\n","protected":false},"excerpt":{"rendered":"<p>El complemento avanzado de Google Maps para WordPress es una herramienta indispensable para los propietarios de sitios web. Mejora la interactividad del sitio web y hace que su sitio sea m\u00e1s f\u00e1cil de usar con los complementos de WordPress. Este complemento de WordPress notablemente potente ofrece acceso sin restricciones a las caracter\u00edsticas de Google Maps de vanguardia, lo que le permite crear mapas a medida para WordPress. Puede mostrar ubicaciones con Google Maps y representar sus servicios y productos de WordPress en una luz completamente nueva.<\/p>\n<p>Este complemento viene con una interfaz intuitiva para complementos de WordPress y ofrece una amplia gama de opciones de personalizaci\u00f3n para Google Maps. Si est\u00e1 buscando elevar su sitio web de WordPress, esta es la herramienta perfecta para usted. Explore el impacto transformador de los mapas avanzados de Google y mejore hoy su sitio de WordPress con Google Maps.<\/p>\n<p>No se pierda la oportunidad de aprovechar este complemento de WordPress notablemente potente, una herramienta verdaderamente indispensable para los propietarios de sitios web. Le ofrece acceso sin restricciones a las mejores caracter\u00edsticas y funcionalidad de Google Maps, lo que le permite crear mapas impresionantes y personalizados que muestren v\u00edvidamente sus ubicaciones, servicios y productos.<\/p>\n<p>Entonces, \u00bfpor qu\u00e9 esperar m\u00e1s?<\/p>\n","protected":false},"featured_media":165303,"comment_status":"open","ping_status":"open","template":"","meta":[],"product_brand":[2339],"product_cat":[1214,1206,1211],"product_tag":[1256],"class_list":{"0":"post-120150","1":"product","2":"type-product","3":"status-publish","4":"has-post-thumbnail","6":"product_brand-codecanyon","7":"product_cat-personalizacion","8":"product_cat-plugins","9":"product_cat-wordpress-plugins","10":"product_tag-codecanyon","11":"member-discount","12":"discount-restricted","14":"first","15":"instock","16":"sale","17":"downloadable","18":"virtual","19":"sold-individually","20":"purchasable","21":"product-type-simple"},"_links":{"self":[{"href":"https:\/\/gpl-love.com\/es\/wp-json\/wp\/v2\/product\/120150","targetHints":{"allow":["GET"]}}],"collection":[{"href":"https:\/\/gpl-love.com\/es\/wp-json\/wp\/v2\/product"}],"about":[{"href":"https:\/\/gpl-love.com\/es\/wp-json\/wp\/v2\/types\/product"}],"replies":[{"embeddable":true,"href":"https:\/\/gpl-love.com\/es\/wp-json\/wp\/v2\/comments?post=120150"}],"wp:featuredmedia":[{"embeddable":true,"href":"https:\/\/gpl-love.com\/es\/wp-json\/wp\/v2\/media\/165303"}],"wp:attachment":[{"href":"https:\/\/gpl-love.com\/es\/wp-json\/wp\/v2\/media?parent=120150"}],"wp:term":[{"taxonomy":"product_brand","embeddable":true,"href":"https:\/\/gpl-love.com\/es\/wp-json\/wp\/v2\/product_brand?post=120150"},{"taxonomy":"product_cat","embeddable":true,"href":"https:\/\/gpl-love.com\/es\/wp-json\/wp\/v2\/product_cat?post=120150"},{"taxonomy":"product_tag","embeddable":true,"href":"https:\/\/gpl-love.com\/es\/wp-json\/wp\/v2\/product_tag?post=120150"}],"curies":[{"name":"wp","href":"https:\/\/api.w.org\/{rel}","templated":true}]}}