{"id":120146,"date":"2025-05-06T00:00:00","date_gmt":"2025-05-06T05:00:00","guid":{"rendered":"https:\/\/gpl-love.com\/es\/?post_type=product&#038;p=120146"},"modified":"2026-03-09T07:33:34","modified_gmt":"2026-03-09T12:33:34","slug":"eventon-slider","status":"publish","type":"product","link":"https:\/\/gpl-love.com\/es\/producto\/eventon-slider\/","title":{"rendered":"EventOn Slider 2.1.3"},"content":{"rendered":"<h3>EventOn Slider Caracteristicas<\/h3>\n<p>El Slider de Eventon ofrece una multitud de caracter\u00edsticas potentes y f\u00e1ciles de usar que lo convierten en una herramienta excelente para presentar de manera efectiva sus eventos y promociones en su sitio web. Este control deslizante posee la capacidad de generar controles deslizantes visualmente cautivadores y din\u00e1micos que cautivan sin esfuerzo la atenci\u00f3n de los visitantes de su sitio web, asegurando su compromiso prolongado. Adem\u00e1s, el control deslizante de Eventon es muy flexible y se puede adaptar para adaptarse a sus requisitos espec\u00edficos y preferencias de dise\u00f1o, lo que le permite integrar sin problemas sus propias im\u00e1genes, texto y enlaces para crear un control deslizante que se alinee armoniosamente con su marca y comunique efectivamente su mensaje. Adem\u00e1s, este control deslizante es totalmente receptivo, lo que significa que se adapta sin esfuerzo a cualquier dispositivo o tama\u00f1o de pantalla, mejorando a\u00fan m\u00e1s la experiencia general del usuario. Independientemente de si est\u00e1 buscando promover un pr\u00f3ximo evento o exhibir sus \u00faltimos productos, el Slider de Eventon sirve como la herramienta por excelencia para difundir informaci\u00f3n e impulsar una afluencia de tr\u00e1fico a su sitio web.<\/p>\n<ul>\n<li>Control deslizante altamente personalizable para eventos y horarios<\/li>\n<li>Dise\u00f1o receptivo para una integraci\u00f3n perfecta<\/li>\n<li>M\u00faltiples plantillas para elegir<\/li>\n<li>Capacidad para mostrar detalles y descripciones del evento<\/li>\n<li>Opci\u00f3n para establecer los tiempos de inicio y finalizaci\u00f3n<\/li>\n<li>Control sobre la animaci\u00f3n y los efectos de transici\u00f3n<\/li>\n<li>Compatible con varios temas de WordPress<\/li>\n<li>Muestra eficientemente eventos en la pantalla de cualquier tama\u00f1o<\/li>\n<li>Interfaz f\u00e1cil de usar para f\u00e1cil configuraci\u00f3n<\/li>\n<li>Ofrece soporte para una variedad de formatos de medios<\/li>\n<li>Proporciona un f\u00e1cil acceso al registro de eventos y entradas<\/li>\n<\/ul>\n","protected":false},"excerpt":{"rendered":"<p>El Slider de Eventon, que es una herramienta incre\u00edblemente vers\u00e1til y f\u00e1cil de usar, sirve como un recurso excepcional para mostrar eventos en su sitio web. Su extensa funcionalidad le permite crear sin esfuerzo presentaciones de diapositivas y carruseles personalizados de sus eventos, proporcion\u00e1ndole una gran cantidad de opciones de personalizaci\u00f3n, incluida la adici\u00f3n de im\u00e1genes cautivadoras, descripciones atractivas y enlaces relevantes. Adem\u00e1s, el control deslizante de Eventon cuenta con un dise\u00f1o altamente receptivo, asegurando que exude una est\u00e9tica visualmente atractiva en todos los dispositivos, al tiempo que garantiza los tiempos de carga optimizados para una experiencia de usuario mejorada. Ya sea que est\u00e9 buscando promover los pr\u00f3ximos conciertos, conferencias o cualquier otro evento notable, tenga la seguridad de que el Slider de Eventon, sin duda, sirve como la soluci\u00f3n definitiva para mostrar efectivamente su calendario y, posteriormente, impulsar un compromiso sustancial de su audiencia estimada.<\/p>\n","protected":false},"featured_media":166052,"comment_status":"open","ping_status":"open","template":"","meta":[],"product_brand":[2444],"product_cat":[1214,1206,1211],"product_tag":[1292],"class_list":{"0":"post-120146","1":"product","2":"type-product","3":"status-publish","4":"has-post-thumbnail","6":"product_brand-eventon","7":"product_cat-personalizacion","8":"product_cat-plugins","9":"product_cat-wordpress-plugins","10":"product_tag-eventon","11":"member-discount","12":"discount-restricted","14":"first","15":"instock","16":"sale","17":"downloadable","18":"virtual","19":"sold-individually","20":"purchasable","21":"product-type-simple"},"_links":{"self":[{"href":"https:\/\/gpl-love.com\/es\/wp-json\/wp\/v2\/product\/120146","targetHints":{"allow":["GET"]}}],"collection":[{"href":"https:\/\/gpl-love.com\/es\/wp-json\/wp\/v2\/product"}],"about":[{"href":"https:\/\/gpl-love.com\/es\/wp-json\/wp\/v2\/types\/product"}],"replies":[{"embeddable":true,"href":"https:\/\/gpl-love.com\/es\/wp-json\/wp\/v2\/comments?post=120146"}],"wp:featuredmedia":[{"embeddable":true,"href":"https:\/\/gpl-love.com\/es\/wp-json\/wp\/v2\/media\/166052"}],"wp:attachment":[{"href":"https:\/\/gpl-love.com\/es\/wp-json\/wp\/v2\/media?parent=120146"}],"wp:term":[{"taxonomy":"product_brand","embeddable":true,"href":"https:\/\/gpl-love.com\/es\/wp-json\/wp\/v2\/product_brand?post=120146"},{"taxonomy":"product_cat","embeddable":true,"href":"https:\/\/gpl-love.com\/es\/wp-json\/wp\/v2\/product_cat?post=120146"},{"taxonomy":"product_tag","embeddable":true,"href":"https:\/\/gpl-love.com\/es\/wp-json\/wp\/v2\/product_tag?post=120146"}],"curies":[{"name":"wp","href":"https:\/\/api.w.org\/{rel}","templated":true}]}}