{"id":120140,"date":"2025-07-23T00:00:00","date_gmt":"2025-07-23T05:00:00","guid":{"rendered":"https:\/\/gpl-love.com\/es\/?post_type=product&#038;p=120140"},"modified":"2026-03-09T07:33:31","modified_gmt":"2026-03-09T12:33:31","slug":"eventon-rsvp-points","status":"publish","type":"product","link":"https:\/\/gpl-love.com\/es\/producto\/eventon-rsvp-points\/","title":{"rendered":"EventOn RSVP Points 1.0.2"},"content":{"rendered":"<h3>EventOn RSVP Points Caracteristicas<\/h3>\n<p>Los puntos de RSVP de Eventon es una herramienta incre\u00edblemente poderosa que los organizadores de eventos pueden utilizar para rastrear y recompensar de manera efectiva a los asistentes que han sido de RSVP con \u00e9xito a sus eventos. Este innovador software ofrece un medio directo y eficiente para establecer un sistema RSVP que alienta activamente a los asistentes a participar activamente con el evento y garantizar la tasa de asistencia m\u00e1s alta posible. Al utilizar los puntos de RSVP de Eventon, los organizadores del evento pueden establecer sin esfuerzo un sistema de recompensas basado en puntos que incentiva efectivamente a los asistentes a RSVP de inmediato y compartir con entusiasmo el evento con sus amigos y familiares. Adem\u00e1s, este software brinda a los organizadores la capacidad de monitorear sin esfuerzo el estado de RSVP de los asistentes e incluso enviar recordatorios personalizados, mejorando a\u00fan m\u00e1s la probabilidad de m\u00e1xima asistencia. En resumen, los puntos de RSVP de Eventon es una herramienta absolutamente esencial para los organizadores de eventos ansiosos por crear un evento verdaderamente exitoso y cautivador que maximice la asistencia y el compromiso general de los asistentes.<\/p>\n<ul>\n<li>Herramienta innovadora para administrar RSVP en eventos<\/li>\n<li>Capacidad para otorgar puntos a los asistentes por diversas acciones, como aparecer a tiempo, traer a un amigo o participar en actividades<\/li>\n<li>Sistema de puntos personalizable para reflejar las preferencias y objetivos del host del evento<\/li>\n<li>Integraci\u00f3n f\u00e1cil con eventon, un complemento de administraci\u00f3n de eventos popular para WordPress<\/li>\n<li>Monitoreo en tiempo real de la acumulaci\u00f3n de puntos y el estado de los asistentes<\/li>\n<li>Informes y an\u00e1lisis robustos para medir el \u00e9xito del evento<\/li>\n<li>Fomenta el compromiso de los asistentes y mejora la experiencia general del evento<\/li>\n<li>Ayuda a los anfitriones de eventos a construir su marca al incentivar el comportamiento positivo de los asistentes<\/li>\n<li>Proporciona una forma divertida e interactiva para que los asistentes participen en el evento y se conecten con otros.<\/li>\n<\/ul>\n","protected":false},"excerpt":{"rendered":"<p>Los puntos de RSVP de Eventon es una soluci\u00f3n de vanguardia e innovadora que se ha desarrollado espec\u00edficamente para los organizadores de eventos, ya que ofrece un m\u00e9todo notablemente conveniente y eficiente para administrar de manera efectiva RSVP al tiempo que proporciona a los asistentes la bonificaci\u00f3n adicional de ser recompensados \u200b\u200bcon puntos valiosos. Al utilizar esta herramienta excepcional, los organizadores del evento se encontrar\u00e1n capaces de realizar un seguimiento de la asistencia al evento, as\u00ed como medir y medir los niveles de participaci\u00f3n, lo que finalmente les permite proporcionar a los asistentes incentivos atractivos que los alentar\u00e1n a asistir a eventos futuros de manera recurrente. . Adem\u00e1s, estos puntos que acumulan los asistentes pueden ser redimidos posteriormente por una mir\u00edada de ventajas exclusivas y descuentos atractivos, mejorando enormemente la conveniencia y el compromiso general de los eventos mismos. En consecuencia, la ardua y onerosa tarea de administrar RSVP de eventos a trav\u00e9s de hojas de c\u00e1lculo engorrosas e intensivas en mano de obra se convertir\u00e1 en algo del pasado, ya que los organizadores de eventos ahora tendr\u00e1n acceso a un m\u00e9todo simplificado y altamente eficiente que revolucionar\u00e1 el proceso de gesti\u00f3n de RSVP.<\/p>\n","protected":false},"featured_media":166050,"comment_status":"open","ping_status":"open","template":"","meta":[],"product_brand":[2444],"product_cat":[1214,1206,1211],"product_tag":[1292],"class_list":{"0":"post-120140","1":"product","2":"type-product","3":"status-publish","4":"has-post-thumbnail","6":"product_brand-eventon","7":"product_cat-personalizacion","8":"product_cat-plugins","9":"product_cat-wordpress-plugins","10":"product_tag-eventon","11":"member-discount","12":"discount-restricted","14":"first","15":"instock","16":"sale","17":"downloadable","18":"virtual","19":"sold-individually","20":"purchasable","21":"product-type-simple"},"_links":{"self":[{"href":"https:\/\/gpl-love.com\/es\/wp-json\/wp\/v2\/product\/120140","targetHints":{"allow":["GET"]}}],"collection":[{"href":"https:\/\/gpl-love.com\/es\/wp-json\/wp\/v2\/product"}],"about":[{"href":"https:\/\/gpl-love.com\/es\/wp-json\/wp\/v2\/types\/product"}],"replies":[{"embeddable":true,"href":"https:\/\/gpl-love.com\/es\/wp-json\/wp\/v2\/comments?post=120140"}],"wp:featuredmedia":[{"embeddable":true,"href":"https:\/\/gpl-love.com\/es\/wp-json\/wp\/v2\/media\/166050"}],"wp:attachment":[{"href":"https:\/\/gpl-love.com\/es\/wp-json\/wp\/v2\/media?parent=120140"}],"wp:term":[{"taxonomy":"product_brand","embeddable":true,"href":"https:\/\/gpl-love.com\/es\/wp-json\/wp\/v2\/product_brand?post=120140"},{"taxonomy":"product_cat","embeddable":true,"href":"https:\/\/gpl-love.com\/es\/wp-json\/wp\/v2\/product_cat?post=120140"},{"taxonomy":"product_tag","embeddable":true,"href":"https:\/\/gpl-love.com\/es\/wp-json\/wp\/v2\/product_tag?post=120140"}],"curies":[{"name":"wp","href":"https:\/\/api.w.org\/{rel}","templated":true}]}}