{"id":120134,"date":"2025-06-09T00:00:00","date_gmt":"2025-06-09T05:00:00","guid":{"rendered":"https:\/\/gpl-love.com\/es\/?post_type=product&#038;p=120134"},"modified":"2026-03-09T07:33:21","modified_gmt":"2026-03-09T12:33:21","slug":"eventon-lists-y-items","status":"publish","type":"product","link":"https:\/\/gpl-love.com\/es\/producto\/eventon-lists-y-items\/","title":{"rendered":"EventOn Lists y Items 1.0.1"},"content":{"rendered":"<h3>EventOn Lists y Items Caracteristicas<\/h3>\n<p>Las listas y elementos de Eventon es una herramienta de productividad extraordinariamente poderosa que ofrece a los usuarios la capacidad notable de crear y administrar de manera efectiva listas y elementos para una amplia gama de eventos diversos. Con su interfaz de usuario excepcionalmente intuitiva, las personas pueden aumentar sin esfuerzo sus listas agregando elementos, estableciendo recordatorios y monitoreando meticulosamente su progreso. Ya sea que uno est\u00e9 coordinando meticulosamente una celebraci\u00f3n alegre, una escapada emocionante o un esfuerzo laboral cr\u00edtico, las listas y art\u00edculos de Eventon es inequ\u00edvocamente la soluci\u00f3n por excelencia para garantizar que no se pase por alto inadvertidamente minuciosas. Adem\u00e1s, esta aplicaci\u00f3n altamente innovadora proporciona atributos invaluables, como la notable capacidad para clasificar sistem\u00e1ticamente los elementos, difundir las listas sin problemas con otros y sincronizar armoniosamente en m\u00faltiples dispositivos. Gracias a la eficacia incomparable de las listas y elementos de Eventon, los usuarios pueden permanecer perpetuamente organizados impecablemente y mantenerse eficazmente por delante de sus formidables listas de tareas, lo que garantiza que los plazos se cumplan celosamente y que los objetivos se realizan triunfalmente.<\/p>\n<ul>\n<li>Creaci\u00f3n y gesti\u00f3n f\u00e1cil de listas de eventos y elementos<\/li>\n<li>Campos de eventos personalizables para mayor flexibilidad<\/li>\n<li>Interfaz intuitiva de arrastrar y soltar para crear y organizar elementos<\/li>\n<li>Actualizaciones y notificaciones en tiempo real para todos los cambios realizados en listas y elementos<\/li>\n<li>Capacidad para asignar y programar tareas a los miembros del equipo<\/li>\n<li>Integraci\u00f3n con calendario popular y plataformas de correo electr\u00f3nico para comunicaci\u00f3n y organizaci\u00f3n simplificadas<\/li>\n<li>Informes y an\u00e1lisis integrales para rastrear el progreso e identificar \u00e1reas de mejora<\/li>\n<li>Acceso ilimitado para m\u00faltiples usuarios con configuraci\u00f3n de permiso personalizable<\/li>\n<li>Sincronizaci\u00f3n autom\u00e1tica en todos los dispositivos para una colaboraci\u00f3n y accesibilidad perfecta.<\/li>\n<\/ul>\n","protected":false},"excerpt":{"rendered":"<p>Las listas y elementos de Eventon es una herramienta en l\u00ednea altamente flexible y multifac\u00e9tica, ideada con el prop\u00f3sito de permitir a los usuarios generar y supervisar sin esfuerzo listas y elementos adaptados para varios eventos. Ya sea que realice un seguimiento de las listas de invitados, la administraci\u00f3n de listas de tareas pendientes o la organizaci\u00f3n de listas de proveedores, Eventon amalgama convenientemente todos sus detalles de planificaci\u00f3n de eventos dentro de una ubicaci\u00f3n centralizada singular. A trav\u00e9s de la provisi\u00f3n de campos personalizables, alternativas de filtrado integrales y la capacidad perfecta para exportar sus datos, Eventon facilita efectivamente el mantenimiento de un enfoque meticulosamente estructurado y sistem\u00e1ticamente organizado para la planificaci\u00f3n de eventos, asegurando as\u00ed su continua competencia y \u00e9xito en este dominio.<\/p>\n","protected":false},"featured_media":166043,"comment_status":"open","ping_status":"open","template":"","meta":[],"product_brand":[2444],"product_cat":[1214,1206,1211],"product_tag":[1292],"class_list":{"0":"post-120134","1":"product","2":"type-product","3":"status-publish","4":"has-post-thumbnail","6":"product_brand-eventon","7":"product_cat-personalizacion","8":"product_cat-plugins","9":"product_cat-wordpress-plugins","10":"product_tag-eventon","11":"member-discount","12":"discount-restricted","14":"first","15":"instock","16":"sale","17":"downloadable","18":"virtual","19":"sold-individually","20":"purchasable","21":"product-type-simple"},"_links":{"self":[{"href":"https:\/\/gpl-love.com\/es\/wp-json\/wp\/v2\/product\/120134","targetHints":{"allow":["GET"]}}],"collection":[{"href":"https:\/\/gpl-love.com\/es\/wp-json\/wp\/v2\/product"}],"about":[{"href":"https:\/\/gpl-love.com\/es\/wp-json\/wp\/v2\/types\/product"}],"replies":[{"embeddable":true,"href":"https:\/\/gpl-love.com\/es\/wp-json\/wp\/v2\/comments?post=120134"}],"wp:featuredmedia":[{"embeddable":true,"href":"https:\/\/gpl-love.com\/es\/wp-json\/wp\/v2\/media\/166043"}],"wp:attachment":[{"href":"https:\/\/gpl-love.com\/es\/wp-json\/wp\/v2\/media?parent=120134"}],"wp:term":[{"taxonomy":"product_brand","embeddable":true,"href":"https:\/\/gpl-love.com\/es\/wp-json\/wp\/v2\/product_brand?post=120134"},{"taxonomy":"product_cat","embeddable":true,"href":"https:\/\/gpl-love.com\/es\/wp-json\/wp\/v2\/product_cat?post=120134"},{"taxonomy":"product_tag","embeddable":true,"href":"https:\/\/gpl-love.com\/es\/wp-json\/wp\/v2\/product_tag?post=120134"}],"curies":[{"name":"wp","href":"https:\/\/api.w.org\/{rel}","templated":true}]}}