{"id":120116,"date":"2024-03-31T00:00:00","date_gmt":"2024-03-31T05:00:00","guid":{"rendered":"https:\/\/gpl-love.com\/es\/?post_type=product&#038;p=120116"},"modified":"2026-03-09T08:24:32","modified_gmt":"2026-03-09T13:24:32","slug":"product-recommendations","status":"publish","type":"product","link":"https:\/\/gpl-love.com\/es\/producto\/product-recommendations\/","title":{"rendered":"WooCommerce Product Recommendations 3.0.8"},"content":{"rendered":"<h3>WooCommerce Product Recommendations Caracteristicas<\/h3>\n<p>Las recomendaciones de productos de WooCommerce son una soluci\u00f3n incre\u00edblemente robusta que ayuda efectivamente a los propietarios de tiendas en l\u00ednea a impulsar significativamente sus ventas y mejorar la experiencia general de sus clientes. La implementaci\u00f3n de este complemento notable implica la utilizaci\u00f3n de algoritmos de aprendizaje autom\u00e1tico altamente sofisticados que analizan meticulosamente varios aspectos, como el comportamiento del cliente, el historial de compras y los datos del producto, que finalmente ofrecen recomendaciones impecablemente personalizadas para los productos. Estas sugerencias invaluables se muestran estrat\u00e9gicamente en varias p\u00e1ginas fundamentales, incluida la p\u00e1gina del producto, la p\u00e1gina del carrito y la p\u00e1gina de pago, lo que permite a los clientes explorar y adquirir productos que se alinean perfectamente con sus preferencias y requisitos individuales. Al integrar las recomendaciones de productos de WooCommerce en su tienda en l\u00ednea, amplificar\u00e1 con \u00e9xito el valor promedio del pedido y reforzar\u00e1 la tasa de retenci\u00f3n de su estimada base de clientes a trav\u00e9s de la provisi\u00f3n de sugerencias de productos a medida que atienden espec\u00edficamente a sus necesidades e inclinaciones \u00fanicas. Adem\u00e1s, el proceso de instalaci\u00f3n directo y la configuraci\u00f3n perfecta de este complemento aseguran una integraci\u00f3n cohesiva perfecta con su tienda WooCommerce existente, lo que permite una experiencia de usuario sin problemas y eficiente.<\/p>\n<ul>\n<li>Recomendaciones de productos personalizadas basadas en el comportamiento del usuario y el historial de compras<\/li>\n<li>Mayores tasas de conversi\u00f3n e ingresos para las tiendas de WooCommerce<\/li>\n<li>F\u00e1cil de implementar y personalizar para cada tienda individual<\/li>\n<li>Sistema automatizado que aprende y mejora continuamente las recomendaciones<\/li>\n<li>Admite m\u00faltiples tipos de recomendaciones, como productos relacionados, art\u00edculos recientemente vistos y con frecuencia comprados juntos.<\/li>\n<li>Compatible con varios temas y extensiones de WooCommerce<\/li>\n<li>No se requieren habilidades de codificaci\u00f3n para configurar y usar el complemento<\/li>\n<li>Prueba gratuita y opciones de precios flexibles disponibles<\/li>\n<li>Equipo de soporte dedicado disponible para ayudar con cualquier problema o pregunta<\/li>\n<\/ul>\n","protected":false},"excerpt":{"rendered":"<p>Las recomendaciones de productos de WooCommerce, un complemento innovador y sofisticado, se ha desarrollado meticulosamente para proporcionar a los compradores en l\u00ednea exigentes recomendaciones de productos astutos. Al aprovechar las capacidades de un algoritmo robusto, analiza meticulosamente el comportamiento del cliente y eval\u00faa meticulosamente su historial de compra con el objetivo final de licitar sugerencias de productos pertinentes que resuenan con sus intereses y predilecciones \u00fanicas. Incre\u00edblemente, este complemento incomparable sirve para aumentar los niveles de participaci\u00f3n del cliente y las cifras de ventas de los refuerzos al facilitar las experiencias de compra simplificadas y a medida. Al adoptar las recomendaciones de productos de WooCommerce, est\u00e1 efectivamente listo para mejorar sus esfuerzos de venta y venta cruzada, optimizando as\u00ed los flujos de ingresos de su tienda mientras elevan simult\u00e1neamente las tasas de satisfacci\u00f3n del cliente. Adoptar esta oferta excepcional es una v\u00eda verdaderamente espl\u00e9ndida a trav\u00e9s de la cual puede fomentar la lealtad de los clientes inquebrantable, lo que genera un ciclo perpetuo de retenci\u00f3n de clientes y patrocinio perpetuo.<\/p>\n","protected":false},"featured_media":168228,"comment_status":"open","ping_status":"open","template":"","meta":[],"product_brand":[2344],"product_cat":[1207,1225,1206],"product_tag":[1423],"class_list":{"0":"post-120116","1":"product","2":"type-product","3":"status-publish","4":"has-post-thumbnail","6":"product_brand-woocommerce","7":"product_cat-comercio-electronico-plugins","8":"product_cat-marketing","9":"product_cat-plugins","10":"product_tag-woocommerce","11":"member-discount","12":"discount-restricted","14":"first","15":"instock","16":"sale","17":"downloadable","18":"virtual","19":"sold-individually","20":"purchasable","21":"product-type-simple"},"_links":{"self":[{"href":"https:\/\/gpl-love.com\/es\/wp-json\/wp\/v2\/product\/120116","targetHints":{"allow":["GET"]}}],"collection":[{"href":"https:\/\/gpl-love.com\/es\/wp-json\/wp\/v2\/product"}],"about":[{"href":"https:\/\/gpl-love.com\/es\/wp-json\/wp\/v2\/types\/product"}],"replies":[{"embeddable":true,"href":"https:\/\/gpl-love.com\/es\/wp-json\/wp\/v2\/comments?post=120116"}],"wp:featuredmedia":[{"embeddable":true,"href":"https:\/\/gpl-love.com\/es\/wp-json\/wp\/v2\/media\/168228"}],"wp:attachment":[{"href":"https:\/\/gpl-love.com\/es\/wp-json\/wp\/v2\/media?parent=120116"}],"wp:term":[{"taxonomy":"product_brand","embeddable":true,"href":"https:\/\/gpl-love.com\/es\/wp-json\/wp\/v2\/product_brand?post=120116"},{"taxonomy":"product_cat","embeddable":true,"href":"https:\/\/gpl-love.com\/es\/wp-json\/wp\/v2\/product_cat?post=120116"},{"taxonomy":"product_tag","embeddable":true,"href":"https:\/\/gpl-love.com\/es\/wp-json\/wp\/v2\/product_tag?post=120116"}],"curies":[{"name":"wp","href":"https:\/\/api.w.org\/{rel}","templated":true}]}}