{"id":120114,"date":"2024-07-18T00:00:00","date_gmt":"2024-07-18T05:00:00","guid":{"rendered":"https:\/\/gpl-love.com\/es\/?post_type=product&#038;p=120114"},"modified":"2026-04-10T11:18:54","modified_gmt":"2026-04-10T16:18:54","slug":"newsletter-office-365-headers-removal","status":"publish","type":"product","link":"https:\/\/gpl-love.com\/es\/producto\/newsletter-office-365-headers-removal\/","title":{"rendered":"Newsletter Office 365 Headers Removal 1.0.6"},"content":{"rendered":"<h3>Newsletter Office 365 Headers Removal Caracteristicas<\/h3>\n<p>La eliminaci\u00f3n de encabezados de Office 365 de Newsletter es una herramienta incre\u00edblemente robusta y altamente efectiva que permite a las empresas eliminar de manera eficiente los encabezados que se agregan autom\u00e1ticamente a sus boletines 365. Este producto excepcional permite a los usuarios eliminar de manera perfecta y expedita cualquier encabezado no deseado, lo que garantiza eso. Sus boletines est\u00e1n imbuidos de un mayor sentido de profesionalismo, limpieza y legibilidad general. Lo que distingue a esta herramienta es su naturaleza f\u00e1cil de usar, lo que hace que sea notablemente simple utilizar y incorporar sin esfuerzo en cualquier flujo de trabajo preexistente o estrategia de marketing por correo electr\u00f3nico. Como resultado de la purga de encabezados superfluos, las empresas pueden dedicar su atenci\u00f3n no dividida a transmitir efectivamente su mensaje a su p\u00fablico objetivo, libres de cualquier distracci\u00f3n o desorden innecesario que pueda impedir la comprensi\u00f3n. De hecho, la eliminaci\u00f3n de encabezados del bolet\u00edn Office 365 es un activo indispensable para cualquier empresa que busque mejorar la eficacia y el impacto de sus campa\u00f1as de marketing por correo electr\u00f3nico.<\/p>\n<ul>\n<li>Rimensione sus procesos de marketing por correo electr\u00f3nico<\/li>\n<li>Le ahorra tiempo eliminando la necesidad de eliminar manualmente los encabezados de Office 365<\/li>\n<li>Mejora el atractivo visual de sus boletines<\/li>\n<li>Mejora la profesionalidad y la credibilidad de su marca<\/li>\n<li>Crea una experiencia m\u00e1s perfecta para sus suscriptores<\/li>\n<li>Ayuda a aumentar las tasas de compromiso y las conversiones de ventas<\/li>\n<li>Compatible con todos los dispositivos y clientes de correo electr\u00f3nico<\/li>\n<li>F\u00e1cil de usar y f\u00e1cil de implementar<\/li>\n<li>Asequible para empresas de todos los tama\u00f1os<\/li>\n<li>Actualizaciones regulares y soporte t\u00e9cnico disponible<\/li>\n<\/ul>\n","protected":false},"excerpt":{"rendered":"<p>Ahora puede despedirse del molesto desorden causado por los encabezados en su bolet\u00edn de Office 365, \u00a1gracias a la utilizaci\u00f3n de nuestro excepcional servicio de entrada! Al aprovechar nuestros servicios, nuestro equipo altamente calificado eliminar\u00e1 efectivamente cualquier encabezado innecesario de sus boletines, mejorando as\u00ed su apariencia general y les dar\u00e1 un aspecto m\u00e1s sofisticado y profesional. Al optar por nuestro servicio de eliminaci\u00f3n de encabezados Office 365 de Bolet\u00edn Office, no solo podr\u00e1 ahorrar un tiempo valioso, sino que tambi\u00e9n garantizar\u00e1 la entrega de un producto final refinado e impecable.<\/p>\n","protected":false},"featured_media":166974,"comment_status":"open","ping_status":"open","template":"","meta":[],"product_brand":[2506],"product_cat":[1214,1206,1211],"product_tag":[2211],"class_list":{"0":"post-120114","1":"product","2":"type-product","3":"status-publish","4":"has-post-thumbnail","6":"product_brand-newsletter","7":"product_cat-personalizacion","8":"product_cat-plugins","9":"product_cat-wordpress-plugins","10":"product_tag-newsletter","11":"member-discount","12":"discount-restricted","14":"first","15":"instock","16":"sale","17":"downloadable","18":"virtual","19":"sold-individually","20":"purchasable","21":"product-type-simple"},"_links":{"self":[{"href":"https:\/\/gpl-love.com\/es\/wp-json\/wp\/v2\/product\/120114","targetHints":{"allow":["GET"]}}],"collection":[{"href":"https:\/\/gpl-love.com\/es\/wp-json\/wp\/v2\/product"}],"about":[{"href":"https:\/\/gpl-love.com\/es\/wp-json\/wp\/v2\/types\/product"}],"replies":[{"embeddable":true,"href":"https:\/\/gpl-love.com\/es\/wp-json\/wp\/v2\/comments?post=120114"}],"wp:featuredmedia":[{"embeddable":true,"href":"https:\/\/gpl-love.com\/es\/wp-json\/wp\/v2\/media\/166974"}],"wp:attachment":[{"href":"https:\/\/gpl-love.com\/es\/wp-json\/wp\/v2\/media?parent=120114"}],"wp:term":[{"taxonomy":"product_brand","embeddable":true,"href":"https:\/\/gpl-love.com\/es\/wp-json\/wp\/v2\/product_brand?post=120114"},{"taxonomy":"product_cat","embeddable":true,"href":"https:\/\/gpl-love.com\/es\/wp-json\/wp\/v2\/product_cat?post=120114"},{"taxonomy":"product_tag","embeddable":true,"href":"https:\/\/gpl-love.com\/es\/wp-json\/wp\/v2\/product_tag?post=120114"}],"curies":[{"name":"wp","href":"https:\/\/api.w.org\/{rel}","templated":true}]}}