{"id":120112,"date":"2025-10-04T00:00:00","date_gmt":"2025-10-04T05:00:00","guid":{"rendered":"https:\/\/gpl-love.com\/es\/?post_type=product&#038;p=120112"},"modified":"2026-04-10T11:18:54","modified_gmt":"2026-04-10T16:18:54","slug":"newsletter-sendinblue","status":"publish","type":"product","link":"https:\/\/gpl-love.com\/es\/producto\/newsletter-sendinblue\/","title":{"rendered":"Newsletter Brevo (Sendinblue) 1.3.0"},"content":{"rendered":"<h3>Newsletter Brevo (Sendinblue) Caracteristicas<\/h3>\n<p>El bolet\u00edn SendInblue es una soluci\u00f3n altamente encomiable para las empresas con el objetivo de mantener la conciencia y el compromiso de sus clientes y suscriptores. Con esta plataforma, los usuarios tienen la capacidad de generar y enviar boletines sin esfuerzo con una est\u00e9tica profesional que sin duda cautivar\u00e1 la atenci\u00f3n de sus destinatarios dentro de sus respectivas bandejas de entrada. La plataforma cuenta con una amplia gama de capacidades, que abarca plantillas personalizables, herramientas de automatizaci\u00f3n y an\u00e1lisis, lo que permite a las empresas que monitoreen diligentemente la eficacia de sus campa\u00f1as y tomen decisiones juiciosas fundadas en los datos. Ya sea que el objetivo de uno sea promover sus productos o servicios, difundir actualizaciones de la compa\u00f1\u00eda o cultivar conexiones con su audiencia, el bolet\u00edn SendInblue es inequ\u00edvocamente el instrumento por excelencia que facilitar\u00e1 la realizaci\u00f3n de estas aspiraciones. Gracias a su interfaz intuitivamente navegable y su s\u00f3lido conjunto de funcionalidades, esta plataforma representa indudablemente un activo indispensable para cualquier negocio que se esfuerce por cultivar conexiones duraderas con sus valiosos clientes y suscriptores.<\/p>\n<ul>\n<li>Gesti\u00f3n de boletines de correo electr\u00f3nico eficientes y r\u00e1pidos<\/li>\n<li>Plantillas de correo electr\u00f3nico personalizables para adaptarse a su marca<\/li>\n<li>Flujos de trabajo de correo electr\u00f3nico automatizados para enviar mensajes personalizados a sus suscriptores<\/li>\n<li>Segmentaci\u00f3n avanzada y opciones de orientaci\u00f3n para enviar campa\u00f1as a audiencias espec\u00edficas<\/li>\n<li>An\u00e1lisis en tiempo real para rastrear el rendimiento de su campa\u00f1a de correo electr\u00f3nico<\/li>\n<li>Capacidades de prueba A\/B para optimizar sus campa\u00f1as de correo electr\u00f3nico<\/li>\n<li>Interfaz f\u00e1cil de usar para una f\u00e1cil creaci\u00f3n y administraci\u00f3n de la campa\u00f1a de correo electr\u00f3nico<\/li>\n<li>Plantillas de correo electr\u00f3nico amigables con los dispositivos m\u00f3viles para mejorar el alcance y la accesibilidad<\/li>\n<li>Caracter\u00edsticas avanzadas que incluyen la integraci\u00f3n de redes sociales y las herramientas de construcci\u00f3n de la lista de correo electr\u00f3nico<\/li>\n<li>Planes de precios asequibles para adaptarse a cualquier presupuesto<\/li>\n<li>La capacidad de entrega de correo electr\u00f3nico confiable y las medidas anti-Spama para campa\u00f1as de correo electr\u00f3nico exitosas.<\/li>\n<\/ul>\n","protected":false},"excerpt":{"rendered":"<p>SendInblue, una popular plataforma de marketing por correo electr\u00f3nico, es muy apreciada por su capacidad para facilitar la creaci\u00f3n y distribuci\u00f3n de boletines cautivadores a grandes audiencias. A trav\u00e9s de sus plantillas f\u00e1ciles de usar e interfaz intuitiva de arrastrar y soltar, las empresas pueden crear boletines visualmente atractivos sin esfuerzo y racionalizar sus campa\u00f1as de correo electr\u00f3nico. Adem\u00e1s, SendInblue proporciona an\u00e1lisis en profundidad e integraciones de API robustas, lo que permite a las empresas monitorear y mejorar de manera efectiva sus esfuerzos de marketing por correo electr\u00f3nico para una participaci\u00f3n y conversiones \u00f3ptimas de la audiencia.<\/p>\n","protected":false},"featured_media":166975,"comment_status":"open","ping_status":"open","template":"","meta":[],"product_brand":[2506],"product_cat":[1214,1206,1211],"product_tag":[2211],"class_list":{"0":"post-120112","1":"product","2":"type-product","3":"status-publish","4":"has-post-thumbnail","6":"product_brand-newsletter","7":"product_cat-personalizacion","8":"product_cat-plugins","9":"product_cat-wordpress-plugins","10":"product_tag-newsletter","11":"member-discount","12":"discount-restricted","14":"first","15":"instock","16":"sale","17":"downloadable","18":"virtual","19":"sold-individually","20":"purchasable","21":"product-type-simple"},"_links":{"self":[{"href":"https:\/\/gpl-love.com\/es\/wp-json\/wp\/v2\/product\/120112","targetHints":{"allow":["GET"]}}],"collection":[{"href":"https:\/\/gpl-love.com\/es\/wp-json\/wp\/v2\/product"}],"about":[{"href":"https:\/\/gpl-love.com\/es\/wp-json\/wp\/v2\/types\/product"}],"replies":[{"embeddable":true,"href":"https:\/\/gpl-love.com\/es\/wp-json\/wp\/v2\/comments?post=120112"}],"wp:featuredmedia":[{"embeddable":true,"href":"https:\/\/gpl-love.com\/es\/wp-json\/wp\/v2\/media\/166975"}],"wp:attachment":[{"href":"https:\/\/gpl-love.com\/es\/wp-json\/wp\/v2\/media?parent=120112"}],"wp:term":[{"taxonomy":"product_brand","embeddable":true,"href":"https:\/\/gpl-love.com\/es\/wp-json\/wp\/v2\/product_brand?post=120112"},{"taxonomy":"product_cat","embeddable":true,"href":"https:\/\/gpl-love.com\/es\/wp-json\/wp\/v2\/product_cat?post=120112"},{"taxonomy":"product_tag","embeddable":true,"href":"https:\/\/gpl-love.com\/es\/wp-json\/wp\/v2\/product_tag?post=120112"}],"curies":[{"name":"wp","href":"https:\/\/api.w.org\/{rel}","templated":true}]}}