{"id":120110,"date":"2025-12-12T00:00:00","date_gmt":"2025-12-12T05:00:00","guid":{"rendered":"https:\/\/gpl-love.com\/es\/?post_type=product&#038;p=120110"},"modified":"2026-03-09T07:55:20","modified_gmt":"2026-03-09T12:55:20","slug":"newsletter-smtp-addon","status":"publish","type":"product","link":"https:\/\/gpl-love.com\/es\/producto\/newsletter-smtp-addon\/","title":{"rendered":"Newsletter SMTP Addon 1.2.4"},"content":{"rendered":"<h3>Newsletter SMTP Addon Caracteristicas<\/h3>\n<p>El bolet\u00edn SMTP Addon, una herramienta sofisticada meticulosamente dise\u00f1ada para mejorar la eficiencia de sus campa\u00f1as de marketing por correo electr\u00f3nico, logra esto al optimizar la entrega de sus boletines. Incorporando un servicio SMTP confiable (protocolo de transferencia de correo simple), este complemento garantiza la transmisi\u00f3n perfecta de sus boletines, asegurando su llegada segura en la estimada bandeja de entrada del suscriptor, sin banderas de spam maliciosas o rebotes desalentadores. Descansa f\u00e1cil, ya que con el complemento SMTP de bolet\u00edn a su lado, puede moda sin esfuerzo cautivando y cautivando a los boletines, sin alurianza por las complejidades asociadas con los obst\u00e1culos t\u00e9cnicos de entrega de correo electr\u00f3nico. Abrace la funcionalidad ejemplar de este complemento, ya que le permite priorizar sus operaciones comerciales principales, mientras aseguraba triunfos rotundos para sus esfuerzos de marketing por correo electr\u00f3nico.<\/p>\n<ul>\n<li>Permite a los suscriptores recibir boletines y correos electr\u00f3nicos de marketing por correo electr\u00f3nico<\/li>\n<li>Aumenta el alcance y la efectividad de las campa\u00f1as de marketing por correo electr\u00f3nico<\/li>\n<li>Env\u00eda correos electr\u00f3nicos directamente a las bandejas de entrada de los suscriptores sin pasar por servicios de correo de terceros<\/li>\n<li>Ofrece entrega segura y confiable de correos electr\u00f3nicos<\/li>\n<li>Se integra con el popular software de marketing por correo electr\u00f3nico para una f\u00e1cil configuraci\u00f3n y uso<\/li>\n<li>Se puede personalizar para adaptarse a la marca y la mensajer\u00eda de la empresa u organizaci\u00f3n<\/li>\n<li>Permite un seguimiento detallado e informes del rendimiento de la campa\u00f1a de correo electr\u00f3nico<\/li>\n<li>Proporciona informaci\u00f3n valiosa sobre el comportamiento y las preferencias de los suscriptores<\/li>\n<li>Se puede ampliar para satisfacer las necesidades de las empresas de cualquier tama\u00f1o<\/li>\n<li>Ayuda a construir y mantener relaciones s\u00f3lidas con suscriptores y clientes.<\/li>\n<\/ul>\n","protected":false},"excerpt":{"rendered":"<p>El complemento SMTP del bolet\u00edn, que ha sido ingeniosamente elaborado para facilitar el despacho perfecto de boletines y campa\u00f1as de correo electr\u00f3nico, surge como una herramienta formidable. Este notable complemento le permite fusionar sin esfuerzo su software de bolet\u00edn con su servidor SMTP, garantizando as\u00ed la entrega confiable y eficiente de sus correos electr\u00f3nicos. Adem\u00e1s, le permite adaptar su configuraci\u00f3n de correo electr\u00f3nico a sus especificaciones exactas, abarcando una variedad de opciones como la autenticaci\u00f3n y el cifrado. Adem\u00e1s, le otorga la invaluable capacidad para analizar las estad\u00edsticas de entrega de correo electr\u00f3nico en tiempo real, lo que lo convierte en capaz de monitorear y evaluar el rendimiento de sus campa\u00f1as. Independientemente de si usted es un emprendedor incipiente que se embarca en su empresa comercial inaugural o un conocedor de marketing experimentado, el complemento SMTP del bolet\u00edn representa un activo indispensable para optimizar y maximizar el profundo impacto de sus esfuerzos de marketing por correo electr\u00f3nico.<\/p>\n","protected":false},"featured_media":166976,"comment_status":"open","ping_status":"open","template":"","meta":[],"product_brand":[2506],"product_cat":[1214,1206,1211],"product_tag":[2211],"class_list":{"0":"post-120110","1":"product","2":"type-product","3":"status-publish","4":"has-post-thumbnail","6":"product_brand-newsletter","7":"product_cat-personalizacion","8":"product_cat-plugins","9":"product_cat-wordpress-plugins","10":"product_tag-newsletter","11":"member-discount","12":"discount-restricted","14":"first","15":"instock","16":"sale","17":"downloadable","18":"virtual","19":"sold-individually","20":"purchasable","21":"product-type-simple"},"_links":{"self":[{"href":"https:\/\/gpl-love.com\/es\/wp-json\/wp\/v2\/product\/120110","targetHints":{"allow":["GET"]}}],"collection":[{"href":"https:\/\/gpl-love.com\/es\/wp-json\/wp\/v2\/product"}],"about":[{"href":"https:\/\/gpl-love.com\/es\/wp-json\/wp\/v2\/types\/product"}],"replies":[{"embeddable":true,"href":"https:\/\/gpl-love.com\/es\/wp-json\/wp\/v2\/comments?post=120110"}],"wp:featuredmedia":[{"embeddable":true,"href":"https:\/\/gpl-love.com\/es\/wp-json\/wp\/v2\/media\/166976"}],"wp:attachment":[{"href":"https:\/\/gpl-love.com\/es\/wp-json\/wp\/v2\/media?parent=120110"}],"wp:term":[{"taxonomy":"product_brand","embeddable":true,"href":"https:\/\/gpl-love.com\/es\/wp-json\/wp\/v2\/product_brand?post=120110"},{"taxonomy":"product_cat","embeddable":true,"href":"https:\/\/gpl-love.com\/es\/wp-json\/wp\/v2\/product_cat?post=120110"},{"taxonomy":"product_tag","embeddable":true,"href":"https:\/\/gpl-love.com\/es\/wp-json\/wp\/v2\/product_tag?post=120110"}],"curies":[{"name":"wp","href":"https:\/\/api.w.org\/{rel}","templated":true}]}}