{"id":120108,"date":"2024-11-23T00:00:00","date_gmt":"2024-11-23T05:00:00","guid":{"rendered":"https:\/\/gpl-love.com\/es\/?post_type=product&#038;p=120108"},"modified":"2026-03-09T07:26:40","modified_gmt":"2026-03-09T12:26:40","slug":"darklup-wp-dark-mode","status":"publish","type":"product","link":"https:\/\/gpl-love.com\/es\/producto\/darklup-wp-dark-mode\/","title":{"rendered":"Darklup WP Dark Mode 3.2.7"},"content":{"rendered":"<h3>Darklup WP Dark Mode Caracteristicas<\/h3>\n<p>Darklup WP Dark Mode es un complemento excepcional de WordPress que ofrece una soluci\u00f3n ingeniosa para habilitar una alternativa de modo oscuro cautivador para su estimado sitio web. Al incorporar este complemento notable, a sus invaluables usuarios se les otorgar\u00e1 la libertad de hacer una transici\u00f3n sin problemas a una interfaz de modo oscuro visualmente reconfortante, que no solo mitiga la fatiga visual sino que tambi\u00e9n emana un aura de sofisticaci\u00f3n y contempor\u00e1neos a su plataforma en l\u00ednea. Adem\u00e1s, el proceso de instalaci\u00f3n y personalizaci\u00f3n de este complemento es asombrosamente sin esfuerzo, lo que le brinda la oportunidad de adaptar meticulosamente el esquema de color, el tama\u00f1o de la fuente y una variedad de otros par\u00e1metros primordiales para alinearse impecablemente con el estilo distintivo de su marca. Independientemente de si est\u00e1 operando un blog cautivador, un bullicioso sitio de comercio electr\u00f3nico o cualquier otra variante del sitio web, es inequ\u00edvocamente innegable que Darklup WP Dark Mode es un complemento indispensable que posee la capacidad innata para elevar la experiencia del usuario a alturas sin tiempo mientras que distinga efectivamente su apreciado sitio web de la implacable competencia.<\/p>\n<ul>\n<li>Un complemento de WordPress que ofrece una impresionante opci\u00f3n de modo oscuro para su sitio web<\/li>\n<li>F\u00e1cil de instalar y personalizar con solo unos pocos clics<\/li>\n<li>Mejora la legibilidad de su contenido al reducir la fatiga visual<\/li>\n<li>Mejora el atractivo visual de su sitio web con un aspecto moderno y elegante<\/li>\n<li>Compatible con los temas y complementos m\u00e1s populares de WordPress<\/li>\n<li>Perfecto para sitios web centrados en fotograf\u00eda, dise\u00f1o o cualquier otro nicho creativo<\/li>\n<li>Ayuda a reducir el consumo de energ\u00eda y aumentar la duraci\u00f3n de la bater\u00eda en dispositivos m\u00f3viles<\/li>\n<li>Mantiene su sitio web se ve bien incluso en condiciones de poca luz<\/li>\n<li>Proporciona una excelente experiencia de usuario para sus visitantes y mejora el compromiso<\/li>\n<li>Ayuda a crear una marca \u00fanica y memorable para su sitio web con un dise\u00f1o de modo oscuro personalizado.<\/li>\n<\/ul>\n","protected":false},"excerpt":{"rendered":"<p>Darklup WP Dark Mode es un complemento de WordPress que le permite cambiar f\u00e1cilmente su sitio web a un modo oscuro visualmente impresionante. Esta caracter\u00edstica \u00fanica no solo mejora el atractivo est\u00e9tico de su sitio, sino que tambi\u00e9n proporciona una experiencia de visualizaci\u00f3n c\u00f3moda para los usuarios. El modo Darklup WP Dark es f\u00e1cil de usar, f\u00e1cil de instalar y flexible en personalizaci\u00f3n. Es compatible con cualquier tema de WordPress y tiene una opci\u00f3n de conmutaci\u00f3n de modo autom\u00e1tico basada en la hora local. Este complemento tambi\u00e9n es compatible con WooCommerce, que es una ventaja para los sitios web de comercio electr\u00f3nico. Abrace la tendencia del modo oscuro con el modo oscuro Darklup WP y brinde a sus usuarios la comodidad de visualizaci\u00f3n que desean.<\/p>\n","protected":false},"featured_media":165749,"comment_status":"open","ping_status":"open","template":"","meta":[],"product_brand":[2407],"product_cat":[1214,1206,1211],"product_tag":[2236],"class_list":{"0":"post-120108","1":"product","2":"type-product","3":"status-publish","4":"has-post-thumbnail","6":"product_brand-darklup","7":"product_cat-personalizacion","8":"product_cat-plugins","9":"product_cat-wordpress-plugins","10":"product_tag-darklup","11":"member-discount","12":"discount-restricted","14":"first","15":"instock","16":"sale","17":"downloadable","18":"virtual","19":"sold-individually","20":"purchasable","21":"product-type-simple"},"_links":{"self":[{"href":"https:\/\/gpl-love.com\/es\/wp-json\/wp\/v2\/product\/120108","targetHints":{"allow":["GET"]}}],"collection":[{"href":"https:\/\/gpl-love.com\/es\/wp-json\/wp\/v2\/product"}],"about":[{"href":"https:\/\/gpl-love.com\/es\/wp-json\/wp\/v2\/types\/product"}],"replies":[{"embeddable":true,"href":"https:\/\/gpl-love.com\/es\/wp-json\/wp\/v2\/comments?post=120108"}],"wp:featuredmedia":[{"embeddable":true,"href":"https:\/\/gpl-love.com\/es\/wp-json\/wp\/v2\/media\/165749"}],"wp:attachment":[{"href":"https:\/\/gpl-love.com\/es\/wp-json\/wp\/v2\/media?parent=120108"}],"wp:term":[{"taxonomy":"product_brand","embeddable":true,"href":"https:\/\/gpl-love.com\/es\/wp-json\/wp\/v2\/product_brand?post=120108"},{"taxonomy":"product_cat","embeddable":true,"href":"https:\/\/gpl-love.com\/es\/wp-json\/wp\/v2\/product_cat?post=120108"},{"taxonomy":"product_tag","embeddable":true,"href":"https:\/\/gpl-love.com\/es\/wp-json\/wp\/v2\/product_tag?post=120108"}],"curies":[{"name":"wp","href":"https:\/\/api.w.org\/{rel}","templated":true}]}}