{"id":120106,"date":"2025-02-25T00:00:00","date_gmt":"2025-02-25T05:00:00","guid":{"rendered":"https:\/\/gpl-love.com\/es\/?post_type=product&#038;p=120106"},"modified":"2026-04-10T11:18:55","modified_gmt":"2026-04-10T16:18:55","slug":"newsletter-translatepress","status":"publish","type":"product","link":"https:\/\/gpl-love.com\/es\/producto\/newsletter-translatepress\/","title":{"rendered":"Newsletter Translatepress 1.0.2"},"content":{"rendered":"<h3>Newsletter Translatepress Caracteristicas<\/h3>\n<p>La fant\u00e1stica herramienta conocida como Newsletter TradatatePress ofrece a los usuarios una forma perfecta y eficiente de traducir sus boletines a varios idiomas. Este notable software permite a las empresas conectarse con una audiencia global y comunicarse efectivamente con sus clientes en su lenguaje preferido de elecci\u00f3n. Con el bolet\u00edn traducido, los usuarios pueden traducir sin esfuerzo sus boletines en m\u00e1s de 200 idiomas, garantizando que su mensaje sea l\u00facido y f\u00e1cilmente comprensible para personas de todos los \u00e1mbitos de la vida. El proceso de traducci\u00f3n en s\u00ed es sencillo y conveniente, ya que el software identifica autom\u00e1ticamente el idioma y proporciona r\u00e1pidamente una traducci\u00f3n con solo unos pocos clics simples. Adem\u00e1s, el bolet\u00edn traductoras cuenta con una interfaz f\u00e1cil de usar, lo que lo convierte en una opci\u00f3n ideal para empresas de cualquier magnitud. Ya sea que aspira a expandir su alcance, mejorar la participaci\u00f3n del cliente o simplemente fomentar una comunicaci\u00f3n mejorada con su p\u00fablico objetivo, el bolet\u00edn traductor de traducci\u00f3n es una herramienta estelar que posee la capacidad de impulsar su negocio a nuevas alturas.<\/p>\n<ul>\n<li>Newsletter TradatatePress es una herramienta poderosa para traducir sus boletines a varios idiomas<\/li>\n<li>Con el bolet\u00edn traducido, puede llegar f\u00e1cilmente a una audiencia m\u00e1s amplia traduciendo su bolet\u00edn en diferentes idiomas<\/li>\n<li>Admite la integraci\u00f3n con varias plataformas de boletines y le permite traducir su contenido sin problemas sin romper el formato<\/li>\n<li>Bolet\u00edn TradatatePress le permite elegir entre traducci\u00f3n autom\u00e1tica o manual, dependiendo de su preferencia<\/li>\n<li>Cuenta con una interfaz f\u00e1cil de usar que facilita el uso, incluso si no tiene ninguna habilidad t\u00e9cnica.<\/li>\n<li>Tambi\u00e9n puede personalizar su configuraci\u00f3n de traducci\u00f3n para obtener las traducciones m\u00e1s precisas y de sonido natural.<\/li>\n<li>Bolet\u00edn TradatatePress ofrece un excelente soporte y actualizaciones regulares para garantizar que obtenga la mejor experiencia de \u00e9l.<\/li>\n<li>Es una soluci\u00f3n rentable para empresas y especialistas en marketing que desean expandir su alcance y conectarse con una audiencia global.<\/li>\n<\/ul>\n","protected":false},"excerpt":{"rendered":"<p>TranslatePress, una soluci\u00f3n altamente eficiente y efectiva para atender sus diversos requisitos de bolet\u00edn en m\u00faltiples idiomas, es el ep\u00edtome de la excelencia. Esta notable herramienta le permite traducir sin esfuerzo y competencia su contenido de bolet\u00edn en numerosos idiomas, ampliando as\u00ed su alcance a una audiencia vasta y diversa. Atr\u00e1s quedaron los d\u00edas en que el trabajo de traducci\u00f3n manual y los procesos enrevesados \u200b\u200bobstaculizaron el progreso de su bolet\u00edn. Con TradatatePress, todo lo que necesita hacer es instalar el complemento y embarcarse en el viaje hacia el \u00e9xito. Adapte la configuraci\u00f3n de traducci\u00f3n a su gusto, seleccione los idiomas objetivo deseados y deje que la traducci\u00f3n se encargue del resto. Su integraci\u00f3n perfecta y sus caracter\u00edsticas f\u00e1ciles de usar garantizan una experiencia perfecta, lo que le permite crear boletines cautivadores sin esfuerzo en varios idiomas que realmente lo distinguen de la competencia. Experimente el poder del bolet\u00edn traducido hoy y presencie que su bolet\u00edn se eleva a nuevas alturas de excelencia.<\/p>\n","protected":false},"featured_media":166977,"comment_status":"open","ping_status":"open","template":"","meta":[],"product_brand":[2506],"product_cat":[1214,1206,1211],"product_tag":[2211],"class_list":{"0":"post-120106","1":"product","2":"type-product","3":"status-publish","4":"has-post-thumbnail","6":"product_brand-newsletter","7":"product_cat-personalizacion","8":"product_cat-plugins","9":"product_cat-wordpress-plugins","10":"product_tag-newsletter","11":"member-discount","12":"discount-restricted","14":"first","15":"instock","16":"sale","17":"downloadable","18":"virtual","19":"sold-individually","20":"purchasable","21":"product-type-simple"},"_links":{"self":[{"href":"https:\/\/gpl-love.com\/es\/wp-json\/wp\/v2\/product\/120106","targetHints":{"allow":["GET"]}}],"collection":[{"href":"https:\/\/gpl-love.com\/es\/wp-json\/wp\/v2\/product"}],"about":[{"href":"https:\/\/gpl-love.com\/es\/wp-json\/wp\/v2\/types\/product"}],"replies":[{"embeddable":true,"href":"https:\/\/gpl-love.com\/es\/wp-json\/wp\/v2\/comments?post=120106"}],"wp:featuredmedia":[{"embeddable":true,"href":"https:\/\/gpl-love.com\/es\/wp-json\/wp\/v2\/media\/166977"}],"wp:attachment":[{"href":"https:\/\/gpl-love.com\/es\/wp-json\/wp\/v2\/media?parent=120106"}],"wp:term":[{"taxonomy":"product_brand","embeddable":true,"href":"https:\/\/gpl-love.com\/es\/wp-json\/wp\/v2\/product_brand?post=120106"},{"taxonomy":"product_cat","embeddable":true,"href":"https:\/\/gpl-love.com\/es\/wp-json\/wp\/v2\/product_cat?post=120106"},{"taxonomy":"product_tag","embeddable":true,"href":"https:\/\/gpl-love.com\/es\/wp-json\/wp\/v2\/product_tag?post=120106"}],"curies":[{"name":"wp","href":"https:\/\/api.w.org\/{rel}","templated":true}]}}