{"id":120104,"date":"2025-07-21T00:00:00","date_gmt":"2025-07-21T05:00:00","guid":{"rendered":"https:\/\/gpl-love.com\/es\/?post_type=product&#038;p=120104"},"modified":"2026-03-09T08:29:43","modified_gmt":"2026-03-09T13:29:43","slug":"wp-sheet-editor-bulk-edit-givewp-forms-pro","status":"publish","type":"product","link":"https:\/\/gpl-love.com\/es\/producto\/wp-sheet-editor-bulk-edit-givewp-forms-pro\/","title":{"rendered":"WP Sheet Editor Bulk Edit GiveWP Forms Pro 1.0.66"},"content":{"rendered":"<h3>WP Sheet Editor Bulk Edit GiveWP Forms Pro Caracteristicas<\/h3>\n<p>El editor de la hoja de WP Bulk Edit y GiveWp Forms Pro son un d\u00fao din\u00e1mico de complementos que ofrecen a los usuarios la capacidad de administrar y personalizar de manera efectiva sus sitios web de WordPress. Con la edici\u00f3n a granel del editor de la hoja de WP, los usuarios est\u00e1n facultados para hacer ediciones a m\u00faltiples publicaciones, p\u00e1ginas y tipos de publicaciones personalizados, todo en una interfaz de hoja de c\u00e1lculo conveniente y f\u00e1cil de usar. Esto no solo ahorra un tiempo valioso, sino que tambi\u00e9n mejora la eficiencia general del flujo de trabajo. Por otro lado, GiveWp Forms Pro simplifica la tarea a menudo compleja de crear formularios de donaci\u00f3n al proporcionar una plataforma intuitiva que permita a los usuarios personalizar sin esfuerzo sus formularios y aceptar los pagos sin problemas a trav\u00e9s de pasarelas de pago bien conocidas y confiables. Al combinar los poderes de la edici\u00f3n a granel del editor de la hoja de WP y los formularios GiveWp Pro, los usuarios obtienen acceso a una soluci\u00f3n integral y abarcadora que optimiza los procesos de administraci\u00f3n de sitios web y eleva la experiencia general del usuario.<\/p>\n<ul>\n<li>Una herramienta poderosa para administrar y editar m\u00faltiples formas de WordPress con facilidad<\/li>\n<li>Hacer r\u00e1pidamente cambios para formar campos, configuraciones y entradas a granel.<\/li>\n<li>Ayuda a ahorrar mucho tiempo y esfuerzo en la gesti\u00f3n de m\u00faltiples formularios al proporcionar soluciones automatizadas y eficientes<\/li>\n<li>Proporciona una interfaz f\u00e1cil de usar que simplifica el proceso de administraci\u00f3n y edici\u00f3n<\/li>\n<li>Aumenta la productividad al eliminar las tareas repetitivas y permitir a los usuarios centrarse en el trabajo m\u00e1s importante<\/li>\n<li>Proporciona un alto nivel de opciones de personalizaci\u00f3n para formularios, lo que permite a los usuarios adaptar formularios a sus necesidades y requisitos espec\u00edficos<\/li>\n<li>Ayuda a optimizar la gesti\u00f3n de datos proporcionando una forma intuitiva de administrar, editar y exportar datos de formulario<\/li>\n<li>La compatibilidad con los formularios GiveWP facilita la gesti\u00f3n de donaciones y campa\u00f1as de recaudaci\u00f3n de fondos en su sitio de WordPress.<\/li>\n<\/ul>\n","protected":false},"excerpt":{"rendered":"<p>El editor de hoja de WP Bulk Edit GiveWp Forms Pro es un complemento de WordPress altamente eficiente y f\u00e1cil de usar, dise\u00f1ado para habilitar la edici\u00f3n a granel sin costuras de m\u00faltiples formularios GiveWp simult\u00e1neamente. Este notable complemento incorpora una interfaz instintiva y caracter\u00edsticas accesibles sin esfuerzo, lo que hace que sea incre\u00edblemente conveniente manejar cantidades extensas de formas. En consecuencia, minimiza significativamente el tiempo y la energ\u00eda invertida para garantizar la moneda y la relevancia de su sitio web. Independientemente de si desea realizar alteraciones min\u00fasculas o modificaciones sustanciales, la edici\u00f3n de editor de hoja de WP a granel edit GiveWp Forms Pro es sin duda la soluci\u00f3n \u00f3ptima para preservar la condici\u00f3n pr\u00edstina de sus formularios GiveWp.<\/p>\n","protected":false},"featured_media":168447,"comment_status":"open","ping_status":"open","template":"","meta":[],"product_brand":[2637],"product_cat":[1214,1206,1211],"product_tag":[1566],"class_list":{"0":"post-120104","1":"product","2":"type-product","3":"status-publish","4":"has-post-thumbnail","6":"product_brand-wp-sheet-editor","7":"product_cat-personalizacion","8":"product_cat-plugins","9":"product_cat-wordpress-plugins","10":"product_tag-wp-sheet-editor","11":"member-discount","12":"discount-restricted","14":"first","15":"instock","16":"sale","17":"downloadable","18":"virtual","19":"sold-individually","20":"purchasable","21":"product-type-simple"},"_links":{"self":[{"href":"https:\/\/gpl-love.com\/es\/wp-json\/wp\/v2\/product\/120104","targetHints":{"allow":["GET"]}}],"collection":[{"href":"https:\/\/gpl-love.com\/es\/wp-json\/wp\/v2\/product"}],"about":[{"href":"https:\/\/gpl-love.com\/es\/wp-json\/wp\/v2\/types\/product"}],"replies":[{"embeddable":true,"href":"https:\/\/gpl-love.com\/es\/wp-json\/wp\/v2\/comments?post=120104"}],"wp:featuredmedia":[{"embeddable":true,"href":"https:\/\/gpl-love.com\/es\/wp-json\/wp\/v2\/media\/168447"}],"wp:attachment":[{"href":"https:\/\/gpl-love.com\/es\/wp-json\/wp\/v2\/media?parent=120104"}],"wp:term":[{"taxonomy":"product_brand","embeddable":true,"href":"https:\/\/gpl-love.com\/es\/wp-json\/wp\/v2\/product_brand?post=120104"},{"taxonomy":"product_cat","embeddable":true,"href":"https:\/\/gpl-love.com\/es\/wp-json\/wp\/v2\/product_cat?post=120104"},{"taxonomy":"product_tag","embeddable":true,"href":"https:\/\/gpl-love.com\/es\/wp-json\/wp\/v2\/product_tag?post=120104"}],"curies":[{"name":"wp","href":"https:\/\/api.w.org\/{rel}","templated":true}]}}