{"id":120102,"date":"2026-01-10T00:00:00","date_gmt":"2026-01-10T05:00:00","guid":{"rendered":"https:\/\/gpl-love.com\/es\/?post_type=product&#038;p=120102"},"modified":"2026-03-09T08:29:58","modified_gmt":"2026-03-09T13:29:58","slug":"wp-sheet-editor-woocommerce-coupons-premium","status":"publish","type":"product","link":"https:\/\/gpl-love.com\/es\/producto\/wp-sheet-editor-woocommerce-coupons-premium\/","title":{"rendered":"WP Sheet Editor WooCommerce Coupons 1.3.57"},"content":{"rendered":"<h3>WP Sheet Editor WooCommerce Coupons Caracteristicas<\/h3>\n<p>El editor de la hoja de WP WooCommerce Coupons es una herramienta incre\u00edblemente robusta y altamente efectiva que le ofrece la capacidad de manejar y supervisar de manera eficiente y sin esfuerzo sus cupones en grandes cantidades. Esta notable herramienta cuenta con una interfaz f\u00e1cil de usar y sin complicaciones que le permite generar, modificar y borrar r\u00e1pidamente los cupones de su estimada tienda de WooCommerce. Con sus funcionalidades avanzadas y de vanguardia, puede actualizar convenientemente m\u00faltiples cupones simult\u00e1neamente, abarcando sus descuentos, restricciones de utilizaci\u00f3n y fechas de terminaci\u00f3n. Adem\u00e1s, esta herramienta excepcional le permite importar y exportar cupones de los archivos CSV, simplificando as\u00ed la gesti\u00f3n de cantidades sustanciales de cupones. Al utilizar los cupones de WooCommerce del editor de la hoja de WP, sin duda ahorrar\u00e1 una cantidad significativa de tiempo y esfuerzo preciosos, ya que optimiza sin problemas y optimiza su proceso de gesti\u00f3n de cupones, lo que le permite concentrarse de todo coraz\u00f3n en expandir y florecer su empresa estimada.<\/p>\n<ul>\n<li>Capacidad para editar c\u00f3digos de cup\u00f3n de WooCommerce directamente en WordPress<\/li>\n<li>Interfaz f\u00e1cil de usar con dise\u00f1o de hoja de c\u00e1lculo familiar<\/li>\n<li>Capacidades de edici\u00f3n a granel para actualizaciones r\u00e1pidas<\/li>\n<li>Filtrar y buscar opciones para una organizaci\u00f3n f\u00e1cil<\/li>\n<li>Sincronizaci\u00f3n en tiempo real con la tienda WooCommerce<\/li>\n<li>Funcionalidad autom\u00e1tica para la tranquilidad<\/li>\n<li>Funcionalidad avanzada, incluida la capacidad de establecer restricciones de uso y fechas de vencimiento<\/li>\n<li>Compatible con complementos populares como cupones avanzados y cupones inteligentes<\/li>\n<li>Accesible para m\u00faltiples usuarios con permisos personalizables<\/li>\n<li>Ahorra tiempo y mejora la eficiencia en la gesti\u00f3n de cupones de WooCommerce.<\/li>\n<\/ul>\n","protected":false},"excerpt":{"rendered":"<p>El editor de la hoja de WP WooCommerce Coupons es un complemento muy conveniente que ofrece a los usuarios la capacidad de manejar de manera eficiente y efectiva sus cupones de WooCommerce a trav\u00e9s de una interfaz de hoja de c\u00e1lculo f\u00e1cil de usar. Esto significa que la ardua tarea de ingresar y editar cupones manualmente se convierte en una cosa del pasado, ya que ahora tiene la opci\u00f3n de actualizar sin esfuerzo sus descuentos a granel. Adem\u00e1s, este complemento proporciona la ventaja adicional de permitirle importar y exportar sin problemas sus cupones hacia y desde Excel y Google Sheets, mejorando a\u00fan m\u00e1s su versatilidad. Adem\u00e1s, cuenta con una amplia gama de capacidades robustas de filtrado y b\u00fasqueda, asegurando que pueda localizar y administrar f\u00e1cilmente los cupones deseados. Al utilizar los cupones de WooCommerce del editor de la hoja de WP, tiene la oportunidad de optimizar sus procedimientos de gesti\u00f3n de cupones y maximizar sus posibles ahorros.<\/p>\n","protected":false},"featured_media":168457,"comment_status":"open","ping_status":"open","template":"","meta":[],"product_brand":[2637],"product_cat":[1214,1206,1211],"product_tag":[1566],"class_list":{"0":"post-120102","1":"product","2":"type-product","3":"status-publish","4":"has-post-thumbnail","6":"product_brand-wp-sheet-editor","7":"product_cat-personalizacion","8":"product_cat-plugins","9":"product_cat-wordpress-plugins","10":"product_tag-wp-sheet-editor","11":"member-discount","12":"discount-restricted","14":"first","15":"instock","16":"sale","17":"downloadable","18":"virtual","19":"sold-individually","20":"purchasable","21":"product-type-simple"},"_links":{"self":[{"href":"https:\/\/gpl-love.com\/es\/wp-json\/wp\/v2\/product\/120102","targetHints":{"allow":["GET"]}}],"collection":[{"href":"https:\/\/gpl-love.com\/es\/wp-json\/wp\/v2\/product"}],"about":[{"href":"https:\/\/gpl-love.com\/es\/wp-json\/wp\/v2\/types\/product"}],"replies":[{"embeddable":true,"href":"https:\/\/gpl-love.com\/es\/wp-json\/wp\/v2\/comments?post=120102"}],"wp:featuredmedia":[{"embeddable":true,"href":"https:\/\/gpl-love.com\/es\/wp-json\/wp\/v2\/media\/168457"}],"wp:attachment":[{"href":"https:\/\/gpl-love.com\/es\/wp-json\/wp\/v2\/media?parent=120102"}],"wp:term":[{"taxonomy":"product_brand","embeddable":true,"href":"https:\/\/gpl-love.com\/es\/wp-json\/wp\/v2\/product_brand?post=120102"},{"taxonomy":"product_cat","embeddable":true,"href":"https:\/\/gpl-love.com\/es\/wp-json\/wp\/v2\/product_cat?post=120102"},{"taxonomy":"product_tag","embeddable":true,"href":"https:\/\/gpl-love.com\/es\/wp-json\/wp\/v2\/product_tag?post=120102"}],"curies":[{"name":"wp","href":"https:\/\/api.w.org\/{rel}","templated":true}]}}