{"id":120098,"date":"2025-07-21T00:00:00","date_gmt":"2025-07-21T05:00:00","guid":{"rendered":"https:\/\/gpl-love.com\/es\/?post_type=product&#038;p=120098"},"modified":"2026-03-09T08:30:02","modified_gmt":"2026-03-09T13:30:02","slug":"wp-sheet-editor-woocommerce-products","status":"publish","type":"product","link":"https:\/\/gpl-love.com\/es\/producto\/wp-sheet-editor-woocommerce-products\/","title":{"rendered":"WP Sheet Editor WooCommerce Products 1.8.19"},"content":{"rendered":"<h3>WP Sheet Editor WooCommerce Products Caracteristicas<\/h3>\n<p>El editor de la hoja de WP WooCommerce Products es un complemento muy robusto y eficiente que ofrece una gran cantidad de caracter\u00edsticas convenientes para editar y supervisar sin problemas sus productos de WooCommerce a granel. Al aprovechar este complemento, se le otorga la capacidad de modificar sin esfuerzo detalles del producto, como t\u00edtulos, descripciones, precios y niveles de inventario a trav\u00e9s de una interfaz de hoja de c\u00e1lculo f\u00e1cil de usar. Esta funcionalidad ventajosa le permite promulgar cambios en un n\u00famero sustancial de productos simult\u00e1neamente, lo que reduce significativamente la cantidad de tiempo y energ\u00eda invertida en el proceso. Adem\u00e1s, el complemento est\u00e1 equipado con capacidades avanzadas de filtrado y clasificaci\u00f3n, lo que le permite localizar r\u00e1pidamente los productos espec\u00edficos que requieren actualizaciones. En conclusi\u00f3n, el editor de hojas de WP WooCommerce Products sirve como una herramienta indispensable para los propietarios de tiendas de WooCommerce que aspiran a optimizar y optimizar sus esfuerzos de gesti\u00f3n de productos.<\/p>\n<ul>\n<li>Editar y administrar f\u00e1cilmente los datos de sus productos de WooCommerce directamente dentro de su tablero de WordPress<\/li>\n<li>Ahorre tiempo y aumente la eficiencia con la edici\u00f3n y actualizaci\u00f3n de los productos a granel<\/li>\n<li>Personalice y filtre la vista de su lista de productos para centrarse en tipos o atributos espec\u00edficos de productos<\/li>\n<li>Vista previa y prueba los cambios antes de publicarlos en su sitio en vivo<\/li>\n<li>Importar y exportar datos de productos a granel, incluidas im\u00e1genes y variaciones<\/li>\n<li>Colaborar con su equipo estableciendo permisos de edici\u00f3n basados \u200b\u200ben roles<\/li>\n<li>Integrar sin problemas con otras extensiones y complementos de WooCommerce<\/li>\n<li>Obtenga acceso a soporte t\u00e9cnico dedicado y documentaci\u00f3n para una implementaci\u00f3n y uso sin problemas.<\/li>\n<\/ul>\n","protected":false},"excerpt":{"rendered":"<p>El editor de la hoja de WP WooCommerce Products es un complemento robusto e innovador que tiene como objetivo mejorar y simplificar el proceso de gesti\u00f3n de productos de WooCommerce. Al utilizar esta herramienta, a los usuarios se les otorga la capacidad de editar, importar y exportar cantidades sustanciales de datos de productos a trav\u00e9s de una interfaz de hoja de c\u00e1lculo altamente intuitiva y f\u00e1cil de usar. La integraci\u00f3n perfecta de este complemento con todas las caracter\u00edsticas de WooCommerce facilita el manejo eficiente de las actualizaciones de productos a granel y permite a los usuarios filtrar y buscar convenientemente productos espec\u00edficos basados \u200b\u200ben criterios personalizados. Adem\u00e1s, el editor de hojas de WP WooCommerce Products ofrece una gran cantidad de funcionalidades adicionales, como la gesti\u00f3n de los precios de los productos y el stock, as\u00ed como la organizaci\u00f3n de categor\u00edas y etiquetas. Como resultado, la gesti\u00f3n de productos se convierte en un esfuerzo sin problemas. Orientado a los propietarios de tiendas en l\u00ednea y profesionales de comercio electr\u00f3nico, este complemento sirve como un recurso invaluable para racionalizar la gesti\u00f3n de productos de WooCommerce y, posteriormente, elevar la productividad empresarial a niveles sin precedentes.<\/p>\n","protected":false},"featured_media":168459,"comment_status":"open","ping_status":"open","template":"","meta":[],"product_brand":[2637],"product_cat":[1214,1206,1211],"product_tag":[1566],"class_list":{"0":"post-120098","1":"product","2":"type-product","3":"status-publish","4":"has-post-thumbnail","6":"product_brand-wp-sheet-editor","7":"product_cat-personalizacion","8":"product_cat-plugins","9":"product_cat-wordpress-plugins","10":"product_tag-wp-sheet-editor","11":"member-discount","12":"discount-restricted","14":"first","15":"instock","16":"sale","17":"downloadable","18":"virtual","19":"sold-individually","20":"purchasable","21":"product-type-simple"},"_links":{"self":[{"href":"https:\/\/gpl-love.com\/es\/wp-json\/wp\/v2\/product\/120098","targetHints":{"allow":["GET"]}}],"collection":[{"href":"https:\/\/gpl-love.com\/es\/wp-json\/wp\/v2\/product"}],"about":[{"href":"https:\/\/gpl-love.com\/es\/wp-json\/wp\/v2\/types\/product"}],"replies":[{"embeddable":true,"href":"https:\/\/gpl-love.com\/es\/wp-json\/wp\/v2\/comments?post=120098"}],"wp:featuredmedia":[{"embeddable":true,"href":"https:\/\/gpl-love.com\/es\/wp-json\/wp\/v2\/media\/168459"}],"wp:attachment":[{"href":"https:\/\/gpl-love.com\/es\/wp-json\/wp\/v2\/media?parent=120098"}],"wp:term":[{"taxonomy":"product_brand","embeddable":true,"href":"https:\/\/gpl-love.com\/es\/wp-json\/wp\/v2\/product_brand?post=120098"},{"taxonomy":"product_cat","embeddable":true,"href":"https:\/\/gpl-love.com\/es\/wp-json\/wp\/v2\/product_cat?post=120098"},{"taxonomy":"product_tag","embeddable":true,"href":"https:\/\/gpl-love.com\/es\/wp-json\/wp\/v2\/product_tag?post=120098"}],"curies":[{"name":"wp","href":"https:\/\/api.w.org\/{rel}","templated":true}]}}