{"id":120096,"date":"2026-01-10T00:00:00","date_gmt":"2026-01-10T05:00:00","guid":{"rendered":"https:\/\/gpl-love.com\/es\/?post_type=product&#038;p=120096"},"modified":"2026-03-09T08:29:50","modified_gmt":"2026-03-09T13:29:50","slug":"wp-sheet-editor-editable-frontend-tables","status":"publish","type":"product","link":"https:\/\/gpl-love.com\/es\/producto\/wp-sheet-editor-editable-frontend-tables\/","title":{"rendered":"WP Sheet Editor Editable Frontend Tables 2.4.44"},"content":{"rendered":"<h3>WP Sheet Editor Editable Frontend Tables Caracteristicas<\/h3>\n<p>Las tablas Editables Frontend editables del editor de la hoja de WP son un complemento de WordPress incre\u00edblemente robusto y rico en funciones que sirve como una excelente soluci\u00f3n para los propietarios de sitios web que buscan crear y administrar tablas de manera efectiva. Este complemento ofrece una multitud de funcionalidades avanzadas, incluida la capacidad de generar tablas totalmente editables en la parte delantera de su sitio. Al implementar este complemento, puede proporcionar a sus usuarios la comodidad y flexibilidad para modificar los datos dentro de la tabla sin el requisito de acceder al backend de su sitio de WordPress. Adem\u00e1s, las tablas editables de WP Sheet Editor cuenta con una amplia gama de opciones de personalizaci\u00f3n, lo que le permite seleccionar entre una variedad de estilos de mesa visualmente atractivos, esquemas de color cautivadores e impresionantes caracter\u00edsticas de la mesa. Adem\u00e1s, las capacidades de importaci\u00f3n y exportaci\u00f3n perfecta de este complemento permiten una f\u00e1cil transferencia de datos de los archivos Excel y CSV. En resumen, las tablas Editable Frontend editables de WP Sheet Editor son una herramienta indispensable para las personas que buscan presentar sus datos de manera profesional y sin esfuerzo manejable en su sitio web.<\/p>\n<ul>\n<li>Dise\u00f1ar y personalizar las tablas sin esfuerzo en la interfaz de su sitio web<\/li>\n<li>Aumentar la participaci\u00f3n del usuario mostrando datos interactivos en un formato f\u00e1cil de usar<\/li>\n<li>Integre perfectamente con constructores de p\u00e1ginas populares como Elementor y Beaver Builder<\/li>\n<li>Editar datos directamente en el interfaz sin tener que navegar al backend<\/li>\n<li>Elija entre una variedad de plantillas predise\u00f1adas o cree sus propios estilos personalizados<\/li>\n<li>Filtrar y clasificar datos para una experiencia de usuario mejorada<\/li>\n<li>Habilitar la funcionalidad de b\u00fasqueda instant\u00e1nea para encontrar r\u00e1pidamente informaci\u00f3n espec\u00edfica dentro de un gran conjunto de datos<\/li>\n<li>Colaborar con miembros del equipo o clientes al permitirles proporcionar comentarios y editar datos en tiempo real<\/li>\n<li>Compatibilidad establecida con otros complementos populares de WordPress para una funcionalidad adicional<\/li>\n<li>Panel de opciones organizado intuitivamente para una configuraci\u00f3n y gesti\u00f3n de tabla r\u00e1pida y f\u00e1cil.<\/li>\n<\/ul>\n","protected":false},"excerpt":{"rendered":"<p>Las tablas editables frontend que ofrecen WP Sheet Editor son una soluci\u00f3n revolucionaria para desarrolladores y administradores de sitios web. Este producto innovador les permite generar y modificar sin esfuerzo las tablas directamente en la parte delantera de su sitio de WordPress. Atr\u00e1s quedaron los d\u00edas de lucha con una codificaci\u00f3n intrincada o conf\u00edan en complementos que exigen una configuraci\u00f3n y configuraci\u00f3n extensas. Simplemente instalando este complemento, los usuarios pueden comenzar a personalizar r\u00e1pidamente sus tablas a trav\u00e9s de una interfaz f\u00e1cil de usar. Esta interfaz cuenta con una gran cantidad de caracter\u00edsticas de edici\u00f3n como la funcionalidad de arrastrar y soltar, capacidades de edici\u00f3n a granel y la capacidad de clasificar los datos. Con la integraci\u00f3n de las tablas editables frontend, los visitantes del sitio web pueden acceder e interactuar sin problemas con la informaci\u00f3n mostrada, fomentando as\u00ed un elevado nivel de compromiso y funcionalidad dentro de su experiencia de usuario.<\/p>\n","protected":false},"featured_media":168452,"comment_status":"open","ping_status":"open","template":"","meta":[],"product_brand":[2637],"product_cat":[1214,1206,1211],"product_tag":[1566],"class_list":{"0":"post-120096","1":"product","2":"type-product","3":"status-publish","4":"has-post-thumbnail","6":"product_brand-wp-sheet-editor","7":"product_cat-personalizacion","8":"product_cat-plugins","9":"product_cat-wordpress-plugins","10":"product_tag-wp-sheet-editor","11":"member-discount","12":"discount-restricted","14":"first","15":"instock","16":"sale","17":"downloadable","18":"virtual","19":"sold-individually","20":"purchasable","21":"product-type-simple"},"_links":{"self":[{"href":"https:\/\/gpl-love.com\/es\/wp-json\/wp\/v2\/product\/120096","targetHints":{"allow":["GET"]}}],"collection":[{"href":"https:\/\/gpl-love.com\/es\/wp-json\/wp\/v2\/product"}],"about":[{"href":"https:\/\/gpl-love.com\/es\/wp-json\/wp\/v2\/types\/product"}],"replies":[{"embeddable":true,"href":"https:\/\/gpl-love.com\/es\/wp-json\/wp\/v2\/comments?post=120096"}],"wp:featuredmedia":[{"embeddable":true,"href":"https:\/\/gpl-love.com\/es\/wp-json\/wp\/v2\/media\/168452"}],"wp:attachment":[{"href":"https:\/\/gpl-love.com\/es\/wp-json\/wp\/v2\/media?parent=120096"}],"wp:term":[{"taxonomy":"product_brand","embeddable":true,"href":"https:\/\/gpl-love.com\/es\/wp-json\/wp\/v2\/product_brand?post=120096"},{"taxonomy":"product_cat","embeddable":true,"href":"https:\/\/gpl-love.com\/es\/wp-json\/wp\/v2\/product_cat?post=120096"},{"taxonomy":"product_tag","embeddable":true,"href":"https:\/\/gpl-love.com\/es\/wp-json\/wp\/v2\/product_tag?post=120096"}],"curies":[{"name":"wp","href":"https:\/\/api.w.org\/{rel}","templated":true}]}}