{"id":120094,"date":"2026-01-10T00:00:00","date_gmt":"2026-01-10T05:00:00","guid":{"rendered":"https:\/\/gpl-love.com\/es\/?post_type=product&#038;p=120094"},"modified":"2026-03-09T08:29:47","modified_gmt":"2026-03-09T13:29:47","slug":"wp-sheet-editor-custom-tables-pro","status":"publish","type":"product","link":"https:\/\/gpl-love.com\/es\/producto\/wp-sheet-editor-custom-tables-pro\/","title":{"rendered":"WP Sheet Editor Custom Tables Pro 1.2.24"},"content":{"rendered":"<h3>WP Sheet Editor Custom Tables Pro Caracteristicas<\/h3>\n<p>WP Sheet Editor Custom Tables Pro es un complemento muy potente y robusto que ha sido intrincadamente dise\u00f1ado para proporcionar a los usuarios un medio sin esfuerzo para crear, administrar y editar tablas personalizadas en sus sitios web de WordPress. Este complemento excepcional le permite crear tablas adaptadas a sus necesidades espec\u00edficas, lo que permite una organizaci\u00f3n sin problemas y la presentaci\u00f3n de datos. En particular, el complemento presenta una extensa gama de caracter\u00edsticas que facilitan la personalizaci\u00f3n sin esfuerzo de sus tablas. Estas caracter\u00edsticas abarcan la capacidad de insertar columnas, filas y tipos de datos, as\u00ed como la conveniencia de clasificar, filtrar y buscar a trav\u00e9s de sus datos. Adem\u00e1s, este complemento va m\u00e1s all\u00e1 incorporando funcionalidades avanzadas, como capacidades de importaci\u00f3n de datos y exportaci\u00f3n, formato condicional y la provisi\u00f3n de crear opiniones personalizadas de sus datos. Al aprovechar el poder de las tablas personalizadas del editor de la hoja de WP, puede aprovechar efectivamente el control de sus datos y generar tablas din\u00e1micas que le permitan obtener una comprensi\u00f3n profunda de su sitio web al tiempo que optimiza simult\u00e1neamente su gesti\u00f3n de \u00e9l.<\/p>\n<ul>\n<li>Editor avanzado para tablas personalizadas en WordPress<\/li>\n<li>Permite a los usuarios crear, editar y administrar tablas personalizadas con facilidad<\/li>\n<li>Proporciona una gama de caracter\u00edsticas potentes y opciones de personalizaci\u00f3n para tablas<\/li>\n<li>Totalmente integrado con el editor de hojas de WP para un uso sin problemas<\/li>\n<li>Proporciona avances en tiempo real de cambios realizados<\/li>\n<li>Admite m\u00faltiples tipos de datos, incluidos texto, n\u00fameros, fechas e im\u00e1genes<\/li>\n<li>Opciones extensas de filtrado y clasificaci\u00f3n para facilitar la gesti\u00f3n de datos<\/li>\n<li>Ofrece un dise\u00f1o receptivo para diferentes dispositivos, incluidos m\u00f3viles y tabletas.<\/li>\n<li>Admite importar y exportar datos de diferentes fuentes<\/li>\n<li>Ofrece una duplicaci\u00f3n de mesa con un solo clic para una creaci\u00f3n de mesa m\u00e1s r\u00e1pida<\/li>\n<\/ul>\n","protected":false},"excerpt":{"rendered":"<p>WP Sheet Editor Custom Tables Pro es un complemento de WordPress altamente robusto y formidable que proporciona a los usuarios la notable capacidad de generar y administrar tablas personalizadas en sus estimados sitios web. Armado con su interfaz notablemente intuitiva y una variedad de caracter\u00edsticas avanzadas, los individuos pueden importar y exportar datos sin esfuerzo y sin esfuerzo, adaptar tablas a sus especificaciones precisas e incluso amalgamar datos de m\u00faltiples tablas. Independientemente de si est\u00e1 supervisando las operaciones de una plataforma de comercio electr\u00f3nico, supervisando un sitio web basado en la membres\u00eda, o simplemente requiere un mecanismo maleable para organizar y estructurar su estimado contenido, WP Hood Editor Tablas Pro sirve como la herramienta definitiva y por excelencia. Facilitar y optimizar el proceso de gesti\u00f3n de datos, asegurando una eficiencia y facilidad \u00f3ptimas.<\/p>\n","protected":false},"featured_media":168450,"comment_status":"open","ping_status":"open","template":"","meta":[],"product_brand":[2637],"product_cat":[1214,1206,1211],"product_tag":[1566],"class_list":{"0":"post-120094","1":"product","2":"type-product","3":"status-publish","4":"has-post-thumbnail","6":"product_brand-wp-sheet-editor","7":"product_cat-personalizacion","8":"product_cat-plugins","9":"product_cat-wordpress-plugins","10":"product_tag-wp-sheet-editor","11":"member-discount","12":"discount-restricted","14":"first","15":"instock","16":"sale","17":"downloadable","18":"virtual","19":"sold-individually","20":"purchasable","21":"product-type-simple"},"_links":{"self":[{"href":"https:\/\/gpl-love.com\/es\/wp-json\/wp\/v2\/product\/120094","targetHints":{"allow":["GET"]}}],"collection":[{"href":"https:\/\/gpl-love.com\/es\/wp-json\/wp\/v2\/product"}],"about":[{"href":"https:\/\/gpl-love.com\/es\/wp-json\/wp\/v2\/types\/product"}],"replies":[{"embeddable":true,"href":"https:\/\/gpl-love.com\/es\/wp-json\/wp\/v2\/comments?post=120094"}],"wp:featuredmedia":[{"embeddable":true,"href":"https:\/\/gpl-love.com\/es\/wp-json\/wp\/v2\/media\/168450"}],"wp:attachment":[{"href":"https:\/\/gpl-love.com\/es\/wp-json\/wp\/v2\/media?parent=120094"}],"wp:term":[{"taxonomy":"product_brand","embeddable":true,"href":"https:\/\/gpl-love.com\/es\/wp-json\/wp\/v2\/product_brand?post=120094"},{"taxonomy":"product_cat","embeddable":true,"href":"https:\/\/gpl-love.com\/es\/wp-json\/wp\/v2\/product_cat?post=120094"},{"taxonomy":"product_tag","embeddable":true,"href":"https:\/\/gpl-love.com\/es\/wp-json\/wp\/v2\/product_tag?post=120094"}],"curies":[{"name":"wp","href":"https:\/\/api.w.org\/{rel}","templated":true}]}}