{"id":120092,"date":"2026-01-10T00:00:00","date_gmt":"2026-01-10T05:00:00","guid":{"rendered":"https:\/\/gpl-love.com\/es\/?post_type=product&#038;p=120092"},"modified":"2026-03-09T08:30:00","modified_gmt":"2026-03-09T13:30:00","slug":"wp-sheet-editor-woocommerce-orders","status":"publish","type":"product","link":"https:\/\/gpl-love.com\/es\/producto\/wp-sheet-editor-woocommerce-orders\/","title":{"rendered":"WP Sheet Editor WooCommerce Orders Pro 1.3.22"},"content":{"rendered":"<h3>WP Sheet Editor WooCommerce Orders Pro Caracteristicas<\/h3>\n<p>El editor de la hoja de WP WooCommerce Orders Pro es una herramienta notablemente robusta y formidable que ha sido ingeniosamente elaborada y meticulosamente dise\u00f1ada para brindar asistencia invaluable a los propietarios de tiendas en l\u00ednea, capacit\u00e1ndolos para administrar y modificar de manera efectiva sus \u00f3rdenes de WooCommerce. Este complemento extraordinario facilita la visi\u00f3n y edici\u00f3n perfecta de pedidos a trav\u00e9s de la utilizaci\u00f3n de un formato integral de hoja de c\u00e1lculo, simplificando as\u00ed la ardua tarea de monitorear y administrar meticulosamente los detalles de los pedidos, como la informaci\u00f3n del cliente, el estado del pedido y los detalles intrincados del producto. Adem\u00e1s, esta herramienta de vanguardia est\u00e1 equipada con una variedad de sofisticadas opciones de filtrado y clasificaci\u00f3n, lo que permite a los usuarios identificar y recuperar r\u00e1pidamente pedidos espec\u00edficos basados \u200b\u200ben una amplia gama de criterios, como fecha de pedido, nombre del cliente u estado de pedido. El editor de la hoja de WP WooCommerce Orders surge como un activo indispensable e indispensable para cualquier propietario de la tienda en l\u00ednea exigente que aspira ardientemente a optimizar y optimizar su proceso general de gesti\u00f3n de pedidos, lo que brinda un nivel de mejora y refinamiento sin precedentes a su eficiencia general del flujo de trabajo.<\/p>\n<ul>\n<li>Simplifique su proceso de gesti\u00f3n de pedidos en WooCommerce con el editor de la hoja de WP<\/li>\n<li>Crear, editar y administrar sus pedidos en un formato de hoja de c\u00e1lculo para una manipulaci\u00f3n y organizaci\u00f3n m\u00e1s f\u00e1ciles<\/li>\n<li>Ahorre tiempo mediante la edici\u00f3n masiva y actualizaci\u00f3n de los detalles de su pedido, como la direcci\u00f3n de env\u00edo, la cantidad del producto y el estado del pedido<\/li>\n<li>Ver informaci\u00f3n importante de pedido como el n\u00famero de pedido, el nombre del cliente y el estado de pago de un vistazo<\/li>\n<li>Personalice la hoja de c\u00e1lculo de su pedido con las opciones de columna que necesita para sus necesidades espec\u00edficas de gesti\u00f3n de pedidos<\/li>\n<li>Filtrar y buscar pedidos espec\u00edficos f\u00e1cilmente en funci\u00f3n del estado del cliente, el producto u pedido<\/li>\n<li>Mejorar la precisi\u00f3n y reducir los errores en el procesamiento de su pedido con la capacidad de rastrear los cambios y volver a versiones anteriores<\/li>\n<li>Compatible con pasarelas de pago populares como PayPal y Stripe<\/li>\n<li>Obtenga atenci\u00f3n al cliente dedicada y actualizaciones autom\u00e1ticas con la versi\u00f3n WooCommerce Orders Pro de WOOCommerce Editor.<\/li>\n<\/ul>\n","protected":false},"excerpt":{"rendered":"<p>El editor de la hoja de WP WooCommerce Orders Pro es un complemento altamente sofisticado que se ha desarrollado espec\u00edficamente para optimizar el proceso de gesti\u00f3n de pedidos para los propietarios de tiendas de WooCommerce. Al incorporar una amplia gama de caracter\u00edsticas potentes, este complemento avanzado permite a los usuarios editar, filtrar y ejecutar actualizaciones a granel en pedidos, durante una interfaz de hoja de c\u00e1lculo altamente intuitiva. Con su funcionalidad mejorada y su interfaz f\u00e1cil de usar, el editor de hojas de WP WooCommerce Orders Pro proporciona un nivel incomparable de conveniencia y eficiencia cuando se trata de administrar pedidos y datos de clientes. Al utilizar este complemento excepcional, podr\u00e1 ahorrar una cantidad considerable de tiempo y esfuerzo. Ya sea que necesite actualizar m\u00faltiples pedidos a granel o administrar de manera efectiva los datos del cliente de su tienda, el editor de la hoja de WP WooCommerce Orders Pro es la soluci\u00f3n definitiva que atiende a todos sus requisitos.<\/p>\n","protected":false},"featured_media":168458,"comment_status":"open","ping_status":"open","template":"","meta":[],"product_brand":[2637],"product_cat":[1214,1206,1211],"product_tag":[1566],"class_list":{"0":"post-120092","1":"product","2":"type-product","3":"status-publish","4":"has-post-thumbnail","6":"product_brand-wp-sheet-editor","7":"product_cat-personalizacion","8":"product_cat-plugins","9":"product_cat-wordpress-plugins","10":"product_tag-wp-sheet-editor","11":"member-discount","12":"discount-restricted","14":"first","15":"instock","16":"sale","17":"downloadable","18":"virtual","19":"sold-individually","20":"purchasable","21":"product-type-simple"},"_links":{"self":[{"href":"https:\/\/gpl-love.com\/es\/wp-json\/wp\/v2\/product\/120092","targetHints":{"allow":["GET"]}}],"collection":[{"href":"https:\/\/gpl-love.com\/es\/wp-json\/wp\/v2\/product"}],"about":[{"href":"https:\/\/gpl-love.com\/es\/wp-json\/wp\/v2\/types\/product"}],"replies":[{"embeddable":true,"href":"https:\/\/gpl-love.com\/es\/wp-json\/wp\/v2\/comments?post=120092"}],"wp:featuredmedia":[{"embeddable":true,"href":"https:\/\/gpl-love.com\/es\/wp-json\/wp\/v2\/media\/168458"}],"wp:attachment":[{"href":"https:\/\/gpl-love.com\/es\/wp-json\/wp\/v2\/media?parent=120092"}],"wp:term":[{"taxonomy":"product_brand","embeddable":true,"href":"https:\/\/gpl-love.com\/es\/wp-json\/wp\/v2\/product_brand?post=120092"},{"taxonomy":"product_cat","embeddable":true,"href":"https:\/\/gpl-love.com\/es\/wp-json\/wp\/v2\/product_cat?post=120092"},{"taxonomy":"product_tag","embeddable":true,"href":"https:\/\/gpl-love.com\/es\/wp-json\/wp\/v2\/product_tag?post=120092"}],"curies":[{"name":"wp","href":"https:\/\/api.w.org\/{rel}","templated":true}]}}