{"id":120090,"date":"2026-01-10T00:00:00","date_gmt":"2026-01-10T05:00:00","guid":{"rendered":"https:\/\/gpl-love.com\/es\/?post_type=product&#038;p=120090"},"modified":"2026-03-09T08:29:53","modified_gmt":"2026-03-09T13:29:53","slug":"wp-sheet-editor-media-library-premium","status":"publish","type":"product","link":"https:\/\/gpl-love.com\/es\/producto\/wp-sheet-editor-media-library-premium\/","title":{"rendered":"WP Sheet Editor Media Library 1.10.22"},"content":{"rendered":"<h3>WP Sheet Editor Media Library Caracteristicas<\/h3>\n<p>WP Sheet Editor Media Library es un complemento altamente eficiente y robusto que ha sido dise\u00f1ado espec\u00edficamente para sitios web de WordPress. Su prop\u00f3sito principal es mejorar y optimizar el proceso general de administraci\u00f3n de contenido al proporcionar a los usuarios una interfaz muy conveniente e intuitiva que se adapte espec\u00edficamente para administrar archivos multimedia. A trav\u00e9s de la utilizaci\u00f3n de este complemento, las personas pueden editar, actualizar y organizar su biblioteca de medios directamente desde el editor de hoja de c\u00e1lculo sin requerir el uso de ning\u00fan software adicional o conocimiento t\u00e9cnico especializado.<\/p>\n<p>Una de las ventajas clave de incorporar la biblioteca de medios WP Sheet Editor en su sitio web es su amplia gama de caracter\u00edsticas que ahorran el tiempo que ayudan en gran medida a los usuarios a administrar y optimizar eficientemente su biblioteca de medios. Estos incluyen la capacidad de realizar tareas de edici\u00f3n a granel, capacidades de filtrado avanzado, as\u00ed como opciones de clasificaci\u00f3n integrales. Al hacer uso de estas potentes herramientas, los usuarios pueden manejar sin esfuerzo grandes vol\u00famenes de archivos multimedia, independientemente de si est\u00e1n operando un sitio web peque\u00f1o o una plataforma significativamente m\u00e1s grande y m\u00e1s pesada de contenido.<\/p>\n<p>No se debe subestimar la importancia de la biblioteca de medios del editor de la hoja de WP para simplificar la compleja tarea de la gesti\u00f3n de los medios. Esta herramienta indispensable est\u00e1 dise\u00f1ada espec\u00edficamente para simplificar y acelerar el proceso, mejorando significativamente el flujo de trabajo general. Es un componente esencial para cualquier individuo u organizaci\u00f3n que busque mejorar sus capacidades de gesti\u00f3n de medios y optimizar su proceso de gesti\u00f3n de contenido.<\/p>\n<ul>\n<li>Administrar y editar archivos de WordPress Media sin esfuerzo directamente desde una interfaz de hoja de c\u00e1lculo<\/li>\n<li>Filtrar y buscar r\u00e1pidamente archivos multimedia por nombre de archivo, fecha, tama\u00f1o y m\u00e1s<\/li>\n<li>Arrastre y suelte los archivos para cargar y mover a trav\u00e9s de carpetas<\/li>\n<li>Cambios de sincronizaci\u00f3n realizados en la hoja de c\u00e1lculo a su biblioteca de medios de WordPress en tiempo real<\/li>\n<li>Actualizar f\u00e1cilmente la informaci\u00f3n del archivo de medios, como t\u00edtulos, descripciones y texto alternativo.<\/li>\n<li>Archivos multimedia de referencia cruzados a publicaciones y p\u00e1ginas con el generador de c\u00f3digo corto incluido<\/li>\n<li>Ahorre tiempo y racionalice su proceso de gesti\u00f3n de medios con la biblioteca de medios WP Sheet Editor.<\/li>\n<\/ul>\n","protected":false},"excerpt":{"rendered":"<p>WP Sheet Editor Media Library es un complemento muy robusto y formidable, lo que le permite manejar y supervisar sin problemas y supervisar su biblioteca de medios de WordPress directamente desde el editor de la hoja de c\u00e1lculo. Gracias a la implementaci\u00f3n de este complemento, ahora tiene la capacidad de filtrar, clasificar y buscar convenientemente sus archivos multimedia con la mayor facilidad y competencia, al tiempo que puede ejecutar modificaciones masivas a sus metadatos y atributos. Ya sea que sus requisitos espec\u00edficos implicen el ajuste de los tama\u00f1os de imagen, la actualizaci\u00f3n de las etiquetas alternativas o incluso la organizaci\u00f3n de sus archivos en carpetas perfectamente estructuradas, tenga la seguridad de que la biblioteca de medios del editor de la hoja de WP lo ha cubierto completamente. Se despiden de la mano de obra manual ardua y que lleva mucho tiempo que tradicionalmente acompa\u00f1a a la gesti\u00f3n de los medios, y dice un saludo rotundo a una nueva era de gesti\u00f3n de medios simplificada, perfecta y altamente eficiente.<\/p>\n","protected":false},"featured_media":168454,"comment_status":"open","ping_status":"open","template":"","meta":[],"product_brand":[2637],"product_cat":[1214,1206,1211],"product_tag":[1566],"class_list":{"0":"post-120090","1":"product","2":"type-product","3":"status-publish","4":"has-post-thumbnail","6":"product_brand-wp-sheet-editor","7":"product_cat-personalizacion","8":"product_cat-plugins","9":"product_cat-wordpress-plugins","10":"product_tag-wp-sheet-editor","11":"member-discount","12":"discount-restricted","14":"first","15":"instock","16":"sale","17":"downloadable","18":"virtual","19":"sold-individually","20":"purchasable","21":"product-type-simple"},"_links":{"self":[{"href":"https:\/\/gpl-love.com\/es\/wp-json\/wp\/v2\/product\/120090","targetHints":{"allow":["GET"]}}],"collection":[{"href":"https:\/\/gpl-love.com\/es\/wp-json\/wp\/v2\/product"}],"about":[{"href":"https:\/\/gpl-love.com\/es\/wp-json\/wp\/v2\/types\/product"}],"replies":[{"embeddable":true,"href":"https:\/\/gpl-love.com\/es\/wp-json\/wp\/v2\/comments?post=120090"}],"wp:featuredmedia":[{"embeddable":true,"href":"https:\/\/gpl-love.com\/es\/wp-json\/wp\/v2\/media\/168454"}],"wp:attachment":[{"href":"https:\/\/gpl-love.com\/es\/wp-json\/wp\/v2\/media?parent=120090"}],"wp:term":[{"taxonomy":"product_brand","embeddable":true,"href":"https:\/\/gpl-love.com\/es\/wp-json\/wp\/v2\/product_brand?post=120090"},{"taxonomy":"product_cat","embeddable":true,"href":"https:\/\/gpl-love.com\/es\/wp-json\/wp\/v2\/product_cat?post=120090"},{"taxonomy":"product_tag","embeddable":true,"href":"https:\/\/gpl-love.com\/es\/wp-json\/wp\/v2\/product_tag?post=120090"}],"curies":[{"name":"wp","href":"https:\/\/api.w.org\/{rel}","templated":true}]}}