{"id":120089,"date":"2026-03-02T00:00:00","date_gmt":"2026-03-02T05:00:00","guid":{"rendered":"https:\/\/gpl-love.com\/es\/?post_type=product&#038;p=120089"},"modified":"2026-03-09T07:46:00","modified_gmt":"2026-03-09T12:46:00","slug":"learndash-lms-bbpress-integration-add-on","status":"publish","type":"product","link":"https:\/\/gpl-love.com\/es\/producto\/learndash-lms-bbpress-integration-add-on\/","title":{"rendered":"LearnDash LMS BBPress Integration Add-on 2.2.5"},"content":{"rendered":"<h3>LearnDash LMS BBPress Integration Add-on Caracteristicas<\/h3>\n<p>El complemento de integraci\u00f3n BBPress LMSDASH LMS es una herramienta excepcionalmente poderosa que ofrece la integraci\u00f3n perfecta de su LearsDash LMS con BBPress, un complemento de foro extremadamente popular dise\u00f1ado para WordPress. Al utilizar este complemento, tiene la capacidad de establecer sin esfuerzo una comunidad vibrante centrada en sus cursos, promoviendo as\u00ed la participaci\u00f3n activa de los estudiantes que pueden participar f\u00e1cilmente en discusiones perspicaces e intercambiar su conocimiento acumulado. El proceso de integraci\u00f3n en s\u00ed es notablemente directo y facilita la gesti\u00f3n conveniente de sus foros y cursos, ya que pueden supervisarse sin esfuerzo desde un solo tablero unificado. Adem\u00e1s, posee la capacidad de controlar meticulosamente el acceso a estos foros al otorgar selectivamente la entrada \u00fanicamente a cursos o grupos espec\u00edficos de alumnos, asegurando as\u00ed que solo las personas m\u00e1s merecedoras tengan el privilegio de participar en estas discusiones. En consecuencia, si usted es un individuo que aspira a mejorar el entorno de aprendizaje electr\u00f3nico que ofrece fomentando una comunidad de alumnos din\u00e1mico y comprometido, entonces este complemento sirve como una soluci\u00f3n ideal para usted.<\/p>\n<ul>\n<li>Integre perfectamente dos plataformas potentes: LearnDash LMS y BBPress<\/li>\n<li>Permitir a los usuarios crear y administrar f\u00e1cilmente foros de discusi\u00f3n dentro de los cursos de LearnDash<\/li>\n<li>Habilitar discusiones sobre contenido, tareas o cuestionarios espec\u00edficos del curso<\/li>\n<li>Fomentar el aprendizaje colaborativo y el compromiso entre estudiantes e instructores<\/li>\n<li>Proceso de configuraci\u00f3n intuitivo con instrucciones paso a paso<\/li>\n<li>Configuraci\u00f3n personalizable para la visualizaci\u00f3n del foro, la moderaci\u00f3n posterior y las notificaciones<\/li>\n<li>Rastree la actividad del usuario y la participaci\u00f3n del foro en LearnDash Reports<\/li>\n<li>Compatible con complementos populares como LearnDash Course Grid y LearnDash Course Points<\/li>\n<li>Actualizado continuamente y respaldado por un equipo de desarrollo dedicado<\/li>\n<\/ul>\n","protected":false},"excerpt":{"rendered":"<p>El complemento de integraci\u00f3n BBPress de LearnDash LMS, una herramienta incre\u00edblemente poderosa, integra perfectamente la plataforma LearnDash con BBPress, proporcion\u00e1ndole la capacidad de crear cursos y comunidades en l\u00ednea sin esfuerzo. Al utilizar este complemento excepcional, puede establecer sin esfuerzo foros, grupos de discusi\u00f3n y tableros de mensajes dentro de sus cursos en l\u00ednea, todos los cuales pueden administrarse sin esfuerzo desde el mismo tablero. Al permitir que los estudiantes interact\u00faen entre s\u00ed, planteen investigaciones e intercambiar ideas, el proceso de aprendizaje se vuelve significativamente m\u00e1s cautivador e interactivo. Este complemento rico en funciones es exclusivamente personalizable y f\u00e1cil de usar, lo que garantiza que sus actividades de construcci\u00f3n de la comunidad y su curso en l\u00ednea se alineen con precisi\u00f3n con sus requisitos espec\u00edficos. \u00a1Emb\u00e1rcate en un viaje de funcionalidad mejorada y un mayor compromiso al incorporar el notable complemento de integraci\u00f3n de LearsDash LMS BBPress en tus esfuerzos educativos!<\/p>\n","protected":false},"featured_media":166577,"comment_status":"open","ping_status":"open","template":"","meta":[],"product_brand":[2483],"product_cat":[1214,1206,1211],"product_tag":[1320],"class_list":{"0":"post-120089","1":"product","2":"type-product","3":"status-publish","4":"has-post-thumbnail","6":"product_brand-learndash","7":"product_cat-personalizacion","8":"product_cat-plugins","9":"product_cat-wordpress-plugins","10":"product_tag-learndash","11":"member-discount","12":"discount-restricted","14":"first","15":"instock","16":"sale","17":"downloadable","18":"virtual","19":"sold-individually","20":"purchasable","21":"product-type-simple"},"_links":{"self":[{"href":"https:\/\/gpl-love.com\/es\/wp-json\/wp\/v2\/product\/120089","targetHints":{"allow":["GET"]}}],"collection":[{"href":"https:\/\/gpl-love.com\/es\/wp-json\/wp\/v2\/product"}],"about":[{"href":"https:\/\/gpl-love.com\/es\/wp-json\/wp\/v2\/types\/product"}],"replies":[{"embeddable":true,"href":"https:\/\/gpl-love.com\/es\/wp-json\/wp\/v2\/comments?post=120089"}],"wp:featuredmedia":[{"embeddable":true,"href":"https:\/\/gpl-love.com\/es\/wp-json\/wp\/v2\/media\/166577"}],"wp:attachment":[{"href":"https:\/\/gpl-love.com\/es\/wp-json\/wp\/v2\/media?parent=120089"}],"wp:term":[{"taxonomy":"product_brand","embeddable":true,"href":"https:\/\/gpl-love.com\/es\/wp-json\/wp\/v2\/product_brand?post=120089"},{"taxonomy":"product_cat","embeddable":true,"href":"https:\/\/gpl-love.com\/es\/wp-json\/wp\/v2\/product_cat?post=120089"},{"taxonomy":"product_tag","embeddable":true,"href":"https:\/\/gpl-love.com\/es\/wp-json\/wp\/v2\/product_tag?post=120089"}],"curies":[{"name":"wp","href":"https:\/\/api.w.org\/{rel}","templated":true}]}}