{"id":120087,"date":"2025-02-17T00:00:00","date_gmt":"2025-02-17T05:00:00","guid":{"rendered":"https:\/\/gpl-love.com\/es\/?post_type=product&#038;p=120087"},"modified":"2026-04-10T11:28:25","modified_gmt":"2026-04-10T16:28:25","slug":"themify-woocommerce-product-filter","status":"publish","type":"product","link":"https:\/\/gpl-love.com\/es\/producto\/themify-woocommerce-product-filter\/","title":{"rendered":"Themify WooCommerce Product Filter 1.5.3"},"content":{"rendered":"<h3>Themify WooCommerce Product Filter Caracteristicas<\/h3>\n<p>Themify WooCommerce Product Filter es un complemento extremadamente potente que ha sido meticulosamente elaborado para aumentar la experiencia de compra de los propietarios de tiendas en l\u00ednea y sus consumidores. Al aprovechar este notable complemento, los consumidores pueden filtrar sin problemas y sin esfuerzo a trav\u00e9s de una mir\u00edada de productos, empleando una variedad diversa de criterios que abarcan el precio, el tama\u00f1o, el color, la categor\u00eda y una variedad de otras variables. Adem\u00e1s, este complemento cuenta con una interfaz de usuario dise\u00f1ada intuitivamente, reforzada por un extenso repertorio de opciones de personalizaci\u00f3n que capacitan a los propietarios de tiendas para adaptar impecablemente el filtro a sus preferencias idiosincr\u00e1ticas y requisitos espec\u00edficos. En consecuencia, esta soluci\u00f3n innovadora evita efectivamente la ardua tarea de desplazarse infinitamente a trav\u00e9s de p\u00e1ginas sobre p\u00e1ginas de productos en busca del elemento deseado. En esencia, la utilizaci\u00f3n del filtro de productos de WooCommerce WooCommerce mejora sustancialmente la accesibilidad general y la facilidad de uso de su tienda en l\u00ednea, lo que genera un aumento sustancial tanto en las ventas como en la satisfacci\u00f3n del cliente.<\/p>\n<ul>\n<li>Agrega la funcionalidad de filtrado de productos a los sitios web de WooCommerce<\/li>\n<li>Incluye m\u00faltiples tipos de filtros, como rango de precios, categor\u00edas de productos y grupos de atributos.<\/li>\n<li>Permite a los clientes encontrar y clasificar f\u00e1cilmente los productos en funci\u00f3n de sus necesidades espec\u00edficas.<\/li>\n<li>Se puede personalizar para que coincida con el dise\u00f1o y la marca del sitio web<\/li>\n<li>Compatible con todos los temas de Themify y tambi\u00e9n funciona con temas que no son de Themify<\/li>\n<li>Admite selecciones de filtros simples y m\u00faltiples<\/li>\n<li>Proporciona filtrado en vivo, para que los clientes puedan ver cambios de productos en tiempo real<\/li>\n<li>Ofrece opciones de shortcode y widget para una f\u00e1cil colocaci\u00f3n en el sitio web<\/li>\n<li>Incluye una interfaz f\u00e1cil de usar que es f\u00e1cil de navegar tanto para clientes como para administradores de sitios web<\/li>\n<li>Mejora la experiencia general de compra, mejorando la satisfacci\u00f3n del cliente y potencialmente aumentando las ventas.<\/li>\n<\/ul>\n","protected":false},"excerpt":{"rendered":"<p>El filtro de productos WooCommerce Themify surge como un recurso indispensable para todos los propietarios de las tiendas de WooCommerce. Est\u00e1 meticulosamente elaborado para ayudar a los compradores potenciales a localizar productos que se alinean con precisi\u00f3n con sus requisitos distintivos. Este notable complemento otorga a los usuarios un sistema de filtro que no solo es personalizable, sino que tambi\u00e9n abarca una variedad de opciones de filtro, desde rango de precios hasta categor\u00edas de productos, etiquetas y m\u00e1s all\u00e1. Con su interfaz notablemente f\u00e1cil de usar y la conveniencia adicional del filtrado en tiempo real, los consumidores pueden refinar sin problemas sus consultas de b\u00fasqueda y desenterrar r\u00e1pidamente los productos que cumplen con sus deseos con la mayor facilidad y eficiencia. Adem\u00e1s, el potencial de esta herramienta extraordinaria se magnifica a\u00fan m\u00e1s a trav\u00e9s de su capacidad para dise\u00f1ar un n\u00famero ilimitado de filtros y adaptarlos de acuerdo con la est\u00e9tica de su sitio web, fortaleciendo as\u00ed su eficacia para aumentar las ventas y reforzar la experiencia general del usuario en su plataforma de comercio electr\u00f3nico.<\/p>\n","protected":false},"featured_media":167799,"comment_status":"open","ping_status":"open","template":"","meta":[],"product_brand":[2578],"product_cat":[1207,1248,1206],"product_tag":[1400],"class_list":{"0":"post-120087","1":"product","2":"type-product","3":"status-publish","4":"has-post-thumbnail","6":"product_brand-themify","7":"product_cat-comercio-electronico-plugins","8":"product_cat-personalizacion-comercio-electronico-plugins","9":"product_cat-plugins","10":"product_tag-themify","11":"member-discount","12":"discount-restricted","14":"first","15":"instock","16":"sale","17":"downloadable","18":"virtual","19":"sold-individually","20":"purchasable","21":"product-type-simple"},"_links":{"self":[{"href":"https:\/\/gpl-love.com\/es\/wp-json\/wp\/v2\/product\/120087","targetHints":{"allow":["GET"]}}],"collection":[{"href":"https:\/\/gpl-love.com\/es\/wp-json\/wp\/v2\/product"}],"about":[{"href":"https:\/\/gpl-love.com\/es\/wp-json\/wp\/v2\/types\/product"}],"replies":[{"embeddable":true,"href":"https:\/\/gpl-love.com\/es\/wp-json\/wp\/v2\/comments?post=120087"}],"wp:featuredmedia":[{"embeddable":true,"href":"https:\/\/gpl-love.com\/es\/wp-json\/wp\/v2\/media\/167799"}],"wp:attachment":[{"href":"https:\/\/gpl-love.com\/es\/wp-json\/wp\/v2\/media?parent=120087"}],"wp:term":[{"taxonomy":"product_brand","embeddable":true,"href":"https:\/\/gpl-love.com\/es\/wp-json\/wp\/v2\/product_brand?post=120087"},{"taxonomy":"product_cat","embeddable":true,"href":"https:\/\/gpl-love.com\/es\/wp-json\/wp\/v2\/product_cat?post=120087"},{"taxonomy":"product_tag","embeddable":true,"href":"https:\/\/gpl-love.com\/es\/wp-json\/wp\/v2\/product_tag?post=120087"}],"curies":[{"name":"wp","href":"https:\/\/api.w.org\/{rel}","templated":true}]}}