{"id":120021,"date":"2026-03-06T00:00:00","date_gmt":"2026-03-06T05:00:00","guid":{"rendered":"https:\/\/gpl-love.com\/es\/?post_type=product&#038;p=120021"},"modified":"2026-03-09T07:19:18","modified_gmt":"2026-03-09T12:19:18","slug":"automatorwp-restrict-content-pro","status":"publish","type":"product","link":"https:\/\/gpl-love.com\/es\/producto\/automatorwp-restrict-content-pro\/","title":{"rendered":"AutomatorWP Restrict Content Pro 1.1.3"},"content":{"rendered":"<h3>AutomatorWP Restrict Content Pro Caracteristicas<\/h3>\n<p>AutomatorWP restringe el contenido Pro presenta una soluci\u00f3n formidable para los propietarios de sitios web que poseen el deseo de entregar contenido exclusivo a sus suscriptores. Mediante este notable complemento, se le otorga la capacidad de limitar sin esfuerzo el acceso a p\u00e1ginas o publicaciones espec\u00edficas que dependen de los niveles de membres\u00eda, duraci\u00f3n de la suscripci\u00f3n o roles de usuario. En consecuencia, la creaci\u00f3n de un sitio de membres\u00eda o la implementaci\u00f3n de contenido cerrado que \u00fanicamente brinda admisi\u00f3n a miembros pagos o ciertos usuarios se convierte en un esfuerzo factible. Adem\u00e1s, este complemento se integra perfectamente con AutomatorWP, lo que permite la automatizaci\u00f3n de una variedad de tareas relacionadas con la gesti\u00f3n de membres\u00eda, que abarca la transmisi\u00f3n de correos electr\u00f3nicos de bienvenida, la facilitaci\u00f3n de actualizaciones o rebajas en las membres\u00edas y la emisi\u00f3n de notificaciones a los usuarios con respecto a las renovaciones de renovaciones prolongadas . La utilizaci\u00f3n de AutomatorWP restringe el contenido que lo equipa esencialmente con las herramientas necesarias para monetizar sin esfuerzo su contenido, aumentar el compromiso y fomentar la formaci\u00f3n de una comunidad firme que comprende suscriptores leales.<\/p>\n<ul>\n<li>Restringe el acceso al contenido a los miembros pagos que utilizan contenido Pro y AutomatorWP<\/li>\n<li>F\u00e1cil de configurar sin requerir ninguna experiencia de codificaci\u00f3n<\/li>\n<li>Cree reglas de automatizaci\u00f3n para otorgar o revocar el acceso a contenido restringido basado en desencadenantes, como el registro del usuario, el historial de compras o los cambios en el nivel de membres\u00eda<\/li>\n<li>Personalice los mensajes que se muestran a los no miembros o miembros que no tienen acceso a contenido espec\u00edfico<\/li>\n<li>Obtenga informes y estad\u00edsticas detallados para rastrear la actividad del usuario, el consumo de contenido e ingresos<\/li>\n<li>Compatible con otras extensiones y complementos de restricci\u00f3n de contenido Pro y AutomatorWP<\/li>\n<li>Proporciona una experiencia de usuario perfecta y segura para los miembros pagos<\/li>\n<li>Mejora de compromiso y retenci\u00f3n para miembros pagos al ofrecer acceso exclusivo a contenido valioso.<\/li>\n<\/ul>\n","protected":false},"excerpt":{"rendered":"<p>AutomatorWP Restrict Content Pro es una herramienta poderosa dise\u00f1ada para mejorar la funcionalidad de su sitio web. Este software lo ayuda a restringir el contenido, lo que le permite controlar qui\u00e9n puede acceder a partes espec\u00edficas de su sitio web. Con su interfaz f\u00e1cil de usar, AutomatorWP restringe el contenido Pro le permite crear flujos de trabajo automatizados que agilizan sus operaciones y ahorren tiempo. Puede restringir el acceso en funci\u00f3n del rol de usuario, el nivel de membres\u00eda o el usuario espec\u00edfico, brind\u00e1ndole flexibilidad y control. Adem\u00e1s, esta herramienta se integra perfectamente con otros complementos y servicios, elevando a\u00fan m\u00e1s su utilidad. Con AutomatorWP Restrict Content Pro, puede proteger su valioso contenido, proporcionar acceso exclusivo a los miembros y automatizar las funciones de su sitio web de manera eficiente. Es una soluci\u00f3n vers\u00e1til que ofrece una gran cantidad de beneficios para los propietarios y operadores de sitios web.<\/p>\n","protected":false},"featured_media":165426,"comment_status":"open","ping_status":"open","template":"","meta":[],"product_brand":[2368],"product_cat":[1212,1206,1211],"product_tag":[2210],"class_list":{"0":"post-120021","1":"product","2":"type-product","3":"status-publish","4":"has-post-thumbnail","6":"product_brand-automatorwp","7":"product_cat-administracion-wordpress-plugins","8":"product_cat-plugins","9":"product_cat-wordpress-plugins","10":"product_tag-automatorwp","11":"member-discount","12":"discount-restricted","14":"first","15":"instock","16":"sale","17":"downloadable","18":"virtual","19":"sold-individually","20":"purchasable","21":"product-type-simple"},"_links":{"self":[{"href":"https:\/\/gpl-love.com\/es\/wp-json\/wp\/v2\/product\/120021","targetHints":{"allow":["GET"]}}],"collection":[{"href":"https:\/\/gpl-love.com\/es\/wp-json\/wp\/v2\/product"}],"about":[{"href":"https:\/\/gpl-love.com\/es\/wp-json\/wp\/v2\/types\/product"}],"replies":[{"embeddable":true,"href":"https:\/\/gpl-love.com\/es\/wp-json\/wp\/v2\/comments?post=120021"}],"wp:featuredmedia":[{"embeddable":true,"href":"https:\/\/gpl-love.com\/es\/wp-json\/wp\/v2\/media\/165426"}],"wp:attachment":[{"href":"https:\/\/gpl-love.com\/es\/wp-json\/wp\/v2\/media?parent=120021"}],"wp:term":[{"taxonomy":"product_brand","embeddable":true,"href":"https:\/\/gpl-love.com\/es\/wp-json\/wp\/v2\/product_brand?post=120021"},{"taxonomy":"product_cat","embeddable":true,"href":"https:\/\/gpl-love.com\/es\/wp-json\/wp\/v2\/product_cat?post=120021"},{"taxonomy":"product_tag","embeddable":true,"href":"https:\/\/gpl-love.com\/es\/wp-json\/wp\/v2\/product_tag?post=120021"}],"curies":[{"name":"wp","href":"https:\/\/api.w.org\/{rel}","templated":true}]}}